{"id":36794,"date":"2026-02-27T00:36:00","date_gmt":"2026-02-27T00:36:00","guid":{"rendered":"https:\/\/nordicmart.andreevmaster.com\/product\/jooga-kultainen-koristefiguuri-42721y2\/"},"modified":"2026-02-27T09:53:24","modified_gmt":"2026-02-27T09:53:24","slug":"jooga-kultainen-koristefiguuri-42721y2","status":"publish","type":"product","link":"https:\/\/nordicmart.andreevmaster.com\/fi\/tuote\/jooga-kultainen-koristefiguuri-42721y2\/","title":{"rendered":"Jooga &#8211; kultainen koristefiguuri &#8211; 42721Y2"},"content":{"rendered":"<p>Jooga &#8211; kultainen koriste-esine &#8211; 42721Y2&nbsp;&nbsp;Kultainen jooga-esine &#8211; tyylik\u00e4s lahja joogan yst\u00e4v\u00e4lle. Herkk\u00e4 esine, joka kuvaa naista jooga-asennossa, on t\u00e4ydellinen koriste mihin tahansa sisustukseen.&nbsp;Esine, joka kuvaa naista jooga-asennossa, ei ole vain kaunis lis\u00e4varuste, vaan my\u00f6s kehon ja mielen tasapainon symboli. Etsitk\u00f6 lahjaa joogaa rakastavalle henkil\u00f6lle? T\u00e4m\u00e4 tyylik\u00e4s figuuri ilahduttaa h\u00e4nt\u00e4 varmasti.&nbsp;&nbsp;Tuotetiedot:&nbsp;Mitat: 12,8 x 6,5 x 15,8 cmMateriaali: polyresiiniv\u00e4ri: kultainenTyyli: moderni, glamour&nbsp;<\/p>\n","protected":false},"excerpt":{"rendered":"<p>Jooga &#8211; kultainen koriste-esine &#8211; 42721Y2&nbsp;&nbsp;Kultainen jooga-esine &#8211; tyylik\u00e4s lahja joogan yst\u00e4v\u00e4lle. Herkk\u00e4 esine, joka kuvaa naista jooga-asennossa, on t\u00e4ydellinen koriste mihin tahansa sisustukseen.&nbsp;Esine, joka kuvaa naista jooga-asennossa, ei ole vain kaunis lis\u00e4varuste, vaan my\u00f6s kehon ja mielen tasapainon symboli. Etsitk\u00f6 lahjaa joogaa rakastavalle henkil\u00f6lle? T\u00e4m\u00e4 tyylik\u00e4s figuuri ilahduttaa h\u00e4nt\u00e4 varmasti.&nbsp;&nbsp;Tuotetiedot:&nbsp;Mitat: 12,8 x 6,5 x [&hellip;]<\/p>\n","protected":false},"featured_media":44972,"comment_status":"open","ping_status":"closed","template":"","meta":[],"product_brand":[],"product_cat":[32],"product_tag":[],"class_list":{"0":"post-36794","1":"product","2":"type-product","3":"status-publish","4":"has-post-thumbnail","6":"product_cat-uncategorized-fi","8":"first","9":"instock","10":"shipping-taxable","11":"purchasable","12":"product-type-simple"},"_links":{"self":[{"href":"https:\/\/nordicmart.andreevmaster.com\/fi\/wp-json\/wp\/v2\/product\/36794","targetHints":{"allow":["GET"]}}],"collection":[{"href":"https:\/\/nordicmart.andreevmaster.com\/fi\/wp-json\/wp\/v2\/product"}],"about":[{"href":"https:\/\/nordicmart.andreevmaster.com\/fi\/wp-json\/wp\/v2\/types\/product"}],"replies":[{"embeddable":true,"href":"https:\/\/nordicmart.andreevmaster.com\/fi\/wp-json\/wp\/v2\/comments?post=36794"}],"wp:featuredmedia":[{"embeddable":true,"href":"https:\/\/nordicmart.andreevmaster.com\/fi\/wp-json\/wp\/v2\/media\/44972"}],"wp:attachment":[{"href":"https:\/\/nordicmart.andreevmaster.com\/fi\/wp-json\/wp\/v2\/media?parent=36794"}],"wp:term":[{"taxonomy":"product_brand","embeddable":true,"href":"https:\/\/nordicmart.andreevmaster.com\/fi\/wp-json\/wp\/v2\/product_brand?post=36794"},{"taxonomy":"product_cat","embeddable":true,"href":"https:\/\/nordicmart.andreevmaster.com\/fi\/wp-json\/wp\/v2\/product_cat?post=36794"},{"taxonomy":"product_tag","embeddable":true,"href":"https:\/\/nordicmart.andreevmaster.com\/fi\/wp-json\/wp\/v2\/product_tag?post=36794"}],"curies":[{"name":"wp","href":"https:\/\/api.w.org\/{rel}","templated":true}]}}