{"id":36793,"date":"2026-02-27T00:36:00","date_gmt":"2026-02-27T00:36:00","guid":{"rendered":"https:\/\/nordicmart.andreevmaster.com\/product\/onnea-tuova-elefantti-koriste-esine-43679\/"},"modified":"2026-02-27T09:53:24","modified_gmt":"2026-02-27T09:53:24","slug":"onnea-tuova-elefantti-koriste-esine-43679","status":"publish","type":"product","link":"https:\/\/nordicmart.andreevmaster.com\/fi\/tuote\/onnea-tuova-elefantti-koriste-esine-43679\/","title":{"rendered":"Onnea tuova elefantti &#8211; koriste-esine &#8211; 43679"},"content":{"rendered":"<p>Onnea tuova elefantti &#8211; koriste-esine &#8211; 43679&nbsp;&nbsp;Elefantti-koriste-esine &#8211; lis\u00e4 sisustukseesi. T\u00e4m\u00e4 kiilt\u00e4v\u00e4, kullanv\u00e4rinen elefantti-koriste-esine on t\u00e4ydellinen koriste hyllylle, lipastolle tai ty\u00f6p\u00f6yd\u00e4lle.&nbsp;Elegantti elefantti-koriste-esine on onnen ja vaurauden symboli. Ihanteellinen pieni lahja tai moderni koriste. &nbsp;Monien maiden kulttuurissa elefantti on viisauden, voiman ja onnen symboli. Yl\u00f6s nostettu k\u00e4rs\u00e4 korostaa veistoksen merkityst\u00e4 entisest\u00e4\u00e4n symboloiden iloa ja menestyst\u00e4. Uskomusten mukaan yl\u00f6s nostetulla k\u00e4rs\u00e4ll\u00e4 varustettu elefantti h\u00e4lvent\u00e4\u00e4 negatiivista energiaa ja houkuttelee onnea ja vaurautta kotiin.&nbsp;&nbsp;Tuotetiedot:&nbsp;Mitat: 22,1 x 9,5 x 12,9 cmMateriaali: polyresiiniv\u00e4ri: kultainenTyyli: moderni, glamour&nbsp;<\/p>\n","protected":false},"excerpt":{"rendered":"<p>Onnea tuova elefantti &#8211; koriste-esine &#8211; 43679&nbsp;&nbsp;Elefantti-koriste-esine &#8211; lis\u00e4 sisustukseesi. T\u00e4m\u00e4 kiilt\u00e4v\u00e4, kullanv\u00e4rinen elefantti-koriste-esine on t\u00e4ydellinen koriste hyllylle, lipastolle tai ty\u00f6p\u00f6yd\u00e4lle.&nbsp;Elegantti elefantti-koriste-esine on onnen ja vaurauden symboli. Ihanteellinen pieni lahja tai moderni koriste. &nbsp;Monien maiden kulttuurissa elefantti on viisauden, voiman ja onnen symboli. Yl\u00f6s nostettu k\u00e4rs\u00e4 korostaa veistoksen merkityst\u00e4 entisest\u00e4\u00e4n symboloiden iloa ja menestyst\u00e4. Uskomusten [&hellip;]<\/p>\n","protected":false},"featured_media":44971,"comment_status":"open","ping_status":"closed","template":"","meta":[],"product_brand":[],"product_cat":[32],"product_tag":[],"class_list":{"0":"post-36793","1":"product","2":"type-product","3":"status-publish","4":"has-post-thumbnail","6":"product_cat-uncategorized-fi","8":"first","9":"instock","10":"shipping-taxable","11":"purchasable","12":"product-type-simple"},"_links":{"self":[{"href":"https:\/\/nordicmart.andreevmaster.com\/fi\/wp-json\/wp\/v2\/product\/36793","targetHints":{"allow":["GET"]}}],"collection":[{"href":"https:\/\/nordicmart.andreevmaster.com\/fi\/wp-json\/wp\/v2\/product"}],"about":[{"href":"https:\/\/nordicmart.andreevmaster.com\/fi\/wp-json\/wp\/v2\/types\/product"}],"replies":[{"embeddable":true,"href":"https:\/\/nordicmart.andreevmaster.com\/fi\/wp-json\/wp\/v2\/comments?post=36793"}],"wp:featuredmedia":[{"embeddable":true,"href":"https:\/\/nordicmart.andreevmaster.com\/fi\/wp-json\/wp\/v2\/media\/44971"}],"wp:attachment":[{"href":"https:\/\/nordicmart.andreevmaster.com\/fi\/wp-json\/wp\/v2\/media?parent=36793"}],"wp:term":[{"taxonomy":"product_brand","embeddable":true,"href":"https:\/\/nordicmart.andreevmaster.com\/fi\/wp-json\/wp\/v2\/product_brand?post=36793"},{"taxonomy":"product_cat","embeddable":true,"href":"https:\/\/nordicmart.andreevmaster.com\/fi\/wp-json\/wp\/v2\/product_cat?post=36793"},{"taxonomy":"product_tag","embeddable":true,"href":"https:\/\/nordicmart.andreevmaster.com\/fi\/wp-json\/wp\/v2\/product_tag?post=36793"}],"curies":[{"name":"wp","href":"https:\/\/api.w.org\/{rel}","templated":true}]}}