{"id":36792,"date":"2026-02-27T00:36:00","date_gmt":"2026-02-27T00:36:00","guid":{"rendered":"https:\/\/nordicmart.andreevmaster.com\/product\/koristeellinen-figuuri-sydansymboli-44190fj\/"},"modified":"2026-02-27T09:53:24","modified_gmt":"2026-02-27T09:53:24","slug":"koristeellinen-figuuri-sydansymboli-44190fj","status":"publish","type":"product","link":"https:\/\/nordicmart.andreevmaster.com\/fi\/tuote\/koristeellinen-figuuri-sydansymboli-44190fj\/","title":{"rendered":"Koristeellinen figuuri &#8211; Syd\u00e4nsymboli &#8211; 44190FJ."},"content":{"rendered":"<p>Koristeellinen figuuri &#8211; Syd\u00e4nsymboli &#8211; 44190FJ&nbsp;&nbsp;Figuuri Syd\u00e4n k\u00e4siss\u00e4 &#8211; tyylik\u00e4s lis\u00e4 sisustukseesi. Kultaisessa figuurissa k\u00e4det on j\u00e4rjestetty syd\u00e4men muotoon, joka on ajaton rakkauden ja yst\u00e4vyyden symboli. Ihanteellinen moderniin sisustukseen. Kultaisen v\u00e4rins\u00e4 ja tyylikk\u00e4\u00e4n syd\u00e4men muodonsa ansiosta se sopii t\u00e4ydellisesti olohuoneen, makuuhuoneen tai toimiston koristeeksi.&nbsp;&nbsp;Tuotetiedot:&nbsp;Mitat: 12,8 x 7,6 x 16,4 cmMateriaali: polyresiiniv\u00e4ri: kultaTyyli: moderni, glamour&nbsp;<\/p>\n","protected":false},"excerpt":{"rendered":"<p>Koristeellinen figuuri &#8211; Syd\u00e4nsymboli &#8211; 44190FJ&nbsp;&nbsp;Figuuri Syd\u00e4n k\u00e4siss\u00e4 &#8211; tyylik\u00e4s lis\u00e4 sisustukseesi. Kultaisessa figuurissa k\u00e4det on j\u00e4rjestetty syd\u00e4men muotoon, joka on ajaton rakkauden ja yst\u00e4vyyden symboli. Ihanteellinen moderniin sisustukseen. Kultaisen v\u00e4rins\u00e4 ja tyylikk\u00e4\u00e4n syd\u00e4men muodonsa ansiosta se sopii t\u00e4ydellisesti olohuoneen, makuuhuoneen tai toimiston koristeeksi.&nbsp;&nbsp;Tuotetiedot:&nbsp;Mitat: 12,8 x 7,6 x 16,4 cmMateriaali: polyresiiniv\u00e4ri: kultaTyyli: moderni, glamour&nbsp;<\/p>\n","protected":false},"featured_media":44970,"comment_status":"open","ping_status":"closed","template":"","meta":[],"product_brand":[],"product_cat":[32],"product_tag":[],"class_list":{"0":"post-36792","1":"product","2":"type-product","3":"status-publish","4":"has-post-thumbnail","6":"product_cat-uncategorized-fi","8":"first","9":"instock","10":"shipping-taxable","11":"purchasable","12":"product-type-simple"},"_links":{"self":[{"href":"https:\/\/nordicmart.andreevmaster.com\/fi\/wp-json\/wp\/v2\/product\/36792","targetHints":{"allow":["GET"]}}],"collection":[{"href":"https:\/\/nordicmart.andreevmaster.com\/fi\/wp-json\/wp\/v2\/product"}],"about":[{"href":"https:\/\/nordicmart.andreevmaster.com\/fi\/wp-json\/wp\/v2\/types\/product"}],"replies":[{"embeddable":true,"href":"https:\/\/nordicmart.andreevmaster.com\/fi\/wp-json\/wp\/v2\/comments?post=36792"}],"wp:featuredmedia":[{"embeddable":true,"href":"https:\/\/nordicmart.andreevmaster.com\/fi\/wp-json\/wp\/v2\/media\/44970"}],"wp:attachment":[{"href":"https:\/\/nordicmart.andreevmaster.com\/fi\/wp-json\/wp\/v2\/media?parent=36792"}],"wp:term":[{"taxonomy":"product_brand","embeddable":true,"href":"https:\/\/nordicmart.andreevmaster.com\/fi\/wp-json\/wp\/v2\/product_brand?post=36792"},{"taxonomy":"product_cat","embeddable":true,"href":"https:\/\/nordicmart.andreevmaster.com\/fi\/wp-json\/wp\/v2\/product_cat?post=36792"},{"taxonomy":"product_tag","embeddable":true,"href":"https:\/\/nordicmart.andreevmaster.com\/fi\/wp-json\/wp\/v2\/product_tag?post=36792"}],"curies":[{"name":"wp","href":"https:\/\/api.w.org\/{rel}","templated":true}]}}