{"id":36791,"date":"2026-02-27T00:36:00","date_gmt":"2026-02-27T00:36:00","guid":{"rendered":"https:\/\/nordicmart.andreevmaster.com\/product\/glamour-koriste-linnut-44186fjz\/"},"modified":"2026-02-27T09:53:23","modified_gmt":"2026-02-27T09:53:23","slug":"glamour-koriste-linnut-44186fjz","status":"publish","type":"product","link":"https:\/\/nordicmart.andreevmaster.com\/fi\/tuote\/glamour-koriste-linnut-44186fjz\/","title":{"rendered":"Glamour-koriste \u2013 Linnut \u2013 44186FJZ"},"content":{"rendered":"<p>Koriste &#8211; Linnut &#8211; 44186FJZ&nbsp;&nbsp;5 kultaista lintua &#8211; hienovarainen koriste moderniin sisustukseen. Viisi kultaista lintua mustalla pohjalla el\u00e4v\u00f6itt\u00e4v\u00e4t mit\u00e4 tahansa tilaa. Valmistettu kest\u00e4v\u00e4st\u00e4 polyresiinist\u00e4. T\u00e4m\u00e4 pieni mutta silmiinpist\u00e4v\u00e4 koriste tuo luonnetta mihin tahansa sisustukseen.&nbsp;&nbsp;Tuotetiedot:&nbsp;Mitat: 17 x 8 x 25,5 cmMateriaali: polyresiiniv\u00e4ri: kulta, mustaTyyli: moderni, minimalistinen<\/p>\n","protected":false},"excerpt":{"rendered":"<p>Koriste &#8211; Linnut &#8211; 44186FJZ&nbsp;&nbsp;5 kultaista lintua &#8211; hienovarainen koriste moderniin sisustukseen. Viisi kultaista lintua mustalla pohjalla el\u00e4v\u00f6itt\u00e4v\u00e4t mit\u00e4 tahansa tilaa. Valmistettu kest\u00e4v\u00e4st\u00e4 polyresiinist\u00e4. T\u00e4m\u00e4 pieni mutta silmiinpist\u00e4v\u00e4 koriste tuo luonnetta mihin tahansa sisustukseen.&nbsp;&nbsp;Tuotetiedot:&nbsp;Mitat: 17 x 8 x 25,5 cmMateriaali: polyresiiniv\u00e4ri: kulta, mustaTyyli: moderni, minimalistinen<\/p>\n","protected":false},"featured_media":44969,"comment_status":"open","ping_status":"closed","template":"","meta":[],"product_brand":[],"product_cat":[32],"product_tag":[],"class_list":{"0":"post-36791","1":"product","2":"type-product","3":"status-publish","4":"has-post-thumbnail","6":"product_cat-uncategorized-fi","8":"first","9":"instock","10":"shipping-taxable","11":"purchasable","12":"product-type-simple"},"_links":{"self":[{"href":"https:\/\/nordicmart.andreevmaster.com\/fi\/wp-json\/wp\/v2\/product\/36791","targetHints":{"allow":["GET"]}}],"collection":[{"href":"https:\/\/nordicmart.andreevmaster.com\/fi\/wp-json\/wp\/v2\/product"}],"about":[{"href":"https:\/\/nordicmart.andreevmaster.com\/fi\/wp-json\/wp\/v2\/types\/product"}],"replies":[{"embeddable":true,"href":"https:\/\/nordicmart.andreevmaster.com\/fi\/wp-json\/wp\/v2\/comments?post=36791"}],"wp:featuredmedia":[{"embeddable":true,"href":"https:\/\/nordicmart.andreevmaster.com\/fi\/wp-json\/wp\/v2\/media\/44969"}],"wp:attachment":[{"href":"https:\/\/nordicmart.andreevmaster.com\/fi\/wp-json\/wp\/v2\/media?parent=36791"}],"wp:term":[{"taxonomy":"product_brand","embeddable":true,"href":"https:\/\/nordicmart.andreevmaster.com\/fi\/wp-json\/wp\/v2\/product_brand?post=36791"},{"taxonomy":"product_cat","embeddable":true,"href":"https:\/\/nordicmart.andreevmaster.com\/fi\/wp-json\/wp\/v2\/product_cat?post=36791"},{"taxonomy":"product_tag","embeddable":true,"href":"https:\/\/nordicmart.andreevmaster.com\/fi\/wp-json\/wp\/v2\/product_tag?post=36791"}],"curies":[{"name":"wp","href":"https:\/\/api.w.org\/{rel}","templated":true}]}}