{"id":36790,"date":"2026-02-27T00:35:59","date_gmt":"2026-02-27T00:35:59","guid":{"rendered":"https:\/\/nordicmart.andreevmaster.com\/product\/metallinen-ankkuri-merellinen-koriste-20-cm-n-2988\/"},"modified":"2026-02-27T09:53:23","modified_gmt":"2026-02-27T09:53:23","slug":"metallinen-ankkuri-merellinen-koriste-20-cm-n-2988","status":"publish","type":"product","link":"https:\/\/nordicmart.andreevmaster.com\/fi\/tuote\/metallinen-ankkuri-merellinen-koriste-20-cm-n-2988\/","title":{"rendered":"Metallinen ankkuri &#8211; Merellinen koriste &#8211; 20 cm &#8211; N-2988"},"content":{"rendered":"<p>Metallinen ankkuri &#8211; Merellinen koriste &#8211; 20 cm &#8211; N-2988&nbsp;&nbsp;Merellinen luonne&nbsp;&nbsp;Ankkuri on ihanteellinen koriste-elementti merihenkisesti sisustettuihin tiloihin. Sopii erinomaisesti toimistoon, olohuoneeseen, makuuhuoneeseen, lastenhuoneeseen sek\u00e4 merihenkiseen ravintolaan tai baariin.&nbsp;&nbsp;T\u00e4ydellinen lahja meren yst\u00e4ville&nbsp;&nbsp;Metallinen ankkuri on my\u00f6s t\u00e4ydellinen lahja kaikille meren ja purjehduksen yst\u00e4ville. Se voi olla sek\u00e4 k\u00e4yt\u00e4nn\u00f6llinen lahja ett\u00e4 symbolinen ele, joka ilmaisee toiveita turvallisuudesta ja onnellisuudesta matkoilla.&nbsp;&nbsp;Tuotetiedot:&nbsp;Korkeus: 20 cmMateriaali: MetalliHopeanv\u00e4rinenMerihenkinen koriste, lahja merimiehelleTyyli: Merihenkinen&nbsp;&nbsp;Ankkuri \u2013 turvallisuuden ja toivon symboli&nbsp;Ankkuri on vuosisatojen ajan symboloinut turvallisuutta, toivoa ja vakautta. Merentutkimuksessa se on yksi t\u00e4rkeimmist\u00e4 symboleista, joka merkitsee varmaa jalansijaa ja paluuta kotiin. &nbsp;<\/p>\n","protected":false},"excerpt":{"rendered":"<p>Metallinen ankkuri &#8211; Merellinen koriste &#8211; 20 cm &#8211; N-2988&nbsp;&nbsp;Merellinen luonne&nbsp;&nbsp;Ankkuri on ihanteellinen koriste-elementti merihenkisesti sisustettuihin tiloihin. Sopii erinomaisesti toimistoon, olohuoneeseen, makuuhuoneeseen, lastenhuoneeseen sek\u00e4 merihenkiseen ravintolaan tai baariin.&nbsp;&nbsp;T\u00e4ydellinen lahja meren yst\u00e4ville&nbsp;&nbsp;Metallinen ankkuri on my\u00f6s t\u00e4ydellinen lahja kaikille meren ja purjehduksen yst\u00e4ville. Se voi olla sek\u00e4 k\u00e4yt\u00e4nn\u00f6llinen lahja ett\u00e4 symbolinen ele, joka ilmaisee toiveita turvallisuudesta ja [&hellip;]<\/p>\n","protected":false},"featured_media":44968,"comment_status":"open","ping_status":"closed","template":"","meta":[],"product_brand":[],"product_cat":[32],"product_tag":[],"class_list":{"0":"post-36790","1":"product","2":"type-product","3":"status-publish","4":"has-post-thumbnail","6":"product_cat-uncategorized-fi","8":"first","9":"instock","10":"shipping-taxable","11":"purchasable","12":"product-type-simple"},"_links":{"self":[{"href":"https:\/\/nordicmart.andreevmaster.com\/fi\/wp-json\/wp\/v2\/product\/36790","targetHints":{"allow":["GET"]}}],"collection":[{"href":"https:\/\/nordicmart.andreevmaster.com\/fi\/wp-json\/wp\/v2\/product"}],"about":[{"href":"https:\/\/nordicmart.andreevmaster.com\/fi\/wp-json\/wp\/v2\/types\/product"}],"replies":[{"embeddable":true,"href":"https:\/\/nordicmart.andreevmaster.com\/fi\/wp-json\/wp\/v2\/comments?post=36790"}],"wp:featuredmedia":[{"embeddable":true,"href":"https:\/\/nordicmart.andreevmaster.com\/fi\/wp-json\/wp\/v2\/media\/44968"}],"wp:attachment":[{"href":"https:\/\/nordicmart.andreevmaster.com\/fi\/wp-json\/wp\/v2\/media?parent=36790"}],"wp:term":[{"taxonomy":"product_brand","embeddable":true,"href":"https:\/\/nordicmart.andreevmaster.com\/fi\/wp-json\/wp\/v2\/product_brand?post=36790"},{"taxonomy":"product_cat","embeddable":true,"href":"https:\/\/nordicmart.andreevmaster.com\/fi\/wp-json\/wp\/v2\/product_cat?post=36790"},{"taxonomy":"product_tag","embeddable":true,"href":"https:\/\/nordicmart.andreevmaster.com\/fi\/wp-json\/wp\/v2\/product_tag?post=36790"}],"curies":[{"name":"wp","href":"https:\/\/api.w.org\/{rel}","templated":true}]}}