{"id":36789,"date":"2026-02-27T00:35:59","date_gmt":"2026-02-27T00:35:59","guid":{"rendered":"https:\/\/nordicmart.andreevmaster.com\/product\/metallinen-ankkuri-koriste-20-cm-n-1595\/"},"modified":"2026-02-27T09:53:23","modified_gmt":"2026-02-27T09:53:23","slug":"metallinen-ankkuri-koriste-20-cm-n-1595","status":"publish","type":"product","link":"https:\/\/nordicmart.andreevmaster.com\/fi\/tuote\/metallinen-ankkuri-koriste-20-cm-n-1595\/","title":{"rendered":"Metallinen ankkuri &#8211; Koriste &#8211; 20 cm &#8211; N-1595"},"content":{"rendered":"<p>Metallinen ankkuri &#8211; Koriste &#8211; 20 cm &#8211; N-1595Etsitk\u00f6 tyylik\u00e4st\u00e4 ja ainutlaatuista koristetta sisustukseesi? Valitse metallinen ankkuri, joka tuo tilaan merellisen tunnelman.&nbsp;Ankkuri on ajaton koriste-elementti, joka sopii t\u00e4ydellisesti eri tyylill\u00e4 sisustettuihin tiloihin. Se on t\u00e4ydellinen lis\u00e4 merelliseen sisustukseen, mutta el\u00e4v\u00f6itt\u00e4\u00e4 my\u00f6s kolonialistista tai modernia sisustusta. Se on my\u00f6s t\u00e4ydellinen lahjaidea merimiehille.&nbsp;&nbsp;Tuotetiedot:&nbsp;Korkeus: 20 cmMateriaali: MetalliHopeanv\u00e4rinenT\u00e4ydellinen lahja: meren yst\u00e4ville, merimiehille, tyylikk\u00e4it\u00e4 koristeita arvostaville ihmisilleTyyli: merellinen, kolonialistinen, moderni&nbsp;Ankkuri \u2013 turvallisuuden ja vakauden symboli&nbsp;Ankkuri on ollut vuosisatojen ajan turvallisuuden ja vakauden symboli. Se yhdistet\u00e4\u00e4n mereen, purjehdukseen ja matkustamiseen. Metallinen ankkuri on t\u00e4ydellinen tapa tuoda merellinen tunnelma sisustukseesi.&nbsp;<\/p>\n","protected":false},"excerpt":{"rendered":"<p>Metallinen ankkuri &#8211; Koriste &#8211; 20 cm &#8211; N-1595Etsitk\u00f6 tyylik\u00e4st\u00e4 ja ainutlaatuista koristetta sisustukseesi? Valitse metallinen ankkuri, joka tuo tilaan merellisen tunnelman.&nbsp;Ankkuri on ajaton koriste-elementti, joka sopii t\u00e4ydellisesti eri tyylill\u00e4 sisustettuihin tiloihin. Se on t\u00e4ydellinen lis\u00e4 merelliseen sisustukseen, mutta el\u00e4v\u00f6itt\u00e4\u00e4 my\u00f6s kolonialistista tai modernia sisustusta. Se on my\u00f6s t\u00e4ydellinen lahjaidea merimiehille.&nbsp;&nbsp;Tuotetiedot:&nbsp;Korkeus: 20 cmMateriaali: MetalliHopeanv\u00e4rinenT\u00e4ydellinen lahja: [&hellip;]<\/p>\n","protected":false},"featured_media":44967,"comment_status":"open","ping_status":"closed","template":"","meta":[],"product_brand":[],"product_cat":[32],"product_tag":[],"class_list":{"0":"post-36789","1":"product","2":"type-product","3":"status-publish","4":"has-post-thumbnail","6":"product_cat-uncategorized-fi","8":"first","9":"instock","10":"shipping-taxable","11":"purchasable","12":"product-type-simple"},"_links":{"self":[{"href":"https:\/\/nordicmart.andreevmaster.com\/fi\/wp-json\/wp\/v2\/product\/36789","targetHints":{"allow":["GET"]}}],"collection":[{"href":"https:\/\/nordicmart.andreevmaster.com\/fi\/wp-json\/wp\/v2\/product"}],"about":[{"href":"https:\/\/nordicmart.andreevmaster.com\/fi\/wp-json\/wp\/v2\/types\/product"}],"replies":[{"embeddable":true,"href":"https:\/\/nordicmart.andreevmaster.com\/fi\/wp-json\/wp\/v2\/comments?post=36789"}],"wp:featuredmedia":[{"embeddable":true,"href":"https:\/\/nordicmart.andreevmaster.com\/fi\/wp-json\/wp\/v2\/media\/44967"}],"wp:attachment":[{"href":"https:\/\/nordicmart.andreevmaster.com\/fi\/wp-json\/wp\/v2\/media?parent=36789"}],"wp:term":[{"taxonomy":"product_brand","embeddable":true,"href":"https:\/\/nordicmart.andreevmaster.com\/fi\/wp-json\/wp\/v2\/product_brand?post=36789"},{"taxonomy":"product_cat","embeddable":true,"href":"https:\/\/nordicmart.andreevmaster.com\/fi\/wp-json\/wp\/v2\/product_cat?post=36789"},{"taxonomy":"product_tag","embeddable":true,"href":"https:\/\/nordicmart.andreevmaster.com\/fi\/wp-json\/wp\/v2\/product_tag?post=36789"}],"curies":[{"name":"wp","href":"https:\/\/api.w.org\/{rel}","templated":true}]}}