{"id":36788,"date":"2026-02-27T00:35:59","date_gmt":"2026-02-27T00:35:59","guid":{"rendered":"https:\/\/nordicmart.andreevmaster.com\/product\/maailmanpyora-koriste-fw\/"},"modified":"2026-02-27T09:53:23","modified_gmt":"2026-02-27T09:53:23","slug":"maailmanpyora-koriste-fw","status":"publish","type":"product","link":"https:\/\/nordicmart.andreevmaster.com\/fi\/tuote\/maailmanpyora-koriste-fw\/","title":{"rendered":"Maailmanpy\u00f6r\u00e4 &#8211; koriste &#8211; FW"},"content":{"rendered":"<p>Maailmanpy\u00f6r\u00e4 &#8211; koriste&nbsp;&nbsp;&nbsp;Alkuper\u00e4inen koriste maailmanpy\u00f6r\u00e4n muodossa. Sopii erinomaisesti p\u00f6yd\u00e4n tai lipaston koristeeksi tyylikk\u00e4\u00e4seen toimistoon tai olohuoneeseen. Se sopii hyvin loft-tyylisiin tai moderneihin huoneisiin.&nbsp;&nbsp;Tuotetiedot:&nbsp;Mitat: 20 x 8,5 x 23 cmMateriaali: metalliV\u00e4ri: ruskea \/ kupari&nbsp;<\/p>\n","protected":false},"excerpt":{"rendered":"<p>Maailmanpy\u00f6r\u00e4 &#8211; koriste&nbsp;&nbsp;&nbsp;Alkuper\u00e4inen koriste maailmanpy\u00f6r\u00e4n muodossa. Sopii erinomaisesti p\u00f6yd\u00e4n tai lipaston koristeeksi tyylikk\u00e4\u00e4seen toimistoon tai olohuoneeseen. Se sopii hyvin loft-tyylisiin tai moderneihin huoneisiin.&nbsp;&nbsp;Tuotetiedot:&nbsp;Mitat: 20 x 8,5 x 23 cmMateriaali: metalliV\u00e4ri: ruskea \/ kupari&nbsp;<\/p>\n","protected":false},"featured_media":44966,"comment_status":"open","ping_status":"closed","template":"","meta":[],"product_brand":[],"product_cat":[32],"product_tag":[],"class_list":{"0":"post-36788","1":"product","2":"type-product","3":"status-publish","4":"has-post-thumbnail","6":"product_cat-uncategorized-fi","8":"first","9":"instock","10":"shipping-taxable","11":"purchasable","12":"product-type-simple"},"_links":{"self":[{"href":"https:\/\/nordicmart.andreevmaster.com\/fi\/wp-json\/wp\/v2\/product\/36788","targetHints":{"allow":["GET"]}}],"collection":[{"href":"https:\/\/nordicmart.andreevmaster.com\/fi\/wp-json\/wp\/v2\/product"}],"about":[{"href":"https:\/\/nordicmart.andreevmaster.com\/fi\/wp-json\/wp\/v2\/types\/product"}],"replies":[{"embeddable":true,"href":"https:\/\/nordicmart.andreevmaster.com\/fi\/wp-json\/wp\/v2\/comments?post=36788"}],"wp:featuredmedia":[{"embeddable":true,"href":"https:\/\/nordicmart.andreevmaster.com\/fi\/wp-json\/wp\/v2\/media\/44966"}],"wp:attachment":[{"href":"https:\/\/nordicmart.andreevmaster.com\/fi\/wp-json\/wp\/v2\/media?parent=36788"}],"wp:term":[{"taxonomy":"product_brand","embeddable":true,"href":"https:\/\/nordicmart.andreevmaster.com\/fi\/wp-json\/wp\/v2\/product_brand?post=36788"},{"taxonomy":"product_cat","embeddable":true,"href":"https:\/\/nordicmart.andreevmaster.com\/fi\/wp-json\/wp\/v2\/product_cat?post=36788"},{"taxonomy":"product_tag","embeddable":true,"href":"https:\/\/nordicmart.andreevmaster.com\/fi\/wp-json\/wp\/v2\/product_tag?post=36788"}],"curies":[{"name":"wp","href":"https:\/\/api.w.org\/{rel}","templated":true}]}}