{"id":36787,"date":"2026-02-27T00:35:58","date_gmt":"2026-02-27T00:35:58","guid":{"rendered":"https:\/\/nordicmart.andreevmaster.com\/product\/pelastusrengas-seinakoriste-rs35k-l\/"},"modified":"2026-02-27T09:53:23","modified_gmt":"2026-02-27T09:53:23","slug":"pelastusrengas-seinakoriste-rs35k-l","status":"publish","type":"product","link":"https:\/\/nordicmart.andreevmaster.com\/fi\/tuote\/pelastusrengas-seinakoriste-rs35k-l\/","title":{"rendered":"Pelastusrengas &#8211; sein\u00e4koriste &#8211; RS35K-L"},"content":{"rendered":"<p>Pelastusrengas &#8211; sein\u00e4koriste &#8211; RS35K-L&nbsp;&nbsp;Pelastusrengas &#8211; merihenkinen sein\u00e4koriste, joka tuo huoneeseen ripauksen merellist\u00e4 tunnelmaa. &nbsp;Pelastusrengas on valmistettu styroksista ja p\u00e4\u00e4llystetty kermanv\u00e4risell\u00e4 ja tummansinisell\u00e4 kankaalla, jota koristaa puuvillak\u00f6ysi. Se n\u00e4ytt\u00e4\u00e4 aidolta pelastusrenkaalta, mutta on pienempi. Se on my\u00f6s ihanteellinen koriste mihin tahansa sisustukseen. Se voi tuoda merellist\u00e4 tunnelmaa olohuoneeseen, makuuhuoneeseen tai jopa toimistoon. Py\u00f6r\u00e4 sopii erinomaisesti sek\u00e4 moderneihin ett\u00e4 klassisiin sisustuksiin. Pelastusrengas on t\u00e4ydellinen lahja kaikille, jotka rakastavat merta ja purjehdusta. Tuotetiedot: Mitat: 35 x 5,2 x 37 cm Materiaali: kangas (ulkopuoli), kangas, styroksi. &nbsp;<\/p>\n","protected":false},"excerpt":{"rendered":"<p>Pelastusrengas &#8211; sein\u00e4koriste &#8211; RS35K-L&nbsp;&nbsp;Pelastusrengas &#8211; merihenkinen sein\u00e4koriste, joka tuo huoneeseen ripauksen merellist\u00e4 tunnelmaa. &nbsp;Pelastusrengas on valmistettu styroksista ja p\u00e4\u00e4llystetty kermanv\u00e4risell\u00e4 ja tummansinisell\u00e4 kankaalla, jota koristaa puuvillak\u00f6ysi. Se n\u00e4ytt\u00e4\u00e4 aidolta pelastusrenkaalta, mutta on pienempi. Se on my\u00f6s ihanteellinen koriste mihin tahansa sisustukseen. Se voi tuoda merellist\u00e4 tunnelmaa olohuoneeseen, makuuhuoneeseen tai jopa toimistoon. Py\u00f6r\u00e4 sopii erinomaisesti [&hellip;]<\/p>\n","protected":false},"featured_media":44965,"comment_status":"open","ping_status":"closed","template":"","meta":[],"product_brand":[],"product_cat":[32],"product_tag":[],"class_list":{"0":"post-36787","1":"product","2":"type-product","3":"status-publish","4":"has-post-thumbnail","6":"product_cat-uncategorized-fi","8":"first","9":"instock","10":"shipping-taxable","11":"purchasable","12":"product-type-simple"},"_links":{"self":[{"href":"https:\/\/nordicmart.andreevmaster.com\/fi\/wp-json\/wp\/v2\/product\/36787","targetHints":{"allow":["GET"]}}],"collection":[{"href":"https:\/\/nordicmart.andreevmaster.com\/fi\/wp-json\/wp\/v2\/product"}],"about":[{"href":"https:\/\/nordicmart.andreevmaster.com\/fi\/wp-json\/wp\/v2\/types\/product"}],"replies":[{"embeddable":true,"href":"https:\/\/nordicmart.andreevmaster.com\/fi\/wp-json\/wp\/v2\/comments?post=36787"}],"wp:featuredmedia":[{"embeddable":true,"href":"https:\/\/nordicmart.andreevmaster.com\/fi\/wp-json\/wp\/v2\/media\/44965"}],"wp:attachment":[{"href":"https:\/\/nordicmart.andreevmaster.com\/fi\/wp-json\/wp\/v2\/media?parent=36787"}],"wp:term":[{"taxonomy":"product_brand","embeddable":true,"href":"https:\/\/nordicmart.andreevmaster.com\/fi\/wp-json\/wp\/v2\/product_brand?post=36787"},{"taxonomy":"product_cat","embeddable":true,"href":"https:\/\/nordicmart.andreevmaster.com\/fi\/wp-json\/wp\/v2\/product_cat?post=36787"},{"taxonomy":"product_tag","embeddable":true,"href":"https:\/\/nordicmart.andreevmaster.com\/fi\/wp-json\/wp\/v2\/product_tag?post=36787"}],"curies":[{"name":"wp","href":"https:\/\/api.w.org\/{rel}","templated":true}]}}