{"id":36786,"date":"2026-02-27T00:35:58","date_gmt":"2026-02-27T00:35:58","guid":{"rendered":"https:\/\/nordicmart.andreevmaster.com\/product\/koristeellinen-oljylamppu-dt245f\/"},"modified":"2026-02-27T09:53:22","modified_gmt":"2026-02-27T09:53:22","slug":"koristeellinen-oljylamppu-dt245f","status":"publish","type":"product","link":"https:\/\/nordicmart.andreevmaster.com\/fi\/tuote\/koristeellinen-oljylamppu-dt245f\/","title":{"rendered":"Koristeellinen \u00f6ljylamppu &#8211; DT245F"},"content":{"rendered":"<p>Koristeellinen \u00f6ljylamppu &#8211; DT245F&nbsp;&nbsp;Koristeellinen, tyylik\u00e4s \u00f6ljylamppu. Merihenkinen lamppu valaisee iltaisin puutarhassa ja luo merellisiin tarinoihin sopivan tunnelman. Lamppu tuo merellist\u00e4 tunnelmaa my\u00f6s merihenkisiin huoneisiin. &nbsp;Aiemmin \u00f6ljylamput valaisivat laivojen kansia, mik\u00e4 helpotti y\u00f6ll\u00e4 purjehtimista ja aluksen ja sen kurssin tunnistamista. Merihenkinen lamppu on symboli onnellisesta saapumisesta satamaan ja vetoaa veneenomistajiin ja merimiehiin.&nbsp;&nbsp;Tuotetiedot:&nbsp;Mitat: 11,5 x 9,5 x 19 cmMateriaali: lasi, metallilevy&nbsp;<\/p>\n","protected":false},"excerpt":{"rendered":"<p>Koristeellinen \u00f6ljylamppu &#8211; DT245F&nbsp;&nbsp;Koristeellinen, tyylik\u00e4s \u00f6ljylamppu. Merihenkinen lamppu valaisee iltaisin puutarhassa ja luo merellisiin tarinoihin sopivan tunnelman. Lamppu tuo merellist\u00e4 tunnelmaa my\u00f6s merihenkisiin huoneisiin. &nbsp;Aiemmin \u00f6ljylamput valaisivat laivojen kansia, mik\u00e4 helpotti y\u00f6ll\u00e4 purjehtimista ja aluksen ja sen kurssin tunnistamista. Merihenkinen lamppu on symboli onnellisesta saapumisesta satamaan ja vetoaa veneenomistajiin ja merimiehiin.&nbsp;&nbsp;Tuotetiedot:&nbsp;Mitat: 11,5 x 9,5 x [&hellip;]<\/p>\n","protected":false},"featured_media":46684,"comment_status":"open","ping_status":"closed","template":"","meta":[],"product_brand":[],"product_cat":[32],"product_tag":[],"class_list":{"0":"post-36786","1":"product","2":"type-product","3":"status-publish","4":"has-post-thumbnail","6":"product_cat-uncategorized-fi","8":"first","9":"instock","10":"shipping-taxable","11":"purchasable","12":"product-type-simple"},"_links":{"self":[{"href":"https:\/\/nordicmart.andreevmaster.com\/fi\/wp-json\/wp\/v2\/product\/36786","targetHints":{"allow":["GET"]}}],"collection":[{"href":"https:\/\/nordicmart.andreevmaster.com\/fi\/wp-json\/wp\/v2\/product"}],"about":[{"href":"https:\/\/nordicmart.andreevmaster.com\/fi\/wp-json\/wp\/v2\/types\/product"}],"replies":[{"embeddable":true,"href":"https:\/\/nordicmart.andreevmaster.com\/fi\/wp-json\/wp\/v2\/comments?post=36786"}],"wp:featuredmedia":[{"embeddable":true,"href":"https:\/\/nordicmart.andreevmaster.com\/fi\/wp-json\/wp\/v2\/media\/46684"}],"wp:attachment":[{"href":"https:\/\/nordicmart.andreevmaster.com\/fi\/wp-json\/wp\/v2\/media?parent=36786"}],"wp:term":[{"taxonomy":"product_brand","embeddable":true,"href":"https:\/\/nordicmart.andreevmaster.com\/fi\/wp-json\/wp\/v2\/product_brand?post=36786"},{"taxonomy":"product_cat","embeddable":true,"href":"https:\/\/nordicmart.andreevmaster.com\/fi\/wp-json\/wp\/v2\/product_cat?post=36786"},{"taxonomy":"product_tag","embeddable":true,"href":"https:\/\/nordicmart.andreevmaster.com\/fi\/wp-json\/wp\/v2\/product_tag?post=36786"}],"curies":[{"name":"wp","href":"https:\/\/api.w.org\/{rel}","templated":true}]}}