{"id":36785,"date":"2026-02-27T00:35:58","date_gmt":"2026-02-27T00:35:58","guid":{"rendered":"https:\/\/nordicmart.andreevmaster.com\/product\/atlantin-kuunari-malli-atl3\/"},"modified":"2026-02-27T09:53:22","modified_gmt":"2026-02-27T09:53:22","slug":"atlantin-kuunari-malli-atl3","status":"publish","type":"product","link":"https:\/\/nordicmart.andreevmaster.com\/fi\/tuote\/atlantin-kuunari-malli-atl3\/","title":{"rendered":"Atlantin kuunari -malli &#8211; ATL3"},"content":{"rendered":"<p>Atlantin kuunari -malli &#8211; ATL3&nbsp;&nbsp;T\u00e4m\u00e4 ainutlaatuinen 3-mastisen kuunarin malli on kopio kuuluisasta 1903 rakennetusta purjelaivasta Atlantic, joka vuonna 1905 saavutti kurssienn\u00e4tyksen New Yorkista Lontooseen kulkevassa transatlanttisessa purjehduskilpailussa.&nbsp;Malli on valmistettu puusta ja kankaasta, mik\u00e4 antaa sille aidon ilmeen ja takaa sen kest\u00e4vyyden. Puinen runko on huolellisesti viimeistelty ja lakattu, ja kangaspurjeet on ommeltu yksityiskohtia huolellisesti huomioon ottaen.&nbsp;&nbsp;Atlantin kuunari -malli on:&nbsp;Upea lahja purjehdusharrastajalle: Se ilahduttaa kaikkia, jotka rakastavat merta ja purjehdusta.Ainutlaatuinen sisustustuote: Se kiinnitt\u00e4\u00e4 huomion ja antaa huoneelle merellisen tunnelman.Laadukas ty\u00f6nj\u00e4lki: malli on valmistettu kest\u00e4vist\u00e4 materiaaleista. Tuotetiedot: Mitat: 52 x 46 x 10 cm Materiaali: puu, kangas<\/p>\n","protected":false},"excerpt":{"rendered":"<p>Atlantin kuunari -malli &#8211; ATL3&nbsp;&nbsp;T\u00e4m\u00e4 ainutlaatuinen 3-mastisen kuunarin malli on kopio kuuluisasta 1903 rakennetusta purjelaivasta Atlantic, joka vuonna 1905 saavutti kurssienn\u00e4tyksen New Yorkista Lontooseen kulkevassa transatlanttisessa purjehduskilpailussa.&nbsp;Malli on valmistettu puusta ja kankaasta, mik\u00e4 antaa sille aidon ilmeen ja takaa sen kest\u00e4vyyden. Puinen runko on huolellisesti viimeistelty ja lakattu, ja kangaspurjeet on ommeltu yksityiskohtia huolellisesti huomioon [&hellip;]<\/p>\n","protected":false},"featured_media":44964,"comment_status":"open","ping_status":"closed","template":"","meta":[],"product_brand":[],"product_cat":[32],"product_tag":[],"class_list":{"0":"post-36785","1":"product","2":"type-product","3":"status-publish","4":"has-post-thumbnail","6":"product_cat-uncategorized-fi","8":"first","9":"instock","10":"shipping-taxable","11":"purchasable","12":"product-type-simple"},"_links":{"self":[{"href":"https:\/\/nordicmart.andreevmaster.com\/fi\/wp-json\/wp\/v2\/product\/36785","targetHints":{"allow":["GET"]}}],"collection":[{"href":"https:\/\/nordicmart.andreevmaster.com\/fi\/wp-json\/wp\/v2\/product"}],"about":[{"href":"https:\/\/nordicmart.andreevmaster.com\/fi\/wp-json\/wp\/v2\/types\/product"}],"replies":[{"embeddable":true,"href":"https:\/\/nordicmart.andreevmaster.com\/fi\/wp-json\/wp\/v2\/comments?post=36785"}],"wp:featuredmedia":[{"embeddable":true,"href":"https:\/\/nordicmart.andreevmaster.com\/fi\/wp-json\/wp\/v2\/media\/44964"}],"wp:attachment":[{"href":"https:\/\/nordicmart.andreevmaster.com\/fi\/wp-json\/wp\/v2\/media?parent=36785"}],"wp:term":[{"taxonomy":"product_brand","embeddable":true,"href":"https:\/\/nordicmart.andreevmaster.com\/fi\/wp-json\/wp\/v2\/product_brand?post=36785"},{"taxonomy":"product_cat","embeddable":true,"href":"https:\/\/nordicmart.andreevmaster.com\/fi\/wp-json\/wp\/v2\/product_cat?post=36785"},{"taxonomy":"product_tag","embeddable":true,"href":"https:\/\/nordicmart.andreevmaster.com\/fi\/wp-json\/wp\/v2\/product_tag?post=36785"}],"curies":[{"name":"wp","href":"https:\/\/api.w.org\/{rel}","templated":true}]}}