{"id":36784,"date":"2026-02-27T00:35:57","date_gmt":"2026-02-27T00:35:57","guid":{"rendered":"https:\/\/nordicmart.andreevmaster.com\/product\/ainutlaatuinen-metallinen-korurasia-perhonen-b0782-00\/"},"modified":"2026-02-27T09:53:22","modified_gmt":"2026-02-27T09:53:22","slug":"ainutlaatuinen-metallinen-korurasia-perhonen-b0782-00","status":"publish","type":"product","link":"https:\/\/nordicmart.andreevmaster.com\/fi\/tuote\/ainutlaatuinen-metallinen-korurasia-perhonen-b0782-00\/","title":{"rendered":"Ainutlaatuinen metallinen korurasia &#8211; Perhonen &#8211; B0782-00"},"content":{"rendered":"<p>Ainutlaatuinen metallinen korurasia &#8211; Perhonen &#8211; B0782-00&nbsp;&nbsp;&nbsp;Elegantti rasia &#8211; perhosmuotoinen korurasia&nbsp;Perhosmuotoinen korurasia on yhdistelm\u00e4 eleganssia ja toiminnallisuutta. Kauniit pastelliv\u00e4rit ja rikkaat koristeet antavat sille tytt\u00f6m\u00e4isen luonteen ja tekev\u00e4t siit\u00e4 samalla ihanteellisen lahjaidean rakkaalle. Se sopii my\u00f6s erinomaisesti tyylikk\u00e4\u00e4ksi korujen s\u00e4ilytyspaikaksi.&nbsp;&nbsp;T\u00e4ydellinen lahja jokaiselle naiselle&nbsp;Perhosmuotoinen laatikko on t\u00e4ydellinen lahja jokaiselle naiselle, joka arvostaa kauneutta ja k\u00e4yt\u00e4nn\u00f6llisi\u00e4 ratkaisuja. Se on t\u00e4ydellinen paikka suosikkikorujesi s\u00e4ilytt\u00e4miseen ja samalla koristeeksi pukeutumisp\u00f6yd\u00e4llesi tai ty\u00f6p\u00f6yd\u00e4llesi. Ainutlaatuinen koriste-elementti Perhosmuotoinen korurasia on paitsi k\u00e4yt\u00e4nn\u00f6llinen ratkaisu, my\u00f6s ainutlaatuinen koriste-elementti. Herk\u00e4t kuviot ja pastelliv\u00e4rit sopivat t\u00e4ydellisesti mihin tahansa sisustukseen. Laadukkaat materiaalit ja tarkka valmistus takaavat, ett\u00e4 laatikko ilahduttaa silm\u00e4\u00e4 pitk\u00e4\u00e4n.&nbsp;&nbsp;Tuotetiedot:&nbsp;Mitat: 5,5 x 6,5 cmMateriaali: metalli (sinkki), emaliV\u00e4ri: vaaleanpunainen, kultainenKauniit pastelliv\u00e4rit&nbsp;<\/p>\n","protected":false},"excerpt":{"rendered":"<p>Ainutlaatuinen metallinen korurasia &#8211; Perhonen &#8211; B0782-00&nbsp;&nbsp;&nbsp;Elegantti rasia &#8211; perhosmuotoinen korurasia&nbsp;Perhosmuotoinen korurasia on yhdistelm\u00e4 eleganssia ja toiminnallisuutta. Kauniit pastelliv\u00e4rit ja rikkaat koristeet antavat sille tytt\u00f6m\u00e4isen luonteen ja tekev\u00e4t siit\u00e4 samalla ihanteellisen lahjaidean rakkaalle. Se sopii my\u00f6s erinomaisesti tyylikk\u00e4\u00e4ksi korujen s\u00e4ilytyspaikaksi.&nbsp;&nbsp;T\u00e4ydellinen lahja jokaiselle naiselle&nbsp;Perhosmuotoinen laatikko on t\u00e4ydellinen lahja jokaiselle naiselle, joka arvostaa kauneutta ja k\u00e4yt\u00e4nn\u00f6llisi\u00e4 ratkaisuja. [&hellip;]<\/p>\n","protected":false},"featured_media":44963,"comment_status":"open","ping_status":"closed","template":"","meta":[],"product_brand":[],"product_cat":[32],"product_tag":[],"class_list":{"0":"post-36784","1":"product","2":"type-product","3":"status-publish","4":"has-post-thumbnail","6":"product_cat-uncategorized-fi","8":"first","9":"instock","10":"shipping-taxable","11":"purchasable","12":"product-type-simple"},"_links":{"self":[{"href":"https:\/\/nordicmart.andreevmaster.com\/fi\/wp-json\/wp\/v2\/product\/36784","targetHints":{"allow":["GET"]}}],"collection":[{"href":"https:\/\/nordicmart.andreevmaster.com\/fi\/wp-json\/wp\/v2\/product"}],"about":[{"href":"https:\/\/nordicmart.andreevmaster.com\/fi\/wp-json\/wp\/v2\/types\/product"}],"replies":[{"embeddable":true,"href":"https:\/\/nordicmart.andreevmaster.com\/fi\/wp-json\/wp\/v2\/comments?post=36784"}],"wp:featuredmedia":[{"embeddable":true,"href":"https:\/\/nordicmart.andreevmaster.com\/fi\/wp-json\/wp\/v2\/media\/44963"}],"wp:attachment":[{"href":"https:\/\/nordicmart.andreevmaster.com\/fi\/wp-json\/wp\/v2\/media?parent=36784"}],"wp:term":[{"taxonomy":"product_brand","embeddable":true,"href":"https:\/\/nordicmart.andreevmaster.com\/fi\/wp-json\/wp\/v2\/product_brand?post=36784"},{"taxonomy":"product_cat","embeddable":true,"href":"https:\/\/nordicmart.andreevmaster.com\/fi\/wp-json\/wp\/v2\/product_cat?post=36784"},{"taxonomy":"product_tag","embeddable":true,"href":"https:\/\/nordicmart.andreevmaster.com\/fi\/wp-json\/wp\/v2\/product_tag?post=36784"}],"curies":[{"name":"wp","href":"https:\/\/api.w.org\/{rel}","templated":true}]}}