{"id":36783,"date":"2026-02-27T00:35:57","date_gmt":"2026-02-27T00:35:57","guid":{"rendered":"https:\/\/nordicmart.andreevmaster.com\/product\/ainutlaatuinen-metallinen-lahjapakkaus-kristalleilla-dragonfly-b0780-06\/"},"modified":"2026-02-27T09:53:22","modified_gmt":"2026-02-27T09:53:22","slug":"ainutlaatuinen-metallinen-lahjapakkaus-kristalleilla-dragonfly-b0780-06","status":"publish","type":"product","link":"https:\/\/nordicmart.andreevmaster.com\/fi\/tuote\/ainutlaatuinen-metallinen-lahjapakkaus-kristalleilla-dragonfly-b0780-06\/","title":{"rendered":"Ainutlaatuinen metallinen lahjapakkaus kristalleilla \u2013 Dragonfly \u2013 B0780-06"},"content":{"rendered":"<p>Ainutlaatuinen metallinen lahjapakkaus kristalleilla &#8211; Dragonfly &#8211; B0780-06&nbsp;&nbsp;&nbsp;Elegantti pakkaus kristalleilla &#8211; Dragonfly &#8211; t\u00e4ydellinen lahja tytt\u00f6m\u00e4iselle henkil\u00f6lle&nbsp;Rikkaasti koristeltu laatikko, jossa on kristalleja ja joka on muotoiltu sudenkorennoksi, on t\u00e4ydellinen valinta ajattomaksi lahjaksi. Kaunis muotoilu ja k\u00e4yt\u00e4nn\u00f6llinen s\u00e4ilytyspaikka koruille miellytt\u00e4v\u00e4t varmasti jokaista naista.&nbsp;&nbsp;Ainutlaatuinen koriste ty\u00f6p\u00f6yd\u00e4lle tai peilip\u00f6yd\u00e4lle&nbsp;Laatikko voi olla paitsi k\u00e4yt\u00e4nn\u00f6llinen s\u00e4ilytyspaikka koruille, my\u00f6s kaunis koriste ty\u00f6p\u00f6yd\u00e4lle tai peilip\u00f6yd\u00e4lle. Laadukkaista materiaaleista valmistettu ja kristalleilla koristeltu laatikko her\u00e4tt\u00e4\u00e4 varmasti huomiota ja antaa sisustukselle elegantin ilmeen.&nbsp;&nbsp;Tuotetiedot:&nbsp;Mitat: 5,5 x 6,5 cm Materiaali: kristalli, metalli (sinkki), emali V\u00e4ri: sininen, kulta, tummansininen Kaunis, kristalleilla koristeltu Tytt\u00f6m\u00e4inen, kauniit v\u00e4rit (pastellis\u00e4vyt)&nbsp;<\/p>\n","protected":false},"excerpt":{"rendered":"<p>Ainutlaatuinen metallinen lahjapakkaus kristalleilla &#8211; Dragonfly &#8211; B0780-06&nbsp;&nbsp;&nbsp;Elegantti pakkaus kristalleilla &#8211; Dragonfly &#8211; t\u00e4ydellinen lahja tytt\u00f6m\u00e4iselle henkil\u00f6lle&nbsp;Rikkaasti koristeltu laatikko, jossa on kristalleja ja joka on muotoiltu sudenkorennoksi, on t\u00e4ydellinen valinta ajattomaksi lahjaksi. Kaunis muotoilu ja k\u00e4yt\u00e4nn\u00f6llinen s\u00e4ilytyspaikka koruille miellytt\u00e4v\u00e4t varmasti jokaista naista.&nbsp;&nbsp;Ainutlaatuinen koriste ty\u00f6p\u00f6yd\u00e4lle tai peilip\u00f6yd\u00e4lle&nbsp;Laatikko voi olla paitsi k\u00e4yt\u00e4nn\u00f6llinen s\u00e4ilytyspaikka koruille, my\u00f6s kaunis koriste [&hellip;]<\/p>\n","protected":false},"featured_media":44962,"comment_status":"open","ping_status":"closed","template":"","meta":[],"product_brand":[],"product_cat":[32],"product_tag":[],"class_list":{"0":"post-36783","1":"product","2":"type-product","3":"status-publish","4":"has-post-thumbnail","6":"product_cat-uncategorized-fi","8":"first","9":"instock","10":"shipping-taxable","11":"purchasable","12":"product-type-simple"},"_links":{"self":[{"href":"https:\/\/nordicmart.andreevmaster.com\/fi\/wp-json\/wp\/v2\/product\/36783","targetHints":{"allow":["GET"]}}],"collection":[{"href":"https:\/\/nordicmart.andreevmaster.com\/fi\/wp-json\/wp\/v2\/product"}],"about":[{"href":"https:\/\/nordicmart.andreevmaster.com\/fi\/wp-json\/wp\/v2\/types\/product"}],"replies":[{"embeddable":true,"href":"https:\/\/nordicmart.andreevmaster.com\/fi\/wp-json\/wp\/v2\/comments?post=36783"}],"wp:featuredmedia":[{"embeddable":true,"href":"https:\/\/nordicmart.andreevmaster.com\/fi\/wp-json\/wp\/v2\/media\/44962"}],"wp:attachment":[{"href":"https:\/\/nordicmart.andreevmaster.com\/fi\/wp-json\/wp\/v2\/media?parent=36783"}],"wp:term":[{"taxonomy":"product_brand","embeddable":true,"href":"https:\/\/nordicmart.andreevmaster.com\/fi\/wp-json\/wp\/v2\/product_brand?post=36783"},{"taxonomy":"product_cat","embeddable":true,"href":"https:\/\/nordicmart.andreevmaster.com\/fi\/wp-json\/wp\/v2\/product_cat?post=36783"},{"taxonomy":"product_tag","embeddable":true,"href":"https:\/\/nordicmart.andreevmaster.com\/fi\/wp-json\/wp\/v2\/product_tag?post=36783"}],"curies":[{"name":"wp","href":"https:\/\/api.w.org\/{rel}","templated":true}]}}