{"id":36782,"date":"2026-02-27T00:35:57","date_gmt":"2026-02-27T00:35:57","guid":{"rendered":"https:\/\/nordicmart.andreevmaster.com\/product\/ylellinen-metallinen-lahjapakkaus-kristalleilla-faberge-muna-b0748-17-bl\/"},"modified":"2026-02-27T09:53:22","modified_gmt":"2026-02-27T09:53:22","slug":"ylellinen-metallinen-lahjapakkaus-kristalleilla-faberge-muna-b0748-17-bl","status":"publish","type":"product","link":"https:\/\/nordicmart.andreevmaster.com\/fi\/tuote\/ylellinen-metallinen-lahjapakkaus-kristalleilla-faberge-muna-b0748-17-bl\/","title":{"rendered":"Ylellinen metallinen lahjapakkaus kristalleilla &#8211; Faberg\u00e9-muna &#8211; B0748-17 BL"},"content":{"rendered":"<p>Ylellinen metallinen lahjapakkaus kristalleilla &#8211; Faberg&eacute;-muna &#8211; B0748-17 BL&nbsp;&nbsp;&nbsp;Elegantti pakkaus kristalleilla &#8211; Faberg&eacute;-muna&nbsp;Etsitk\u00f6 ainutlaatuista paikkaa korujen s\u00e4ilytt\u00e4miseen tai ainutlaatuista sisustuselementti\u00e4? Eksklusiivinen Faberg\u00e9n munanmuotoinen metallinen lahjapakkaus on t\u00e4ydellinen valinta eleganssin yst\u00e4ville. Faberg\u00e9n munat ovat pieni\u00e4, taidokkaasti valmistettuja korujen mestariteoksia, jotka nousivat kuuluisuuteen 1800-luvun lopulla. Ne tilattiin tsaari Aleksanteri III:n toimesta lahjaksi h\u00e4nen vaimolleen Maria Feodorovnalle, ja niist\u00e4 tuli vaurauden, ylellisyyden ja k\u00e4sity\u00f6taidon symboli. Ne ilahduttavat edelleen ker\u00e4ilij\u00f6it\u00e4 ymp\u00e4ri maailmaa. Faberg&eacute;-munan laatikko on t\u00e4ydellinen lahjaidea rakkaalle, joka arvostaa kauneutta ja ainutlaatuisuutta. Rikkaiden kristallikoristeiden, el\u00e4vien v\u00e4rien ja Faberg\u00e9n munan elegantin muodon yhdistelm\u00e4 tekee laatikosta paitsi k\u00e4yt\u00e4nn\u00f6llisen korujen s\u00e4ilytyspaikan my\u00f6s sisustuksen. Elegantti koriste-elementti: Faberg\u00e9n munanmuotoinen laatikko on eritt\u00e4in vaikuttava koriste-elementti, joka lis\u00e4\u00e4 eleganssia mihin tahansa sisustukseen.Laadukkaat kristallit ja monimutkaiset koristeet kimaltelevat kauniisti valossa, her\u00e4tt\u00e4v\u00e4t huomiota ja tuovat loistetta sisustukseen. Kompakti koko (5,5 x 6,5 cm) tekee laatikosta t\u00e4ydellisen koristeen ty\u00f6p\u00f6yd\u00e4lle, peilip\u00f6yd\u00e4lle, hyllylle tai lipastolle.Se on tyylik\u00e4s lis\u00e4 mihin tahansa sisustukseen, riippumatta sisustustyypist\u00e4.&nbsp;Tuotetiedot:&nbsp;Mitat: 5,5 x 6,5 cm Materiaali: kristalli, metalli (sinkki), emali V\u00e4ri: tummansininen ja kulta Kauniit, el\u00e4v\u00e4t v\u00e4rit Rikkaat koristeet kristalleilla&nbsp;<\/p>\n","protected":false},"excerpt":{"rendered":"<p>Ylellinen metallinen lahjapakkaus kristalleilla &#8211; Faberg&eacute;-muna &#8211; B0748-17 BL&nbsp;&nbsp;&nbsp;Elegantti pakkaus kristalleilla &#8211; Faberg&eacute;-muna&nbsp;Etsitk\u00f6 ainutlaatuista paikkaa korujen s\u00e4ilytt\u00e4miseen tai ainutlaatuista sisustuselementti\u00e4? Eksklusiivinen Faberg\u00e9n munanmuotoinen metallinen lahjapakkaus on t\u00e4ydellinen valinta eleganssin yst\u00e4ville. Faberg\u00e9n munat ovat pieni\u00e4, taidokkaasti valmistettuja korujen mestariteoksia, jotka nousivat kuuluisuuteen 1800-luvun lopulla. Ne tilattiin tsaari Aleksanteri III:n toimesta lahjaksi h\u00e4nen vaimolleen Maria Feodorovnalle, ja [&hellip;]<\/p>\n","protected":false},"featured_media":44961,"comment_status":"open","ping_status":"closed","template":"","meta":[],"product_brand":[],"product_cat":[32],"product_tag":[],"class_list":{"0":"post-36782","1":"product","2":"type-product","3":"status-publish","4":"has-post-thumbnail","6":"product_cat-uncategorized-fi","8":"first","9":"instock","10":"shipping-taxable","11":"purchasable","12":"product-type-simple"},"_links":{"self":[{"href":"https:\/\/nordicmart.andreevmaster.com\/fi\/wp-json\/wp\/v2\/product\/36782","targetHints":{"allow":["GET"]}}],"collection":[{"href":"https:\/\/nordicmart.andreevmaster.com\/fi\/wp-json\/wp\/v2\/product"}],"about":[{"href":"https:\/\/nordicmart.andreevmaster.com\/fi\/wp-json\/wp\/v2\/types\/product"}],"replies":[{"embeddable":true,"href":"https:\/\/nordicmart.andreevmaster.com\/fi\/wp-json\/wp\/v2\/comments?post=36782"}],"wp:featuredmedia":[{"embeddable":true,"href":"https:\/\/nordicmart.andreevmaster.com\/fi\/wp-json\/wp\/v2\/media\/44961"}],"wp:attachment":[{"href":"https:\/\/nordicmart.andreevmaster.com\/fi\/wp-json\/wp\/v2\/media?parent=36782"}],"wp:term":[{"taxonomy":"product_brand","embeddable":true,"href":"https:\/\/nordicmart.andreevmaster.com\/fi\/wp-json\/wp\/v2\/product_brand?post=36782"},{"taxonomy":"product_cat","embeddable":true,"href":"https:\/\/nordicmart.andreevmaster.com\/fi\/wp-json\/wp\/v2\/product_cat?post=36782"},{"taxonomy":"product_tag","embeddable":true,"href":"https:\/\/nordicmart.andreevmaster.com\/fi\/wp-json\/wp\/v2\/product_tag?post=36782"}],"curies":[{"name":"wp","href":"https:\/\/api.w.org\/{rel}","templated":true}]}}