{"id":36781,"date":"2026-02-27T00:35:56","date_gmt":"2026-02-27T00:35:56","guid":{"rendered":"https:\/\/nordicmart.andreevmaster.com\/product\/ainutlaatuinen-metallinen-korurasia-kristalleilla-sydan-b0747-00\/"},"modified":"2026-02-27T09:53:22","modified_gmt":"2026-02-27T09:53:22","slug":"ainutlaatuinen-metallinen-korurasia-kristalleilla-sydan-b0747-00","status":"publish","type":"product","link":"https:\/\/nordicmart.andreevmaster.com\/fi\/tuote\/ainutlaatuinen-metallinen-korurasia-kristalleilla-sydan-b0747-00\/","title":{"rendered":"Ainutlaatuinen metallinen korurasia kristalleilla &#8211; Syd\u00e4n &#8211; B0747-00"},"content":{"rendered":"<p>Ainutlaatuinen metallinen korurasia kristalleilla &#8211; Syd\u00e4n &#8211; B0747-00&nbsp;&nbsp;Elegantti korurasia kristalleilla &#8211; Syd\u00e4n&nbsp;&nbsp;Elegantti syd\u00e4menmuotoinen korurasia on ainutlaatuinen ja k\u00e4yt\u00e4nn\u00f6llinen lahja rakkaalle! T\u00e4ydellinen elegantiksi korulaatikoksi. Metallinen laatikko on koristeltu runsaasti kristalleilla, jotka antavat sille ylellisen luonteen.&nbsp;Laatikko ilahduttaa ulkon\u00e4\u00f6ll\u00e4\u00e4n. Romanttinen syd\u00e4men muoto ja rikkaat koristeet tekev\u00e4t siit\u00e4 paitsi k\u00e4yt\u00e4nn\u00f6llisen esineen my\u00f6s kauniin sisustuselementin. Laatikko sopii t\u00e4ydellisesti p\u00f6yd\u00e4n tai peilip\u00f6yd\u00e4n koristeeksi, lis\u00e4\u00e4m\u00e4ll\u00e4 romanttista ja eleganttia luonnetta.&nbsp;&nbsp;Tuotetiedot:&nbsp;Mitat: 4,8 x 4 x 2,5 cmMateriaali: kristalli, metalli (sinkki), emaliV\u00e4ri: punainen-kulta-hopeaKauniit, el\u00e4v\u00e4t v\u00e4ritRomanttinen muotoiluAinutlaatuiset kristallikoristeet&nbsp;<\/p>\n","protected":false},"excerpt":{"rendered":"<p>Ainutlaatuinen metallinen korurasia kristalleilla &#8211; Syd\u00e4n &#8211; B0747-00&nbsp;&nbsp;Elegantti korurasia kristalleilla &#8211; Syd\u00e4n&nbsp;&nbsp;Elegantti syd\u00e4menmuotoinen korurasia on ainutlaatuinen ja k\u00e4yt\u00e4nn\u00f6llinen lahja rakkaalle! T\u00e4ydellinen elegantiksi korulaatikoksi. Metallinen laatikko on koristeltu runsaasti kristalleilla, jotka antavat sille ylellisen luonteen.&nbsp;Laatikko ilahduttaa ulkon\u00e4\u00f6ll\u00e4\u00e4n. Romanttinen syd\u00e4men muoto ja rikkaat koristeet tekev\u00e4t siit\u00e4 paitsi k\u00e4yt\u00e4nn\u00f6llisen esineen my\u00f6s kauniin sisustuselementin. Laatikko sopii t\u00e4ydellisesti p\u00f6yd\u00e4n tai [&hellip;]<\/p>\n","protected":false},"featured_media":44960,"comment_status":"open","ping_status":"closed","template":"","meta":[],"product_brand":[],"product_cat":[32],"product_tag":[],"class_list":{"0":"post-36781","1":"product","2":"type-product","3":"status-publish","4":"has-post-thumbnail","6":"product_cat-uncategorized-fi","8":"first","9":"instock","10":"shipping-taxable","11":"purchasable","12":"product-type-simple"},"_links":{"self":[{"href":"https:\/\/nordicmart.andreevmaster.com\/fi\/wp-json\/wp\/v2\/product\/36781","targetHints":{"allow":["GET"]}}],"collection":[{"href":"https:\/\/nordicmart.andreevmaster.com\/fi\/wp-json\/wp\/v2\/product"}],"about":[{"href":"https:\/\/nordicmart.andreevmaster.com\/fi\/wp-json\/wp\/v2\/types\/product"}],"replies":[{"embeddable":true,"href":"https:\/\/nordicmart.andreevmaster.com\/fi\/wp-json\/wp\/v2\/comments?post=36781"}],"wp:featuredmedia":[{"embeddable":true,"href":"https:\/\/nordicmart.andreevmaster.com\/fi\/wp-json\/wp\/v2\/media\/44960"}],"wp:attachment":[{"href":"https:\/\/nordicmart.andreevmaster.com\/fi\/wp-json\/wp\/v2\/media?parent=36781"}],"wp:term":[{"taxonomy":"product_brand","embeddable":true,"href":"https:\/\/nordicmart.andreevmaster.com\/fi\/wp-json\/wp\/v2\/product_brand?post=36781"},{"taxonomy":"product_cat","embeddable":true,"href":"https:\/\/nordicmart.andreevmaster.com\/fi\/wp-json\/wp\/v2\/product_cat?post=36781"},{"taxonomy":"product_tag","embeddable":true,"href":"https:\/\/nordicmart.andreevmaster.com\/fi\/wp-json\/wp\/v2\/product_tag?post=36781"}],"curies":[{"name":"wp","href":"https:\/\/api.w.org\/{rel}","templated":true}]}}