{"id":36780,"date":"2026-02-27T00:35:56","date_gmt":"2026-02-27T00:35:56","guid":{"rendered":"https:\/\/nordicmart.andreevmaster.com\/product\/alkuperainen-metallinen-kristallikoristeinen-lahjapakkaus-joutsen-b0736-02\/"},"modified":"2026-02-27T09:53:21","modified_gmt":"2026-02-27T09:53:21","slug":"alkuperainen-metallinen-kristallikoristeinen-lahjapakkaus-joutsen-b0736-02","status":"publish","type":"product","link":"https:\/\/nordicmart.andreevmaster.com\/fi\/tuote\/alkuperainen-metallinen-kristallikoristeinen-lahjapakkaus-joutsen-b0736-02\/","title":{"rendered":"Alkuper\u00e4inen metallinen kristallikoristeinen lahjapakkaus \u2013 Joutsen &#8211; B0736-02"},"content":{"rendered":"<p>Alkuper\u00e4inen metallinen lahjapakkaus kristalleilla \u2013 Joutsen &#8211; B0736-02&nbsp;&nbsp;T\u00e4m\u00e4 on mielenkiintoinen lahjaidea alkuper\u00e4isten esineiden yst\u00e4ville. Joutsenmuotoinen laatikko tekee varmasti vaikutuksen vastaanottajaan, olipa tilaisuus mik\u00e4 tahansa. Sit\u00e4 voidaan k\u00e4ytt\u00e4\u00e4 korujen tai muiden pienten esineiden s\u00e4ilytt\u00e4miseen. Pienest\u00e4 koostaan (5&#215;3,7&#215;2,7 cm) huolimatta laatikko voi olla mielenkiintoinen sisustuselementti. Joutsenen omaper\u00e4inen muoto, korkealaatuiset materiaalit (metalli \u2013 sinkki, lasite ja kristalli) ja tyylikk\u00e4\u00e4t valkoiset ja kultaiset koristeet tekev\u00e4t laatikosta t\u00e4ydellisen koristeen ty\u00f6p\u00f6yd\u00e4lle, peilip\u00f6yd\u00e4lle, lipastolle tai hyllylle.&nbsp;&nbsp;Tuotetiedot:&nbsp;Mitat: 5 x 3,7 x 2,7 cm Materiaali: metalli (sinkki), emali, kristalli V\u00e4ri: valkoinen, kulta Ominaisuudet: Alkuper\u00e4inen muotoilu Korkealaatuinen ty\u00f6nj\u00e4lki Sopii erinomaisesti korujen s\u00e4ilytykseen Loistava lahjaidea&nbsp;<\/p>\n","protected":false},"excerpt":{"rendered":"<p>Alkuper\u00e4inen metallinen lahjapakkaus kristalleilla \u2013 Joutsen &#8211; B0736-02&nbsp;&nbsp;T\u00e4m\u00e4 on mielenkiintoinen lahjaidea alkuper\u00e4isten esineiden yst\u00e4ville. Joutsenmuotoinen laatikko tekee varmasti vaikutuksen vastaanottajaan, olipa tilaisuus mik\u00e4 tahansa. Sit\u00e4 voidaan k\u00e4ytt\u00e4\u00e4 korujen tai muiden pienten esineiden s\u00e4ilytt\u00e4miseen. Pienest\u00e4 koostaan (5&#215;3,7&#215;2,7 cm) huolimatta laatikko voi olla mielenkiintoinen sisustuselementti. Joutsenen omaper\u00e4inen muoto, korkealaatuiset materiaalit (metalli \u2013 sinkki, lasite ja kristalli) ja [&hellip;]<\/p>\n","protected":false},"featured_media":44959,"comment_status":"open","ping_status":"closed","template":"","meta":[],"product_brand":[],"product_cat":[32],"product_tag":[],"class_list":{"0":"post-36780","1":"product","2":"type-product","3":"status-publish","4":"has-post-thumbnail","6":"product_cat-uncategorized-fi","8":"first","9":"instock","10":"shipping-taxable","11":"purchasable","12":"product-type-simple"},"_links":{"self":[{"href":"https:\/\/nordicmart.andreevmaster.com\/fi\/wp-json\/wp\/v2\/product\/36780","targetHints":{"allow":["GET"]}}],"collection":[{"href":"https:\/\/nordicmart.andreevmaster.com\/fi\/wp-json\/wp\/v2\/product"}],"about":[{"href":"https:\/\/nordicmart.andreevmaster.com\/fi\/wp-json\/wp\/v2\/types\/product"}],"replies":[{"embeddable":true,"href":"https:\/\/nordicmart.andreevmaster.com\/fi\/wp-json\/wp\/v2\/comments?post=36780"}],"wp:featuredmedia":[{"embeddable":true,"href":"https:\/\/nordicmart.andreevmaster.com\/fi\/wp-json\/wp\/v2\/media\/44959"}],"wp:attachment":[{"href":"https:\/\/nordicmart.andreevmaster.com\/fi\/wp-json\/wp\/v2\/media?parent=36780"}],"wp:term":[{"taxonomy":"product_brand","embeddable":true,"href":"https:\/\/nordicmart.andreevmaster.com\/fi\/wp-json\/wp\/v2\/product_brand?post=36780"},{"taxonomy":"product_cat","embeddable":true,"href":"https:\/\/nordicmart.andreevmaster.com\/fi\/wp-json\/wp\/v2\/product_cat?post=36780"},{"taxonomy":"product_tag","embeddable":true,"href":"https:\/\/nordicmart.andreevmaster.com\/fi\/wp-json\/wp\/v2\/product_tag?post=36780"}],"curies":[{"name":"wp","href":"https:\/\/api.w.org\/{rel}","templated":true}]}}