{"id":36779,"date":"2026-02-27T00:35:56","date_gmt":"2026-02-27T00:35:56","guid":{"rendered":"https:\/\/nordicmart.andreevmaster.com\/product\/ainutlaatuinen-kristalleilla-koristeltu-metallilaatikko-lintu-b0192-02\/"},"modified":"2026-02-27T09:53:21","modified_gmt":"2026-02-27T09:53:21","slug":"ainutlaatuinen-kristalleilla-koristeltu-metallilaatikko-lintu-b0192-02","status":"publish","type":"product","link":"https:\/\/nordicmart.andreevmaster.com\/fi\/tuote\/ainutlaatuinen-kristalleilla-koristeltu-metallilaatikko-lintu-b0192-02\/","title":{"rendered":"Ainutlaatuinen kristalleilla koristeltu metallilaatikko \u2013 Lintu \u2013 B0192-02"},"content":{"rendered":"<p>Ainutlaatuinen kristalleilla koristeltu metallinen laatikko &#8211; Lintu &#8211; B0192-02&nbsp;&nbsp;&nbsp;Elegantti lintunmuotoinen laatikko &#8211; ainutlaatuinen koriste&nbsp;&nbsp;Lintunmuotoinen laatikko on tyylik\u00e4s ja k\u00e4yt\u00e4nn\u00f6llinen koriste-elementti. Se on valmistettu korkealaatuisesta metallista ja koristeltu kristalleilla, joten se on paitsi toimiva s\u00e4ilytyspaikka my\u00f6s ainutlaatuinen koriste.&nbsp;Etsitk\u00f6 alkuper\u00e4ist\u00e4 lahjaa rakkaallesi? Lintumainen laatikko ilahduttaa h\u00e4nt\u00e4 varmasti! Se on t\u00e4ydellinen idea syntym\u00e4p\u00e4iv\u00e4-, nimip\u00e4iv\u00e4-, joulu- tai vuosip\u00e4iv\u00e4lahjaksi.&nbsp;Pienest\u00e4 koostaan huolimatta lintumainen laatikko voi olla kaunis koriste-elementti. Sen ainutlaatuinen muoto ja rikkaat koristeet her\u00e4tt\u00e4v\u00e4t huomiota ja lis\u00e4\u00e4v\u00e4t luonnetta mihin tahansa sisustukseen. Laatikko sopii t\u00e4ydellisesti koristeeksi ty\u00f6p\u00f6yd\u00e4lle, peilip\u00f6yd\u00e4lle, hyllylle tai lipastoon.&nbsp;&nbsp;Tuotetiedot:&nbsp;Mitat: 5x6x5cmMateriaali: metalli (sinkki), emali, kristalliV\u00e4ri: musta, hopea, ruskea, oranssiOminaisuudet:Alkuper\u00e4inen lintumuotoRikkaat kristallikoristeetKorkealaatuinen ty\u00f6nj\u00e4lkiT\u00e4ydellinen korujen, pikkuesineiden tai muiden esineiden s\u00e4ilytykseen&nbsp;<\/p>\n","protected":false},"excerpt":{"rendered":"<p>Ainutlaatuinen kristalleilla koristeltu metallinen laatikko &#8211; Lintu &#8211; B0192-02&nbsp;&nbsp;&nbsp;Elegantti lintunmuotoinen laatikko &#8211; ainutlaatuinen koriste&nbsp;&nbsp;Lintunmuotoinen laatikko on tyylik\u00e4s ja k\u00e4yt\u00e4nn\u00f6llinen koriste-elementti. Se on valmistettu korkealaatuisesta metallista ja koristeltu kristalleilla, joten se on paitsi toimiva s\u00e4ilytyspaikka my\u00f6s ainutlaatuinen koriste.&nbsp;Etsitk\u00f6 alkuper\u00e4ist\u00e4 lahjaa rakkaallesi? Lintumainen laatikko ilahduttaa h\u00e4nt\u00e4 varmasti! Se on t\u00e4ydellinen idea syntym\u00e4p\u00e4iv\u00e4-, nimip\u00e4iv\u00e4-, joulu- tai vuosip\u00e4iv\u00e4lahjaksi.&nbsp;Pienest\u00e4 koostaan [&hellip;]<\/p>\n","protected":false},"featured_media":44958,"comment_status":"open","ping_status":"closed","template":"","meta":[],"product_brand":[],"product_cat":[32],"product_tag":[],"class_list":{"0":"post-36779","1":"product","2":"type-product","3":"status-publish","4":"has-post-thumbnail","6":"product_cat-uncategorized-fi","8":"first","9":"instock","10":"shipping-taxable","11":"purchasable","12":"product-type-simple"},"_links":{"self":[{"href":"https:\/\/nordicmart.andreevmaster.com\/fi\/wp-json\/wp\/v2\/product\/36779","targetHints":{"allow":["GET"]}}],"collection":[{"href":"https:\/\/nordicmart.andreevmaster.com\/fi\/wp-json\/wp\/v2\/product"}],"about":[{"href":"https:\/\/nordicmart.andreevmaster.com\/fi\/wp-json\/wp\/v2\/types\/product"}],"replies":[{"embeddable":true,"href":"https:\/\/nordicmart.andreevmaster.com\/fi\/wp-json\/wp\/v2\/comments?post=36779"}],"wp:featuredmedia":[{"embeddable":true,"href":"https:\/\/nordicmart.andreevmaster.com\/fi\/wp-json\/wp\/v2\/media\/44958"}],"wp:attachment":[{"href":"https:\/\/nordicmart.andreevmaster.com\/fi\/wp-json\/wp\/v2\/media?parent=36779"}],"wp:term":[{"taxonomy":"product_brand","embeddable":true,"href":"https:\/\/nordicmart.andreevmaster.com\/fi\/wp-json\/wp\/v2\/product_brand?post=36779"},{"taxonomy":"product_cat","embeddable":true,"href":"https:\/\/nordicmart.andreevmaster.com\/fi\/wp-json\/wp\/v2\/product_cat?post=36779"},{"taxonomy":"product_tag","embeddable":true,"href":"https:\/\/nordicmart.andreevmaster.com\/fi\/wp-json\/wp\/v2\/product_tag?post=36779"}],"curies":[{"name":"wp","href":"https:\/\/api.w.org\/{rel}","templated":true}]}}