{"id":36778,"date":"2026-02-27T00:35:56","date_gmt":"2026-02-27T00:35:56","guid":{"rendered":"https:\/\/nordicmart.andreevmaster.com\/product\/4-vodkalasin-sarja-messinki-mattapintainen-sek\/"},"modified":"2026-02-27T09:53:21","modified_gmt":"2026-02-27T09:53:21","slug":"4-vodkalasin-sarja-messinki-mattapintainen-sek","status":"publish","type":"product","link":"https:\/\/nordicmart.andreevmaster.com\/fi\/tuote\/4-vodkalasin-sarja-messinki-mattapintainen-sek\/","title":{"rendered":"4 vodkalasin sarja \u2013 messinki, mattapintainen \u2013 SEK"},"content":{"rendered":"<p>4 vodkalasin sarja &#8211; messinki, mattapintainen &#8211; SEK&nbsp;&nbsp;&nbsp;4 messinkilasin sarja vodkaa, lik\u00f6\u00f6rej\u00e4 ja kaikkea muuta, mit\u00e4 syd\u00e4mesi halajaa. Lasisarja on lahjaidea miehelle. Lasit ovat hy\u00f6dyllisi\u00e4 kotibileiss\u00e4. Voit ottaa metallilasit mukaan matkalle ilman pelkoa niiden rikkoutumisesta ja nauttia suosikkijuomistasi kauniissa luonnonymp\u00e4rist\u00f6ss\u00e4.&nbsp;&nbsp;Tuotetiedot:&nbsp;Mitat:Korkeus: 5,3 cmHalkaisija: 4 cmTilavuus: 50 mlM\u00e4\u00e4r\u00e4: 4 kplV\u00e4ri: kulta (matta)Materiaali: messinki&nbsp;<\/p>\n","protected":false},"excerpt":{"rendered":"<p>4 vodkalasin sarja &#8211; messinki, mattapintainen &#8211; SEK&nbsp;&nbsp;&nbsp;4 messinkilasin sarja vodkaa, lik\u00f6\u00f6rej\u00e4 ja kaikkea muuta, mit\u00e4 syd\u00e4mesi halajaa. Lasisarja on lahjaidea miehelle. Lasit ovat hy\u00f6dyllisi\u00e4 kotibileiss\u00e4. Voit ottaa metallilasit mukaan matkalle ilman pelkoa niiden rikkoutumisesta ja nauttia suosikkijuomistasi kauniissa luonnonymp\u00e4rist\u00f6ss\u00e4.&nbsp;&nbsp;Tuotetiedot:&nbsp;Mitat:Korkeus: 5,3 cmHalkaisija: 4 cmTilavuus: 50 mlM\u00e4\u00e4r\u00e4: 4 kplV\u00e4ri: kulta (matta)Materiaali: messinki&nbsp;<\/p>\n","protected":false},"featured_media":44957,"comment_status":"open","ping_status":"closed","template":"","meta":[],"product_brand":[],"product_cat":[32],"product_tag":[],"class_list":{"0":"post-36778","1":"product","2":"type-product","3":"status-publish","4":"has-post-thumbnail","6":"product_cat-uncategorized-fi","8":"first","9":"instock","10":"shipping-taxable","11":"purchasable","12":"product-type-simple"},"_links":{"self":[{"href":"https:\/\/nordicmart.andreevmaster.com\/fi\/wp-json\/wp\/v2\/product\/36778","targetHints":{"allow":["GET"]}}],"collection":[{"href":"https:\/\/nordicmart.andreevmaster.com\/fi\/wp-json\/wp\/v2\/product"}],"about":[{"href":"https:\/\/nordicmart.andreevmaster.com\/fi\/wp-json\/wp\/v2\/types\/product"}],"replies":[{"embeddable":true,"href":"https:\/\/nordicmart.andreevmaster.com\/fi\/wp-json\/wp\/v2\/comments?post=36778"}],"wp:featuredmedia":[{"embeddable":true,"href":"https:\/\/nordicmart.andreevmaster.com\/fi\/wp-json\/wp\/v2\/media\/44957"}],"wp:attachment":[{"href":"https:\/\/nordicmart.andreevmaster.com\/fi\/wp-json\/wp\/v2\/media?parent=36778"}],"wp:term":[{"taxonomy":"product_brand","embeddable":true,"href":"https:\/\/nordicmart.andreevmaster.com\/fi\/wp-json\/wp\/v2\/product_brand?post=36778"},{"taxonomy":"product_cat","embeddable":true,"href":"https:\/\/nordicmart.andreevmaster.com\/fi\/wp-json\/wp\/v2\/product_cat?post=36778"},{"taxonomy":"product_tag","embeddable":true,"href":"https:\/\/nordicmart.andreevmaster.com\/fi\/wp-json\/wp\/v2\/product_tag?post=36778"}],"curies":[{"name":"wp","href":"https:\/\/api.w.org\/{rel}","templated":true}]}}