{"id":36777,"date":"2026-02-27T00:35:55","date_gmt":"2026-02-27T00:35:55","guid":{"rendered":"https:\/\/nordicmart.andreevmaster.com\/product\/metallinen-korukotelo-2178a\/"},"modified":"2026-02-27T09:53:21","modified_gmt":"2026-02-27T09:53:21","slug":"metallinen-korukotelo-2178a","status":"publish","type":"product","link":"https:\/\/nordicmart.andreevmaster.com\/fi\/tuote\/metallinen-korukotelo-2178a\/","title":{"rendered":"Metallinen korukotelo 2178A"},"content":{"rendered":"<p>Metallinen korukotelo 2178A&nbsp;&nbsp;Metallinen kotelo 2178A on tyylik\u00e4s tapa s\u00e4ilytt\u00e4\u00e4 koruja ja muita pikkuesineit\u00e4. Kotelo on valmistettu metallista. Rikkaat koristeet lis\u00e4\u00e4v\u00e4t sen luonnetta. Kompakti koko (6x5x3cm) tekee siit\u00e4 sopivan mihin tahansa paikkaan.&nbsp;T\u00e4m\u00e4 kotelo on ihanteellinen lahjaidea kaikille naisille, jotka arvostavat eleganssia ja j\u00e4rjestyst\u00e4.&nbsp;Se ei ole vain toiminnallinen esine, vaan my\u00f6s mielenkiintoinen koriste-esine. Se sopii t\u00e4ydellisesti erilaisiin sisustuksiin \u2013 klassisesta moderniin. Se sopii t\u00e4ydellisesti hyllylle, lipastoon tai ty\u00f6p\u00f6yd\u00e4lle ja lis\u00e4\u00e4 tilaan hienovaraista charmia.&nbsp;&nbsp;Tuotetiedot:&nbsp;Mitat: 6x5x3cmMateriaali: metalli \u2013 sinkkiseosRikkaat koristeetV\u00e4ri: hopeaIhanteellinen korujen, sormusten ja &nbsp;<\/p>\n","protected":false},"excerpt":{"rendered":"<p>Metallinen korukotelo 2178A&nbsp;&nbsp;Metallinen kotelo 2178A on tyylik\u00e4s tapa s\u00e4ilytt\u00e4\u00e4 koruja ja muita pikkuesineit\u00e4. Kotelo on valmistettu metallista. Rikkaat koristeet lis\u00e4\u00e4v\u00e4t sen luonnetta. Kompakti koko (6x5x3cm) tekee siit\u00e4 sopivan mihin tahansa paikkaan.&nbsp;T\u00e4m\u00e4 kotelo on ihanteellinen lahjaidea kaikille naisille, jotka arvostavat eleganssia ja j\u00e4rjestyst\u00e4.&nbsp;Se ei ole vain toiminnallinen esine, vaan my\u00f6s mielenkiintoinen koriste-esine. Se sopii t\u00e4ydellisesti erilaisiin [&hellip;]<\/p>\n","protected":false},"featured_media":44956,"comment_status":"open","ping_status":"closed","template":"","meta":[],"product_brand":[],"product_cat":[32],"product_tag":[],"class_list":{"0":"post-36777","1":"product","2":"type-product","3":"status-publish","4":"has-post-thumbnail","6":"product_cat-uncategorized-fi","8":"first","9":"instock","10":"shipping-taxable","11":"purchasable","12":"product-type-simple"},"_links":{"self":[{"href":"https:\/\/nordicmart.andreevmaster.com\/fi\/wp-json\/wp\/v2\/product\/36777","targetHints":{"allow":["GET"]}}],"collection":[{"href":"https:\/\/nordicmart.andreevmaster.com\/fi\/wp-json\/wp\/v2\/product"}],"about":[{"href":"https:\/\/nordicmart.andreevmaster.com\/fi\/wp-json\/wp\/v2\/types\/product"}],"replies":[{"embeddable":true,"href":"https:\/\/nordicmart.andreevmaster.com\/fi\/wp-json\/wp\/v2\/comments?post=36777"}],"wp:featuredmedia":[{"embeddable":true,"href":"https:\/\/nordicmart.andreevmaster.com\/fi\/wp-json\/wp\/v2\/media\/44956"}],"wp:attachment":[{"href":"https:\/\/nordicmart.andreevmaster.com\/fi\/wp-json\/wp\/v2\/media?parent=36777"}],"wp:term":[{"taxonomy":"product_brand","embeddable":true,"href":"https:\/\/nordicmart.andreevmaster.com\/fi\/wp-json\/wp\/v2\/product_brand?post=36777"},{"taxonomy":"product_cat","embeddable":true,"href":"https:\/\/nordicmart.andreevmaster.com\/fi\/wp-json\/wp\/v2\/product_cat?post=36777"},{"taxonomy":"product_tag","embeddable":true,"href":"https:\/\/nordicmart.andreevmaster.com\/fi\/wp-json\/wp\/v2\/product_tag?post=36777"}],"curies":[{"name":"wp","href":"https:\/\/api.w.org\/{rel}","templated":true}]}}