{"id":36776,"date":"2026-02-27T00:35:55","date_gmt":"2026-02-27T00:35:55","guid":{"rendered":"https:\/\/nordicmart.andreevmaster.com\/product\/suuri-messinkinen-laiva-puualustalla-38-cm-n-3615b\/"},"modified":"2026-02-27T09:53:21","modified_gmt":"2026-02-27T09:53:21","slug":"suuri-messinkinen-laiva-puualustalla-38-cm-n-3615b","status":"publish","type":"product","link":"https:\/\/nordicmart.andreevmaster.com\/fi\/tuote\/suuri-messinkinen-laiva-puualustalla-38-cm-n-3615b\/","title":{"rendered":"Suuri messinkinen laiva puualustalla \u2013 38 cm \u2013 N-3615B"},"content":{"rendered":"<p>Suuri messinkinen laiva puualustalla &#8211; 38 cm &#8211; N-3615B&nbsp;&nbsp;Suuri, tyylik\u00e4s messinkinen laiva puualustalla on t\u00e4ydellinen lahja merimiehelle. Huolellisesti ja yksityiskohtaisesti valmistettu laiva koristaa mit\u00e4 tahansa sisustusta. Messingin ja puun yhdistelm\u00e4 on klassikko, joka ei koskaan mene muodista.&nbsp;Etsitk\u00f6 ainutlaatuista lahjaa purjehduksesta kiinnostuneelle henkil\u00f6lle? T\u00e4m\u00e4 messinkinen laiva on t\u00e4ydellinen valinta! Tyylik\u00e4s ja elegantti laiva ei ole vain sisustustuote, vaan my\u00f6s muistoksi j\u00e4\u00e4v\u00e4 lahja.&nbsp;Messinkinen laiva puualustalla on t\u00e4ydellinen tapa tuoda merellinen tunnelma mihin tahansa sisustukseen. Sopii erinomaisesti olohuoneeseen, makuuhuoneeseen, toimistoon ja jopa lastenhuoneeseen. Laivamotiivi sopii t\u00e4ydellisesti merihenkisen sisustuksen elementiksi, joka viittaa meriseikkailuihin, aurinkoon ja hiekkarantoihin. Kiilt\u00e4v\u00e4n messingin ja l\u00e4mpim\u00e4n puun yhdistelm\u00e4 luo tyylikk\u00e4\u00e4n ja elegantin koristeen, joka kiinnitt\u00e4\u00e4 huomion ja ilahduttaa vieraita.&nbsp;&nbsp;Tuotetiedot:&nbsp;Korkeus: 38 cmMateriaali: messinki, puuT\u00e4ydellinen lahja purjehduksen yst\u00e4v\u00e4lleTyyli: merihenkinen&nbsp;<\/p>\n","protected":false},"excerpt":{"rendered":"<p>Suuri messinkinen laiva puualustalla &#8211; 38 cm &#8211; N-3615B&nbsp;&nbsp;Suuri, tyylik\u00e4s messinkinen laiva puualustalla on t\u00e4ydellinen lahja merimiehelle. Huolellisesti ja yksityiskohtaisesti valmistettu laiva koristaa mit\u00e4 tahansa sisustusta. Messingin ja puun yhdistelm\u00e4 on klassikko, joka ei koskaan mene muodista.&nbsp;Etsitk\u00f6 ainutlaatuista lahjaa purjehduksesta kiinnostuneelle henkil\u00f6lle? T\u00e4m\u00e4 messinkinen laiva on t\u00e4ydellinen valinta! Tyylik\u00e4s ja elegantti laiva ei ole vain [&hellip;]<\/p>\n","protected":false},"featured_media":44955,"comment_status":"open","ping_status":"closed","template":"","meta":[],"product_brand":[],"product_cat":[32],"product_tag":[],"class_list":{"0":"post-36776","1":"product","2":"type-product","3":"status-publish","4":"has-post-thumbnail","6":"product_cat-uncategorized-fi","8":"first","9":"instock","10":"shipping-taxable","11":"purchasable","12":"product-type-simple"},"_links":{"self":[{"href":"https:\/\/nordicmart.andreevmaster.com\/fi\/wp-json\/wp\/v2\/product\/36776","targetHints":{"allow":["GET"]}}],"collection":[{"href":"https:\/\/nordicmart.andreevmaster.com\/fi\/wp-json\/wp\/v2\/product"}],"about":[{"href":"https:\/\/nordicmart.andreevmaster.com\/fi\/wp-json\/wp\/v2\/types\/product"}],"replies":[{"embeddable":true,"href":"https:\/\/nordicmart.andreevmaster.com\/fi\/wp-json\/wp\/v2\/comments?post=36776"}],"wp:featuredmedia":[{"embeddable":true,"href":"https:\/\/nordicmart.andreevmaster.com\/fi\/wp-json\/wp\/v2\/media\/44955"}],"wp:attachment":[{"href":"https:\/\/nordicmart.andreevmaster.com\/fi\/wp-json\/wp\/v2\/media?parent=36776"}],"wp:term":[{"taxonomy":"product_brand","embeddable":true,"href":"https:\/\/nordicmart.andreevmaster.com\/fi\/wp-json\/wp\/v2\/product_brand?post=36776"},{"taxonomy":"product_cat","embeddable":true,"href":"https:\/\/nordicmart.andreevmaster.com\/fi\/wp-json\/wp\/v2\/product_cat?post=36776"},{"taxonomy":"product_tag","embeddable":true,"href":"https:\/\/nordicmart.andreevmaster.com\/fi\/wp-json\/wp\/v2\/product_tag?post=36776"}],"curies":[{"name":"wp","href":"https:\/\/api.w.org\/{rel}","templated":true}]}}