{"id":36775,"date":"2026-02-27T00:35:55","date_gmt":"2026-02-27T00:35:55","guid":{"rendered":"https:\/\/nordicmart.andreevmaster.com\/product\/yolamppu-ruusu-led-g116\/"},"modified":"2026-02-27T09:53:20","modified_gmt":"2026-02-27T09:53:20","slug":"yolamppu-ruusu-led-g116","status":"publish","type":"product","link":"https:\/\/nordicmart.andreevmaster.com\/fi\/tuote\/yolamppu-ruusu-led-g116\/","title":{"rendered":"Y\u00f6lamppu &#8211; Ruusu &#8211; LED &#8211; G116"},"content":{"rendered":"<p>Y\u00f6lamppu &#8211; Ruusu &#8211; LED &#8211; G116&nbsp;&nbsp;Elegantti y\u00f6p\u00f6yt\u00e4lamppu kukkivan ruusun muodossa on t\u00e4ydellinen tapa lis\u00e4t\u00e4 romanttista tunnelmaa mihin tahansa sisustukseen. Pehme\u00e4 LED-valo valaisee huoneen hienovaraisesti ja luo l\u00e4mpim\u00e4n ja kodikkaan tunnelman.&nbsp;Ainutlaatuinen lahja, joka muistetaan pitk\u00e4\u00e4n&nbsp;Ruusu-y\u00f6p\u00f6yt\u00e4lamppu on t\u00e4ydellinen idea ainutlaatuiseksi lahjaksi. Kaunis muotoilu ja romanttinen luonne vetoavat varmasti lahjan saajaan. T\u00e4m\u00e4 on ainutlaatuinen lahja, joka ei ole vain k\u00e4yt\u00e4nn\u00f6llinen valonl\u00e4hde, vaan my\u00f6s kaunis sisustuksen koriste. Sen kaunis muotoilu ja romanttinen luonne tekev\u00e4t siit\u00e4 lahjan, joka muistetaan pitk\u00e4\u00e4n.&nbsp;Hienovarainen koriste-elementti&nbsp;&nbsp;Rose-y\u00f6p\u00f6yt\u00e4lamppu sopii t\u00e4ydellisesti koriste-elementiksi makuuhuoneeseen, olohuoneeseen tai ty\u00f6p\u00f6yd\u00e4lle. Pehme\u00e4 LED-valo luo kodikkaan ilmapiirin, joka edist\u00e4\u00e4 rentoutumista ja lepoa. Lamppu voi toimia my\u00f6s romanttisena koristeena iltatilaisuuksissa.&nbsp;&nbsp;Tuotetiedot:&nbsp;Mitat: 11,5 x 21,5 cm (korkeus) Valonl\u00e4hde: LED Virtal\u00e4hde: 3 AAA-paristoa (paristot eiv\u00e4t sis\u00e4lly toimitukseen). Romanttinen muotoilu ja pehme\u00e4 LED-valo tekev\u00e4t lampusta t\u00e4ydellisen lahjan rakkaalle. CE-sertifikaatti&nbsp;&nbsp;&nbsp;Tuote on tarkoitettu sis\u00e4k\u00e4ytt\u00f6\u00f6n. Jos kaapeli tai laite on vaurioitunut, h\u00e4vit\u00e4 se. Tuote on tarkoitettu vain koristeeksi. Tuote ei ole lelu. Pid\u00e4 poissa lasten ulottuvilta.<\/p>\n","protected":false},"excerpt":{"rendered":"<p>Y\u00f6lamppu &#8211; Ruusu &#8211; LED &#8211; G116&nbsp;&nbsp;Elegantti y\u00f6p\u00f6yt\u00e4lamppu kukkivan ruusun muodossa on t\u00e4ydellinen tapa lis\u00e4t\u00e4 romanttista tunnelmaa mihin tahansa sisustukseen. Pehme\u00e4 LED-valo valaisee huoneen hienovaraisesti ja luo l\u00e4mpim\u00e4n ja kodikkaan tunnelman.&nbsp;Ainutlaatuinen lahja, joka muistetaan pitk\u00e4\u00e4n&nbsp;Ruusu-y\u00f6p\u00f6yt\u00e4lamppu on t\u00e4ydellinen idea ainutlaatuiseksi lahjaksi. Kaunis muotoilu ja romanttinen luonne vetoavat varmasti lahjan saajaan. T\u00e4m\u00e4 on ainutlaatuinen lahja, joka ei [&hellip;]<\/p>\n","protected":false},"featured_media":44954,"comment_status":"open","ping_status":"closed","template":"","meta":[],"product_brand":[],"product_cat":[32],"product_tag":[],"class_list":{"0":"post-36775","1":"product","2":"type-product","3":"status-publish","4":"has-post-thumbnail","6":"product_cat-uncategorized-fi","8":"first","9":"instock","10":"shipping-taxable","11":"purchasable","12":"product-type-simple"},"_links":{"self":[{"href":"https:\/\/nordicmart.andreevmaster.com\/fi\/wp-json\/wp\/v2\/product\/36775","targetHints":{"allow":["GET"]}}],"collection":[{"href":"https:\/\/nordicmart.andreevmaster.com\/fi\/wp-json\/wp\/v2\/product"}],"about":[{"href":"https:\/\/nordicmart.andreevmaster.com\/fi\/wp-json\/wp\/v2\/types\/product"}],"replies":[{"embeddable":true,"href":"https:\/\/nordicmart.andreevmaster.com\/fi\/wp-json\/wp\/v2\/comments?post=36775"}],"wp:featuredmedia":[{"embeddable":true,"href":"https:\/\/nordicmart.andreevmaster.com\/fi\/wp-json\/wp\/v2\/media\/44954"}],"wp:attachment":[{"href":"https:\/\/nordicmart.andreevmaster.com\/fi\/wp-json\/wp\/v2\/media?parent=36775"}],"wp:term":[{"taxonomy":"product_brand","embeddable":true,"href":"https:\/\/nordicmart.andreevmaster.com\/fi\/wp-json\/wp\/v2\/product_brand?post=36775"},{"taxonomy":"product_cat","embeddable":true,"href":"https:\/\/nordicmart.andreevmaster.com\/fi\/wp-json\/wp\/v2\/product_cat?post=36775"},{"taxonomy":"product_tag","embeddable":true,"href":"https:\/\/nordicmart.andreevmaster.com\/fi\/wp-json\/wp\/v2\/product_tag?post=36775"}],"curies":[{"name":"wp","href":"https:\/\/api.w.org\/{rel}","templated":true}]}}