{"id":36774,"date":"2026-02-27T00:35:55","date_gmt":"2026-02-27T00:35:55","guid":{"rendered":"https:\/\/nordicmart.andreevmaster.com\/product\/yolamppu-kuu-p110\/"},"modified":"2026-02-27T09:53:20","modified_gmt":"2026-02-27T09:53:20","slug":"yolamppu-kuu-p110","status":"publish","type":"product","link":"https:\/\/nordicmart.andreevmaster.com\/fi\/tuote\/yolamppu-kuu-p110\/","title":{"rendered":"Y\u00f6lamppu &#8211; Kuu P110"},"content":{"rendered":"<p>Y\u00f6lamppu &#8211; Kuu P110&nbsp;&nbsp;Hienovarainen valo yhdistettyn\u00e4 realistiseen kuun pinnan esitykseen luo ainutlaatuisen tunnelman.&nbsp;&nbsp;Lahjaidea:&nbsp;Etsitk\u00f6 t\u00e4ydellist\u00e4 lahjaa t\u00e4htitieteen tai maantieteen yst\u00e4v\u00e4lle? Y\u00f6lamppu &#8211; Kuu on hyv\u00e4 lahjaidea! T\u00e4m\u00e4 ainutlaatuinen gadget ilahduttaa varmasti kaikkia avaruudesta kiinnostuneita.&nbsp;&nbsp;Vieh\u00e4tt\u00e4v\u00e4 koriste:&nbsp;Y\u00f6lamppu &#8211; Kuu on upea koriste. Se sopii t\u00e4ydellisesti moderniin olohuoneeseen, makuuhuoneeseen tai lastenhuoneeseen. Se on my\u00f6s mielenkiintoinen koriste ty\u00f6p\u00f6yd\u00e4llesi.&nbsp;&nbsp;Tuotetiedot:&nbsp;Halkaisija: 15 cmValkoinen v\u00e4riValonl\u00e4hde: LEDVirtal\u00e4hde: USB-kaapeliUSB-kaapeli mukanaPuinen jalusta mukanaCE-sertifikaatti&nbsp;&nbsp;Tuote on tarkoitettu sis\u00e4k\u00e4ytt\u00f6\u00f6n.Jos kaapeli tai laite vaurioituu, h\u00e4vit\u00e4 se.Tuote on tarkoitettu vain koristeeksi.Tuote ei ole lelu.Pid\u00e4 poissa lasten ulottuvilta.&nbsp;<\/p>\n","protected":false},"excerpt":{"rendered":"<p>Y\u00f6lamppu &#8211; Kuu P110&nbsp;&nbsp;Hienovarainen valo yhdistettyn\u00e4 realistiseen kuun pinnan esitykseen luo ainutlaatuisen tunnelman.&nbsp;&nbsp;Lahjaidea:&nbsp;Etsitk\u00f6 t\u00e4ydellist\u00e4 lahjaa t\u00e4htitieteen tai maantieteen yst\u00e4v\u00e4lle? Y\u00f6lamppu &#8211; Kuu on hyv\u00e4 lahjaidea! T\u00e4m\u00e4 ainutlaatuinen gadget ilahduttaa varmasti kaikkia avaruudesta kiinnostuneita.&nbsp;&nbsp;Vieh\u00e4tt\u00e4v\u00e4 koriste:&nbsp;Y\u00f6lamppu &#8211; Kuu on upea koriste. Se sopii t\u00e4ydellisesti moderniin olohuoneeseen, makuuhuoneeseen tai lastenhuoneeseen. Se on my\u00f6s mielenkiintoinen koriste ty\u00f6p\u00f6yd\u00e4llesi.&nbsp;&nbsp;Tuotetiedot:&nbsp;Halkaisija: 15 cmValkoinen [&hellip;]<\/p>\n","protected":false},"featured_media":44953,"comment_status":"open","ping_status":"closed","template":"","meta":[],"product_brand":[],"product_cat":[32],"product_tag":[],"class_list":{"0":"post-36774","1":"product","2":"type-product","3":"status-publish","4":"has-post-thumbnail","6":"product_cat-uncategorized-fi","8":"first","9":"instock","10":"shipping-taxable","11":"purchasable","12":"product-type-simple"},"_links":{"self":[{"href":"https:\/\/nordicmart.andreevmaster.com\/fi\/wp-json\/wp\/v2\/product\/36774","targetHints":{"allow":["GET"]}}],"collection":[{"href":"https:\/\/nordicmart.andreevmaster.com\/fi\/wp-json\/wp\/v2\/product"}],"about":[{"href":"https:\/\/nordicmart.andreevmaster.com\/fi\/wp-json\/wp\/v2\/types\/product"}],"replies":[{"embeddable":true,"href":"https:\/\/nordicmart.andreevmaster.com\/fi\/wp-json\/wp\/v2\/comments?post=36774"}],"wp:featuredmedia":[{"embeddable":true,"href":"https:\/\/nordicmart.andreevmaster.com\/fi\/wp-json\/wp\/v2\/media\/44953"}],"wp:attachment":[{"href":"https:\/\/nordicmart.andreevmaster.com\/fi\/wp-json\/wp\/v2\/media?parent=36774"}],"wp:term":[{"taxonomy":"product_brand","embeddable":true,"href":"https:\/\/nordicmart.andreevmaster.com\/fi\/wp-json\/wp\/v2\/product_brand?post=36774"},{"taxonomy":"product_cat","embeddable":true,"href":"https:\/\/nordicmart.andreevmaster.com\/fi\/wp-json\/wp\/v2\/product_cat?post=36774"},{"taxonomy":"product_tag","embeddable":true,"href":"https:\/\/nordicmart.andreevmaster.com\/fi\/wp-json\/wp\/v2\/product_tag?post=36774"}],"curies":[{"name":"wp","href":"https:\/\/api.w.org\/{rel}","templated":true}]}}