{"id":36773,"date":"2026-02-27T00:35:54","date_gmt":"2026-02-27T00:35:54","guid":{"rendered":"https:\/\/nordicmart.andreevmaster.com\/product\/globe-led-lamppu-7-eri-varia-usb-p108\/"},"modified":"2026-02-27T09:53:20","modified_gmt":"2026-02-27T09:53:20","slug":"globe-led-lamppu-7-eri-varia-usb-p108","status":"publish","type":"product","link":"https:\/\/nordicmart.andreevmaster.com\/fi\/tuote\/globe-led-lamppu-7-eri-varia-usb-p108\/","title":{"rendered":"Globe &#8211; LED-lamppu &#8211; 7 eri v\u00e4ri\u00e4 &#8211; USB &#8211; P108"},"content":{"rendered":"<p>Globe &#8211; LED-lamppu &#8211; 7 eri v\u00e4ri\u00e4 &#8211; USB &#8211; P108&nbsp;&nbsp;&nbsp;Pallomainen LED-lamppu on paitsi moderni gadget, my\u00f6s toimiva sisustuselementti. Sen avulla voit valita seitsem\u00e4st\u00e4 eri valov\u00e4rist\u00e4 ja s\u00e4\u00e4t\u00e4\u00e4 tunnelmaa mieltymystesi mukaan. T\u00e4m\u00e4 moderni pallomainen lamppu on paitsi vaikuttava sisustuselementti, my\u00f6s k\u00e4yt\u00e4nn\u00f6llinen gadget, joka tekee iltaisin viihtyis\u00e4mm\u00e4n miss\u00e4 tahansa sisustuksessa.&nbsp;&nbsp;T\u00e4ydellinen lahja matkailijalle:&nbsp;T\u00e4m\u00e4 on t\u00e4ydellinen lahja matkailusta pit\u00e4v\u00e4lle henkil\u00f6lle. Maapallo, jossa on 7 eri v\u00e4rinen LED-taustavalo, on paitsi kaunis koriste, my\u00f6s k\u00e4yt\u00e4nn\u00f6llinen gadget, jota voi k\u00e4ytt\u00e4\u00e4 y\u00f6lampuna tai tunnelmavalaistuksena.&nbsp;&nbsp;Elegantti koriste mihin tahansa sisustukseen:&nbsp;Globus LED-lamppu sopii t\u00e4ydellisesti koriste-elementiksi mihin tahansa sisustukseen. Moderni muotoilu ja mahdollisuus muuttaa valon v\u00e4ri\u00e4 tekev\u00e4t lampusta sopivan mihin tahansa sisustustyyliin. Maapallo on tehokas koriste ty\u00f6p\u00f6yd\u00e4lle, lastenhuoneeseen tai olohuoneeseen. Se on my\u00f6s t\u00e4ydellinen lis\u00e4 ihmisille, jotka ovat intohimoisia matkustamisesta, ja tuo ripauksen heid\u00e4n henke\u00e4\u00e4n mihin tahansa huoneeseen.&nbsp;&nbsp;Tuotetiedot:&nbsp;Mitat: korkeus noin 17 cmVirtal\u00e4hde: USB-kaapeli tai 3 x AAA-paristoa (paristot eiv\u00e4t sis\u00e4lly toimitukseen)Mahdollisuus muuttaa pallon v\u00e4ri\u00e4CE-sertifikaatti&nbsp;&nbsp;Tuote on tarkoitettu sis\u00e4k\u00e4ytt\u00f6\u00f6n.Jos kaapeli tai laite on vaurioitunut, h\u00e4vit\u00e4 se. Tuote on tarkoitettu vain koristeeksi. Tuote ei ole lelu. Pid\u00e4 poissa lasten ulottuvilta.&nbsp;&nbsp;<\/p>\n","protected":false},"excerpt":{"rendered":"<p>Globe &#8211; LED-lamppu &#8211; 7 eri v\u00e4ri\u00e4 &#8211; USB &#8211; P108&nbsp;&nbsp;&nbsp;Pallomainen LED-lamppu on paitsi moderni gadget, my\u00f6s toimiva sisustuselementti. Sen avulla voit valita seitsem\u00e4st\u00e4 eri valov\u00e4rist\u00e4 ja s\u00e4\u00e4t\u00e4\u00e4 tunnelmaa mieltymystesi mukaan. T\u00e4m\u00e4 moderni pallomainen lamppu on paitsi vaikuttava sisustuselementti, my\u00f6s k\u00e4yt\u00e4nn\u00f6llinen gadget, joka tekee iltaisin viihtyis\u00e4mm\u00e4n miss\u00e4 tahansa sisustuksessa.&nbsp;&nbsp;T\u00e4ydellinen lahja matkailijalle:&nbsp;T\u00e4m\u00e4 on t\u00e4ydellinen lahja matkailusta [&hellip;]<\/p>\n","protected":false},"featured_media":44952,"comment_status":"open","ping_status":"closed","template":"","meta":[],"product_brand":[],"product_cat":[32],"product_tag":[],"class_list":{"0":"post-36773","1":"product","2":"type-product","3":"status-publish","4":"has-post-thumbnail","6":"product_cat-uncategorized-fi","8":"first","9":"instock","10":"shipping-taxable","11":"purchasable","12":"product-type-simple"},"_links":{"self":[{"href":"https:\/\/nordicmart.andreevmaster.com\/fi\/wp-json\/wp\/v2\/product\/36773","targetHints":{"allow":["GET"]}}],"collection":[{"href":"https:\/\/nordicmart.andreevmaster.com\/fi\/wp-json\/wp\/v2\/product"}],"about":[{"href":"https:\/\/nordicmart.andreevmaster.com\/fi\/wp-json\/wp\/v2\/types\/product"}],"replies":[{"embeddable":true,"href":"https:\/\/nordicmart.andreevmaster.com\/fi\/wp-json\/wp\/v2\/comments?post=36773"}],"wp:featuredmedia":[{"embeddable":true,"href":"https:\/\/nordicmart.andreevmaster.com\/fi\/wp-json\/wp\/v2\/media\/44952"}],"wp:attachment":[{"href":"https:\/\/nordicmart.andreevmaster.com\/fi\/wp-json\/wp\/v2\/media?parent=36773"}],"wp:term":[{"taxonomy":"product_brand","embeddable":true,"href":"https:\/\/nordicmart.andreevmaster.com\/fi\/wp-json\/wp\/v2\/product_brand?post=36773"},{"taxonomy":"product_cat","embeddable":true,"href":"https:\/\/nordicmart.andreevmaster.com\/fi\/wp-json\/wp\/v2\/product_cat?post=36773"},{"taxonomy":"product_tag","embeddable":true,"href":"https:\/\/nordicmart.andreevmaster.com\/fi\/wp-json\/wp\/v2\/product_tag?post=36773"}],"curies":[{"name":"wp","href":"https:\/\/api.w.org\/{rel}","templated":true}]}}