{"id":36772,"date":"2026-02-27T00:35:54","date_gmt":"2026-02-27T00:35:54","guid":{"rendered":"https:\/\/nordicmart.andreevmaster.com\/product\/yolamppu-jalkapallo-3-varia-p107\/"},"modified":"2026-02-27T09:53:20","modified_gmt":"2026-02-27T09:53:20","slug":"yolamppu-jalkapallo-3-varia-p107","status":"publish","type":"product","link":"https:\/\/nordicmart.andreevmaster.com\/fi\/tuote\/yolamppu-jalkapallo-3-varia-p107\/","title":{"rendered":"Y\u00f6lamppu &#8211; Jalkapallo &#8211; 3 v\u00e4ri\u00e4 &#8211; P107"},"content":{"rendered":"<p>Y\u00f6lamppu &#8211; Jalkapallo &#8211; 3 v\u00e4ri\u00e4 &#8211; P107&nbsp;&nbsp;Moderni muotoilu tekee t\u00e4st\u00e4 jalkapallon muotoisesta y\u00f6lamppusta t\u00e4ydellisen gadgetin jokaiselle jalkapallofanille. Aikuiselle jalkapallofanille t\u00e4m\u00e4 lamppu voi olla loistava lahjaidea. Se lis\u00e4\u00e4 huoneeseen tunnelmallista valaistusta. Se muistuttaa sinua intohimostasi t\u00e4t\u00e4 urheilulajia kohtaan. Lamppu toimii k\u00e4yt\u00e4nn\u00f6llisen\u00e4 osana huoneen varustusta. Se on silm\u00e4\u00e4npist\u00e4v\u00e4 koriste. Se sopii t\u00e4ydellisesti lastenhuoneeseen, makuuhuoneeseen ja jokaisen fanin toimistoon. Se ei ole vain tavallinen y\u00f6lamppu, vaan my\u00f6s mielenkiintoinen gadget, joka kiinnitt\u00e4\u00e4 vieraiden huomion ja lis\u00e4\u00e4 huoneeseen urheilullista luonnetta.&nbsp;Tuotetiedot:&nbsp;Korkeus: noin 17 cmMahdollisuus muuttaa valon voimakkuutta.Virtal\u00e4hde: USB-kaapeli (mukana) tai 3 AAA-paristoa (paristot eiv\u00e4t sis\u00e4lly toimitukseen).CE-sertifikaattiGadget jalkapallofanille&nbsp;Y\u00f6lamppu &#8211; Jalkapallo on t\u00e4ydellinen tapa sisustaa jalkapalloa rakastavan lapsen huone!&nbsp;&nbsp;Tuote on tarkoitettu sis\u00e4k\u00e4ytt\u00f6\u00f6n.Jos kaapeli tai laite vaurioituu, h\u00e4vit\u00e4 se.Tuote on tarkoitettu vain koristeeksi.Tuote ei ole lelu.Pid\u00e4 poissa lasten ulottuvilta.&nbsp;<\/p>\n","protected":false},"excerpt":{"rendered":"<p>Y\u00f6lamppu &#8211; Jalkapallo &#8211; 3 v\u00e4ri\u00e4 &#8211; P107&nbsp;&nbsp;Moderni muotoilu tekee t\u00e4st\u00e4 jalkapallon muotoisesta y\u00f6lamppusta t\u00e4ydellisen gadgetin jokaiselle jalkapallofanille. Aikuiselle jalkapallofanille t\u00e4m\u00e4 lamppu voi olla loistava lahjaidea. Se lis\u00e4\u00e4 huoneeseen tunnelmallista valaistusta. Se muistuttaa sinua intohimostasi t\u00e4t\u00e4 urheilulajia kohtaan. Lamppu toimii k\u00e4yt\u00e4nn\u00f6llisen\u00e4 osana huoneen varustusta. Se on silm\u00e4\u00e4npist\u00e4v\u00e4 koriste. Se sopii t\u00e4ydellisesti lastenhuoneeseen, makuuhuoneeseen ja jokaisen [&hellip;]<\/p>\n","protected":false},"featured_media":44951,"comment_status":"open","ping_status":"closed","template":"","meta":[],"product_brand":[],"product_cat":[32],"product_tag":[],"class_list":{"0":"post-36772","1":"product","2":"type-product","3":"status-publish","4":"has-post-thumbnail","6":"product_cat-uncategorized-fi","8":"first","9":"instock","10":"shipping-taxable","11":"purchasable","12":"product-type-simple"},"_links":{"self":[{"href":"https:\/\/nordicmart.andreevmaster.com\/fi\/wp-json\/wp\/v2\/product\/36772","targetHints":{"allow":["GET"]}}],"collection":[{"href":"https:\/\/nordicmart.andreevmaster.com\/fi\/wp-json\/wp\/v2\/product"}],"about":[{"href":"https:\/\/nordicmart.andreevmaster.com\/fi\/wp-json\/wp\/v2\/types\/product"}],"replies":[{"embeddable":true,"href":"https:\/\/nordicmart.andreevmaster.com\/fi\/wp-json\/wp\/v2\/comments?post=36772"}],"wp:featuredmedia":[{"embeddable":true,"href":"https:\/\/nordicmart.andreevmaster.com\/fi\/wp-json\/wp\/v2\/media\/44951"}],"wp:attachment":[{"href":"https:\/\/nordicmart.andreevmaster.com\/fi\/wp-json\/wp\/v2\/media?parent=36772"}],"wp:term":[{"taxonomy":"product_brand","embeddable":true,"href":"https:\/\/nordicmart.andreevmaster.com\/fi\/wp-json\/wp\/v2\/product_brand?post=36772"},{"taxonomy":"product_cat","embeddable":true,"href":"https:\/\/nordicmart.andreevmaster.com\/fi\/wp-json\/wp\/v2\/product_cat?post=36772"},{"taxonomy":"product_tag","embeddable":true,"href":"https:\/\/nordicmart.andreevmaster.com\/fi\/wp-json\/wp\/v2\/product_tag?post=36772"}],"curies":[{"name":"wp","href":"https:\/\/api.w.org\/{rel}","templated":true}]}}