{"id":36771,"date":"2026-02-27T00:35:54","date_gmt":"2026-02-27T00:35:54","guid":{"rendered":"https:\/\/nordicmart.andreevmaster.com\/product\/kaksi-korttipakkaa-hartsilaatikossa-g1220a\/"},"modified":"2026-02-27T09:53:20","modified_gmt":"2026-02-27T09:53:20","slug":"kaksi-korttipakkaa-hartsilaatikossa-g1220a","status":"publish","type":"product","link":"https:\/\/nordicmart.andreevmaster.com\/fi\/tuote\/kaksi-korttipakkaa-hartsilaatikossa-g1220a\/","title":{"rendered":"Kaksi korttipakkaa hartsilaatikossa &#8211; G1220A"},"content":{"rendered":"<p>Kaksi korttipakkaa hartsilaatikossa &#8211; G1220A&nbsp;&nbsp;T\u00e4m\u00e4 setti on t\u00e4ydellinen lahja kaikille korttipelien yst\u00e4ville, sek\u00e4 aloittelijoille ett\u00e4 kokeneille pelaajille. Laatikko on valmistettu korkealaatuisesta hartsista ja koristeltu korttien kuningas- ja kuningattarensymboleilla. Valkoinen v\u00e4ri ja minimalistinen muotoilu tekev\u00e4t t\u00e4st\u00e4 setist\u00e4 t\u00e4ydellisen moderniin, skandinaaviseen tai minimalistiseen sisustukseen.&nbsp;&nbsp;Tuotetiedot:&nbsp;Mitat: 15 x 11,5 x 4 cmMateriaali: hartsiT\u00e4ydellinen lahja korttipelien yst\u00e4ville&nbsp;&nbsp;Korttipelien edut:&nbsp;Viet\u00e4 aikaa yst\u00e4vien ja perheen kanssa. Rakenna suhteita ja luo muistoja. Kehit\u00e4 strategista ajattelua ja loogisia ongelmanratkaisutaitoja. Opi selviytym\u00e4\u00e4n tappioista ja voitoista.&nbsp;<\/p>\n","protected":false},"excerpt":{"rendered":"<p>Kaksi korttipakkaa hartsilaatikossa &#8211; G1220A&nbsp;&nbsp;T\u00e4m\u00e4 setti on t\u00e4ydellinen lahja kaikille korttipelien yst\u00e4ville, sek\u00e4 aloittelijoille ett\u00e4 kokeneille pelaajille. Laatikko on valmistettu korkealaatuisesta hartsista ja koristeltu korttien kuningas- ja kuningattarensymboleilla. Valkoinen v\u00e4ri ja minimalistinen muotoilu tekev\u00e4t t\u00e4st\u00e4 setist\u00e4 t\u00e4ydellisen moderniin, skandinaaviseen tai minimalistiseen sisustukseen.&nbsp;&nbsp;Tuotetiedot:&nbsp;Mitat: 15 x 11,5 x 4 cmMateriaali: hartsiT\u00e4ydellinen lahja korttipelien yst\u00e4ville&nbsp;&nbsp;Korttipelien edut:&nbsp;Viet\u00e4 aikaa yst\u00e4vien [&hellip;]<\/p>\n","protected":false},"featured_media":44950,"comment_status":"open","ping_status":"closed","template":"","meta":[],"product_brand":[],"product_cat":[32],"product_tag":[],"class_list":{"0":"post-36771","1":"product","2":"type-product","3":"status-publish","4":"has-post-thumbnail","6":"product_cat-uncategorized-fi","8":"first","9":"instock","10":"shipping-taxable","11":"purchasable","12":"product-type-simple"},"_links":{"self":[{"href":"https:\/\/nordicmart.andreevmaster.com\/fi\/wp-json\/wp\/v2\/product\/36771","targetHints":{"allow":["GET"]}}],"collection":[{"href":"https:\/\/nordicmart.andreevmaster.com\/fi\/wp-json\/wp\/v2\/product"}],"about":[{"href":"https:\/\/nordicmart.andreevmaster.com\/fi\/wp-json\/wp\/v2\/types\/product"}],"replies":[{"embeddable":true,"href":"https:\/\/nordicmart.andreevmaster.com\/fi\/wp-json\/wp\/v2\/comments?post=36771"}],"wp:featuredmedia":[{"embeddable":true,"href":"https:\/\/nordicmart.andreevmaster.com\/fi\/wp-json\/wp\/v2\/media\/44950"}],"wp:attachment":[{"href":"https:\/\/nordicmart.andreevmaster.com\/fi\/wp-json\/wp\/v2\/media?parent=36771"}],"wp:term":[{"taxonomy":"product_brand","embeddable":true,"href":"https:\/\/nordicmart.andreevmaster.com\/fi\/wp-json\/wp\/v2\/product_brand?post=36771"},{"taxonomy":"product_cat","embeddable":true,"href":"https:\/\/nordicmart.andreevmaster.com\/fi\/wp-json\/wp\/v2\/product_cat?post=36771"},{"taxonomy":"product_tag","embeddable":true,"href":"https:\/\/nordicmart.andreevmaster.com\/fi\/wp-json\/wp\/v2\/product_tag?post=36771"}],"curies":[{"name":"wp","href":"https:\/\/api.w.org\/{rel}","templated":true}]}}