{"id":36770,"date":"2026-02-27T00:35:53","date_gmt":"2026-02-27T00:35:53","guid":{"rendered":"https:\/\/nordicmart.andreevmaster.com\/product\/korttipakka-tyylikkaassa-hartsi-ja-mdf-laatikossa-g1228\/"},"modified":"2026-02-27T09:53:19","modified_gmt":"2026-02-27T09:53:19","slug":"korttipakka-tyylikkaassa-hartsi-ja-mdf-laatikossa-g1228","status":"publish","type":"product","link":"https:\/\/nordicmart.andreevmaster.com\/fi\/tuote\/korttipakka-tyylikkaassa-hartsi-ja-mdf-laatikossa-g1228\/","title":{"rendered":"Korttipakka tyylikk\u00e4\u00e4ss\u00e4 hartsi- ja MDF-laatikossa &#8211; G1228"},"content":{"rendered":"<p>Korttipakka tyylikk\u00e4\u00e4ss\u00e4 hartsi- ja MDF-laatikossa &#8211; G1228&nbsp;&nbsp;Korttipakka tyylikk\u00e4\u00e4ss\u00e4 laatikossa on t\u00e4ydellinen lahjaidea korttipelien yst\u00e4ville ja tyylikk\u00e4it\u00e4 asusteita arvostaville. Se on t\u00e4ydellinen lahja kenelle tahansa, i\u00e4st\u00e4 tai tilaisuudesta riippumatta.&nbsp;Tyylik\u00e4s korttilaatikko voi toimia omaper\u00e4isen\u00e4 koristeena ty\u00f6p\u00f6yd\u00e4ll\u00e4, hyllyll\u00e4 tai p\u00f6yd\u00e4ll\u00e4. Laatikon musta v\u00e4ri yhdistettyn\u00e4 pata-\u00e4ss\u00e4-symboliin sopii t\u00e4ydellisesti moderniin, minimalistiseen sisustukseen.&nbsp;Tuotetiedot:&nbsp;Laatikon mitat: 12x9x3,5 cmLaatikon v\u00e4ri: Musta, valkoisilla koristeillaTyylik\u00e4s korttipakka sis\u00e4ll\u00e4Materiaali: Hartsi, MDF&nbsp;Korttipelit eiv\u00e4t ole vain hauskaa ajanvietett\u00e4, vaan my\u00f6s tapa viett\u00e4\u00e4 aikaa perheen ja yst\u00e4vien kanssa. Korttipelit auttavat kehitt\u00e4m\u00e4\u00e4n muistia, keskittymiskyky\u00e4 ja loogista ajattelua. Ne ovat loistava tapa luoda siteit\u00e4 ja ikimuistoisia muistoja.<\/p>\n","protected":false},"excerpt":{"rendered":"<p>Korttipakka tyylikk\u00e4\u00e4ss\u00e4 hartsi- ja MDF-laatikossa &#8211; G1228&nbsp;&nbsp;Korttipakka tyylikk\u00e4\u00e4ss\u00e4 laatikossa on t\u00e4ydellinen lahjaidea korttipelien yst\u00e4ville ja tyylikk\u00e4it\u00e4 asusteita arvostaville. Se on t\u00e4ydellinen lahja kenelle tahansa, i\u00e4st\u00e4 tai tilaisuudesta riippumatta.&nbsp;Tyylik\u00e4s korttilaatikko voi toimia omaper\u00e4isen\u00e4 koristeena ty\u00f6p\u00f6yd\u00e4ll\u00e4, hyllyll\u00e4 tai p\u00f6yd\u00e4ll\u00e4. Laatikon musta v\u00e4ri yhdistettyn\u00e4 pata-\u00e4ss\u00e4-symboliin sopii t\u00e4ydellisesti moderniin, minimalistiseen sisustukseen.&nbsp;Tuotetiedot:&nbsp;Laatikon mitat: 12x9x3,5 cmLaatikon v\u00e4ri: Musta, valkoisilla koristeillaTyylik\u00e4s korttipakka [&hellip;]<\/p>\n","protected":false},"featured_media":44949,"comment_status":"open","ping_status":"closed","template":"","meta":[],"product_brand":[],"product_cat":[32],"product_tag":[],"class_list":{"0":"post-36770","1":"product","2":"type-product","3":"status-publish","4":"has-post-thumbnail","6":"product_cat-uncategorized-fi","8":"first","9":"instock","10":"shipping-taxable","11":"purchasable","12":"product-type-simple"},"_links":{"self":[{"href":"https:\/\/nordicmart.andreevmaster.com\/fi\/wp-json\/wp\/v2\/product\/36770","targetHints":{"allow":["GET"]}}],"collection":[{"href":"https:\/\/nordicmart.andreevmaster.com\/fi\/wp-json\/wp\/v2\/product"}],"about":[{"href":"https:\/\/nordicmart.andreevmaster.com\/fi\/wp-json\/wp\/v2\/types\/product"}],"replies":[{"embeddable":true,"href":"https:\/\/nordicmart.andreevmaster.com\/fi\/wp-json\/wp\/v2\/comments?post=36770"}],"wp:featuredmedia":[{"embeddable":true,"href":"https:\/\/nordicmart.andreevmaster.com\/fi\/wp-json\/wp\/v2\/media\/44949"}],"wp:attachment":[{"href":"https:\/\/nordicmart.andreevmaster.com\/fi\/wp-json\/wp\/v2\/media?parent=36770"}],"wp:term":[{"taxonomy":"product_brand","embeddable":true,"href":"https:\/\/nordicmart.andreevmaster.com\/fi\/wp-json\/wp\/v2\/product_brand?post=36770"},{"taxonomy":"product_cat","embeddable":true,"href":"https:\/\/nordicmart.andreevmaster.com\/fi\/wp-json\/wp\/v2\/product_cat?post=36770"},{"taxonomy":"product_tag","embeddable":true,"href":"https:\/\/nordicmart.andreevmaster.com\/fi\/wp-json\/wp\/v2\/product_tag?post=36770"}],"curies":[{"name":"wp","href":"https:\/\/api.w.org\/{rel}","templated":true}]}}