{"id":36769,"date":"2026-02-27T00:35:53","date_gmt":"2026-02-27T00:35:53","guid":{"rendered":"https:\/\/nordicmart.andreevmaster.com\/product\/peli-tic-tac-toe-13-x-13-cm-g1078\/"},"modified":"2026-02-27T09:53:19","modified_gmt":"2026-02-27T09:53:19","slug":"peli-tic-tac-toe-13-x-13-cm-g1078","status":"publish","type":"product","link":"https:\/\/nordicmart.andreevmaster.com\/fi\/tuote\/peli-tic-tac-toe-13-x-13-cm-g1078\/","title":{"rendered":"Peli &#8211; tic-tac-toe &#8211; 13 x 13 cm &#8211; G1078"},"content":{"rendered":"<p>Peli &#8211; tic-tac-toe &#8211; 13 x 13 cm &#8211; G1078&nbsp;&nbsp;Puinen tic-tac-toe-peli on yhdistelm\u00e4 klassista viihdett\u00e4 ja tyylik\u00e4st\u00e4 muotoilua. Laadukkaasta mustasta puusta ja valkoisista osista valmistettu peli on paitsi hauska, my\u00f6s tyylik\u00e4s koriste ty\u00f6p\u00f6yd\u00e4lle tai p\u00f6yd\u00e4lle.&nbsp;Onko t\u00e4m\u00e4 hyv\u00e4 idea pieneksi lahjaksi minimalistisen muotoilun yst\u00e4v\u00e4lle tai logiikkapelien fanille? Klassisen pelattavuuden ja modernin ulkon\u00e4\u00f6n yhdistelm\u00e4 tekee siit\u00e4 t\u00e4ydellisen lahjan sek\u00e4 lapsille ett\u00e4 aikuisille.&nbsp;Tuotetiedot:&nbsp;Mitat: 13 x 13 cmMateriaali: puuV\u00e4ri: musta (hallitseva), valkoiset elementitTyylik\u00e4s, minimalistinen tyyli&nbsp;Tic-tac-toe-pelin pelaaminen ei ole vain tapa viett\u00e4\u00e4 vapaa-aikaa, vaan my\u00f6s mielenkiintoinen koriste mihin tahansa sisustukseen. Minimalistinen muotoilu sopii t\u00e4ydellisesti moderneihin ja skandinaavisiin sisustuksiin. Huomio! T\u00e4m\u00e4 tuote ei ole lelu, eik\u00e4 se sovi alle 14-vuotiaille lapsille.<\/p>\n","protected":false},"excerpt":{"rendered":"<p>Peli &#8211; tic-tac-toe &#8211; 13 x 13 cm &#8211; G1078&nbsp;&nbsp;Puinen tic-tac-toe-peli on yhdistelm\u00e4 klassista viihdett\u00e4 ja tyylik\u00e4st\u00e4 muotoilua. Laadukkaasta mustasta puusta ja valkoisista osista valmistettu peli on paitsi hauska, my\u00f6s tyylik\u00e4s koriste ty\u00f6p\u00f6yd\u00e4lle tai p\u00f6yd\u00e4lle.&nbsp;Onko t\u00e4m\u00e4 hyv\u00e4 idea pieneksi lahjaksi minimalistisen muotoilun yst\u00e4v\u00e4lle tai logiikkapelien fanille? Klassisen pelattavuuden ja modernin ulkon\u00e4\u00f6n yhdistelm\u00e4 tekee siit\u00e4 t\u00e4ydellisen [&hellip;]<\/p>\n","protected":false},"featured_media":44948,"comment_status":"open","ping_status":"closed","template":"","meta":[],"product_brand":[],"product_cat":[32],"product_tag":[],"class_list":{"0":"post-36769","1":"product","2":"type-product","3":"status-publish","4":"has-post-thumbnail","6":"product_cat-uncategorized-fi","8":"first","9":"instock","10":"shipping-taxable","11":"purchasable","12":"product-type-simple"},"_links":{"self":[{"href":"https:\/\/nordicmart.andreevmaster.com\/fi\/wp-json\/wp\/v2\/product\/36769","targetHints":{"allow":["GET"]}}],"collection":[{"href":"https:\/\/nordicmart.andreevmaster.com\/fi\/wp-json\/wp\/v2\/product"}],"about":[{"href":"https:\/\/nordicmart.andreevmaster.com\/fi\/wp-json\/wp\/v2\/types\/product"}],"replies":[{"embeddable":true,"href":"https:\/\/nordicmart.andreevmaster.com\/fi\/wp-json\/wp\/v2\/comments?post=36769"}],"wp:featuredmedia":[{"embeddable":true,"href":"https:\/\/nordicmart.andreevmaster.com\/fi\/wp-json\/wp\/v2\/media\/44948"}],"wp:attachment":[{"href":"https:\/\/nordicmart.andreevmaster.com\/fi\/wp-json\/wp\/v2\/media?parent=36769"}],"wp:term":[{"taxonomy":"product_brand","embeddable":true,"href":"https:\/\/nordicmart.andreevmaster.com\/fi\/wp-json\/wp\/v2\/product_brand?post=36769"},{"taxonomy":"product_cat","embeddable":true,"href":"https:\/\/nordicmart.andreevmaster.com\/fi\/wp-json\/wp\/v2\/product_cat?post=36769"},{"taxonomy":"product_tag","embeddable":true,"href":"https:\/\/nordicmart.andreevmaster.com\/fi\/wp-json\/wp\/v2\/product_tag?post=36769"}],"curies":[{"name":"wp","href":"https:\/\/api.w.org\/{rel}","templated":true}]}}