{"id":36768,"date":"2026-02-27T00:35:53","date_gmt":"2026-02-27T00:35:53","guid":{"rendered":"https:\/\/nordicmart.andreevmaster.com\/product\/iso-ristinolla-perinteinen-peli-25-x-25-g1079-b\/"},"modified":"2026-02-27T09:53:19","modified_gmt":"2026-02-27T09:53:19","slug":"iso-ristinolla-perinteinen-peli-25-x-25-g1079-b","status":"publish","type":"product","link":"https:\/\/nordicmart.andreevmaster.com\/fi\/tuote\/iso-ristinolla-perinteinen-peli-25-x-25-g1079-b\/","title":{"rendered":"Iso ristinolla &#8211; perinteinen peli &#8211; 25 x 25 &#8211; G1079\/B"},"content":{"rendered":"<p>Suuri tic-tac-toe &#8211; perinteinen peli &#8211; 25 x 25 &#8211; G1079\/B&nbsp;&nbsp;Suuri tic-tac-toe &#8211; perinteinen peli modernilla twistill\u00e4&nbsp;&nbsp;Puinen tic-tac-toe-lauta, jonka mitat ovat 25 x 25 cm, her\u00e4tt\u00e4\u00e4 huomiota minimalistisella, tyylikk\u00e4\u00e4ll\u00e4 muotoilullaan. Hallitseva musta v\u00e4ri yhdistettyn\u00e4 valkoisiin yksityiskohtiin tekee pelist\u00e4 tyylikk\u00e4\u00e4n ja modernin.&nbsp;T\u00e4m\u00e4 on t\u00e4ydellinen lahjaidea perinteisten pelien yst\u00e4ville. Perinteisen viihteen ja tyylikk\u00e4\u00e4n muotoilun yhdistelm\u00e4 vieh\u00e4tt\u00e4\u00e4 sek\u00e4 nuoria ett\u00e4 vanhempia pelaajia. Tic-tac-toe-pelin pelaaminen on paitsi hauskaa, my\u00f6s loistava tapa harjoitella loogista ajattelua ja strategista suunnittelua.&nbsp;&nbsp;Tuotetiedot:&nbsp;Mitat: 24 x 24 cmMateriaali: puuV\u00e4ri: musta, valkoinenElegantti, minimalistinen tyyli&nbsp;Peli\u00e4 voi k\u00e4ytt\u00e4\u00e4 my\u00f6s tyylikk\u00e4\u00e4n\u00e4 koristeena p\u00f6yd\u00e4ll\u00e4 tai hyllyll\u00e4. Minimalistinen muotoilu ja ajattomat v\u00e4rit sopivat peliin mihin tahansa sisustukseen. Nollapelin pelaaminen on loistava tapa viett\u00e4\u00e4 vapaa-aikaa perheen ja yst\u00e4vien kanssa. Se on t\u00e4ydellinen viihde pitkille iltaille tai iltap\u00e4iv\u00e4n tapaamisille. Huomio! T\u00e4m\u00e4 tuote ei ole lelu, eik\u00e4 se sovi alle 14-vuotiaille lapsille.<\/p>\n","protected":false},"excerpt":{"rendered":"<p>Suuri tic-tac-toe &#8211; perinteinen peli &#8211; 25 x 25 &#8211; G1079\/B&nbsp;&nbsp;Suuri tic-tac-toe &#8211; perinteinen peli modernilla twistill\u00e4&nbsp;&nbsp;Puinen tic-tac-toe-lauta, jonka mitat ovat 25 x 25 cm, her\u00e4tt\u00e4\u00e4 huomiota minimalistisella, tyylikk\u00e4\u00e4ll\u00e4 muotoilullaan. Hallitseva musta v\u00e4ri yhdistettyn\u00e4 valkoisiin yksityiskohtiin tekee pelist\u00e4 tyylikk\u00e4\u00e4n ja modernin.&nbsp;T\u00e4m\u00e4 on t\u00e4ydellinen lahjaidea perinteisten pelien yst\u00e4ville. Perinteisen viihteen ja tyylikk\u00e4\u00e4n muotoilun yhdistelm\u00e4 vieh\u00e4tt\u00e4\u00e4 sek\u00e4 [&hellip;]<\/p>\n","protected":false},"featured_media":44947,"comment_status":"open","ping_status":"closed","template":"","meta":[],"product_brand":[],"product_cat":[32],"product_tag":[],"class_list":{"0":"post-36768","1":"product","2":"type-product","3":"status-publish","4":"has-post-thumbnail","6":"product_cat-uncategorized-fi","8":"first","9":"instock","10":"shipping-taxable","11":"purchasable","12":"product-type-simple"},"_links":{"self":[{"href":"https:\/\/nordicmart.andreevmaster.com\/fi\/wp-json\/wp\/v2\/product\/36768","targetHints":{"allow":["GET"]}}],"collection":[{"href":"https:\/\/nordicmart.andreevmaster.com\/fi\/wp-json\/wp\/v2\/product"}],"about":[{"href":"https:\/\/nordicmart.andreevmaster.com\/fi\/wp-json\/wp\/v2\/types\/product"}],"replies":[{"embeddable":true,"href":"https:\/\/nordicmart.andreevmaster.com\/fi\/wp-json\/wp\/v2\/comments?post=36768"}],"wp:featuredmedia":[{"embeddable":true,"href":"https:\/\/nordicmart.andreevmaster.com\/fi\/wp-json\/wp\/v2\/media\/44947"}],"wp:attachment":[{"href":"https:\/\/nordicmart.andreevmaster.com\/fi\/wp-json\/wp\/v2\/media?parent=36768"}],"wp:term":[{"taxonomy":"product_brand","embeddable":true,"href":"https:\/\/nordicmart.andreevmaster.com\/fi\/wp-json\/wp\/v2\/product_brand?post=36768"},{"taxonomy":"product_cat","embeddable":true,"href":"https:\/\/nordicmart.andreevmaster.com\/fi\/wp-json\/wp\/v2\/product_cat?post=36768"},{"taxonomy":"product_tag","embeddable":true,"href":"https:\/\/nordicmart.andreevmaster.com\/fi\/wp-json\/wp\/v2\/product_tag?post=36768"}],"curies":[{"name":"wp","href":"https:\/\/api.w.org\/{rel}","templated":true}]}}