{"id":36767,"date":"2026-02-27T00:35:53","date_gmt":"2026-02-27T00:35:53","guid":{"rendered":"https:\/\/nordicmart.andreevmaster.com\/product\/messinkinen-suurennuslasi-luukahvalla-ni810\/"},"modified":"2026-02-27T09:53:19","modified_gmt":"2026-02-27T09:53:19","slug":"messinkinen-suurennuslasi-luukahvalla-ni810","status":"publish","type":"product","link":"https:\/\/nordicmart.andreevmaster.com\/fi\/tuote\/messinkinen-suurennuslasi-luukahvalla-ni810\/","title":{"rendered":"Messinkinen suurennuslasi luukahvalla NI810"},"content":{"rendered":"<p>Messinkinen suurennuslasi luukahvalla NI810&nbsp;&nbsp;Messinkinen suurennuslasi on t\u00e4ydellinen apuv\u00e4line pienen tekstin lukemiseen, karttojen, valokuvien, kolikoiden, postimerkkien ja muiden pienten esineiden katseluun. Se sopii hyvin my\u00f6s ik\u00e4\u00e4ntyneille, joilla on n\u00e4k\u00f6ongelmia.&nbsp;Luukahvainen messinkinen suurennuslasi on t\u00e4ydellinen lis\u00e4 vintage-, retro- ja moderniin sisustukseen. Se n\u00e4ytt\u00e4\u00e4 kauniilta ty\u00f6p\u00f6yd\u00e4ll\u00e4, sohvap\u00f6yd\u00e4ll\u00e4 tai lipastolla.&nbsp;Suurennuslasi on paitsi k\u00e4yt\u00e4nn\u00f6llinen apuv\u00e4line, my\u00f6s tyylik\u00e4s ja omaper\u00e4inen lahjaidea. Anna se antiikkia rakastaville, ker\u00e4ilij\u00f6ille tai ihmisille, jotka arvostavat kauniita k\u00e4ytt\u00f6esineit\u00e4.&nbsp;&nbsp;Tuotetiedot:&nbsp;Mitat: 10 x 23 x 1,9 cmMateriaali: lasi, messinkiSuurennus: noin 3,5 x&nbsp;<\/p>\n","protected":false},"excerpt":{"rendered":"<p>Messinkinen suurennuslasi luukahvalla NI810&nbsp;&nbsp;Messinkinen suurennuslasi on t\u00e4ydellinen apuv\u00e4line pienen tekstin lukemiseen, karttojen, valokuvien, kolikoiden, postimerkkien ja muiden pienten esineiden katseluun. Se sopii hyvin my\u00f6s ik\u00e4\u00e4ntyneille, joilla on n\u00e4k\u00f6ongelmia.&nbsp;Luukahvainen messinkinen suurennuslasi on t\u00e4ydellinen lis\u00e4 vintage-, retro- ja moderniin sisustukseen. Se n\u00e4ytt\u00e4\u00e4 kauniilta ty\u00f6p\u00f6yd\u00e4ll\u00e4, sohvap\u00f6yd\u00e4ll\u00e4 tai lipastolla.&nbsp;Suurennuslasi on paitsi k\u00e4yt\u00e4nn\u00f6llinen apuv\u00e4line, my\u00f6s tyylik\u00e4s ja omaper\u00e4inen lahjaidea. Anna [&hellip;]<\/p>\n","protected":false},"featured_media":44946,"comment_status":"open","ping_status":"closed","template":"","meta":[],"product_brand":[],"product_cat":[32],"product_tag":[],"class_list":{"0":"post-36767","1":"product","2":"type-product","3":"status-publish","4":"has-post-thumbnail","6":"product_cat-uncategorized-fi","8":"first","9":"instock","10":"shipping-taxable","11":"purchasable","12":"product-type-simple"},"_links":{"self":[{"href":"https:\/\/nordicmart.andreevmaster.com\/fi\/wp-json\/wp\/v2\/product\/36767","targetHints":{"allow":["GET"]}}],"collection":[{"href":"https:\/\/nordicmart.andreevmaster.com\/fi\/wp-json\/wp\/v2\/product"}],"about":[{"href":"https:\/\/nordicmart.andreevmaster.com\/fi\/wp-json\/wp\/v2\/types\/product"}],"replies":[{"embeddable":true,"href":"https:\/\/nordicmart.andreevmaster.com\/fi\/wp-json\/wp\/v2\/comments?post=36767"}],"wp:featuredmedia":[{"embeddable":true,"href":"https:\/\/nordicmart.andreevmaster.com\/fi\/wp-json\/wp\/v2\/media\/44946"}],"wp:attachment":[{"href":"https:\/\/nordicmart.andreevmaster.com\/fi\/wp-json\/wp\/v2\/media?parent=36767"}],"wp:term":[{"taxonomy":"product_brand","embeddable":true,"href":"https:\/\/nordicmart.andreevmaster.com\/fi\/wp-json\/wp\/v2\/product_brand?post=36767"},{"taxonomy":"product_cat","embeddable":true,"href":"https:\/\/nordicmart.andreevmaster.com\/fi\/wp-json\/wp\/v2\/product_cat?post=36767"},{"taxonomy":"product_tag","embeddable":true,"href":"https:\/\/nordicmart.andreevmaster.com\/fi\/wp-json\/wp\/v2\/product_tag?post=36767"}],"curies":[{"name":"wp","href":"https:\/\/api.w.org\/{rel}","templated":true}]}}