{"id":36766,"date":"2026-02-27T00:35:52","date_gmt":"2026-02-27T00:35:52","guid":{"rendered":"https:\/\/nordicmart.andreevmaster.com\/product\/messinkinen-tiimalasi-puulaatikossa-1-minuutti-ni1314a\/"},"modified":"2026-02-27T09:53:19","modified_gmt":"2026-02-27T09:53:19","slug":"messinkinen-tiimalasi-puulaatikossa-1-minuutti-ni1314a","status":"publish","type":"product","link":"https:\/\/nordicmart.andreevmaster.com\/fi\/tuote\/messinkinen-tiimalasi-puulaatikossa-1-minuutti-ni1314a\/","title":{"rendered":"Messinkinen tiimalasi puulaatikossa \u2013 1 minuutti \u2013 NI1314A"},"content":{"rendered":"<p>Messinkinen tiimalasi puulaatikossa \u2013 1 minuutti \u2013 NI1314A&nbsp;&nbsp;Messinkinen tiimalasi puulaatikossa on omaper\u00e4inen lahjaidea retrokoristeiden ja -gadgetien yst\u00e4ville sek\u00e4 ihmisille, jotka arvostavat ainutlaatuisia esineit\u00e4. 1 minuutin valumisaika tekee siit\u00e4 erinomaisen vaihtoehdon lautapelien muovisille hiekkakelloille.&nbsp;Messingin ja puun tyylik\u00e4s yhdistelm\u00e4 sopii hiekkakelloon t\u00e4ydellisesti sek\u00e4 klassisiin ett\u00e4 moderneihin sisustuksiin. Laatikon mitat (12,5 x 4,5 x 4,25 cm) tekev\u00e4t tiimalasista hienovaraisen koristeen mille tahansa ty\u00f6p\u00f6yd\u00e4lle, lipastolle tai hyllylle.&nbsp;&nbsp;Tuotetiedot:&nbsp;Laatikon mitat: 11 x 4,5 x 5 cm Tiimalasin korkeus: 8,5 cm Valumisaika: 1 minuutti Materiaali: messinki, puu Retrotyyli&nbsp;<\/p>\n","protected":false},"excerpt":{"rendered":"<p>Messinkinen tiimalasi puulaatikossa \u2013 1 minuutti \u2013 NI1314A&nbsp;&nbsp;Messinkinen tiimalasi puulaatikossa on omaper\u00e4inen lahjaidea retrokoristeiden ja -gadgetien yst\u00e4ville sek\u00e4 ihmisille, jotka arvostavat ainutlaatuisia esineit\u00e4. 1 minuutin valumisaika tekee siit\u00e4 erinomaisen vaihtoehdon lautapelien muovisille hiekkakelloille.&nbsp;Messingin ja puun tyylik\u00e4s yhdistelm\u00e4 sopii hiekkakelloon t\u00e4ydellisesti sek\u00e4 klassisiin ett\u00e4 moderneihin sisustuksiin. Laatikon mitat (12,5 x 4,5 x 4,25 cm) tekev\u00e4t tiimalasista [&hellip;]<\/p>\n","protected":false},"featured_media":44945,"comment_status":"open","ping_status":"closed","template":"","meta":[],"product_brand":[],"product_cat":[32],"product_tag":[],"class_list":{"0":"post-36766","1":"product","2":"type-product","3":"status-publish","4":"has-post-thumbnail","6":"product_cat-uncategorized-fi","8":"first","9":"instock","10":"shipping-taxable","11":"purchasable","12":"product-type-simple"},"_links":{"self":[{"href":"https:\/\/nordicmart.andreevmaster.com\/fi\/wp-json\/wp\/v2\/product\/36766","targetHints":{"allow":["GET"]}}],"collection":[{"href":"https:\/\/nordicmart.andreevmaster.com\/fi\/wp-json\/wp\/v2\/product"}],"about":[{"href":"https:\/\/nordicmart.andreevmaster.com\/fi\/wp-json\/wp\/v2\/types\/product"}],"replies":[{"embeddable":true,"href":"https:\/\/nordicmart.andreevmaster.com\/fi\/wp-json\/wp\/v2\/comments?post=36766"}],"wp:featuredmedia":[{"embeddable":true,"href":"https:\/\/nordicmart.andreevmaster.com\/fi\/wp-json\/wp\/v2\/media\/44945"}],"wp:attachment":[{"href":"https:\/\/nordicmart.andreevmaster.com\/fi\/wp-json\/wp\/v2\/media?parent=36766"}],"wp:term":[{"taxonomy":"product_brand","embeddable":true,"href":"https:\/\/nordicmart.andreevmaster.com\/fi\/wp-json\/wp\/v2\/product_brand?post=36766"},{"taxonomy":"product_cat","embeddable":true,"href":"https:\/\/nordicmart.andreevmaster.com\/fi\/wp-json\/wp\/v2\/product_cat?post=36766"},{"taxonomy":"product_tag","embeddable":true,"href":"https:\/\/nordicmart.andreevmaster.com\/fi\/wp-json\/wp\/v2\/product_tag?post=36766"}],"curies":[{"name":"wp","href":"https:\/\/api.w.org\/{rel}","templated":true}]}}