{"id":36765,"date":"2026-02-27T00:35:52","date_gmt":"2026-02-27T00:35:52","guid":{"rendered":"https:\/\/nordicmart.andreevmaster.com\/product\/puinen-ikuinen-kalenteri-ja-6-mukin-alustaa-cal-1894\/"},"modified":"2026-02-27T09:53:18","modified_gmt":"2026-02-27T09:53:18","slug":"puinen-ikuinen-kalenteri-ja-6-mukin-alustaa-cal-1894","status":"publish","type":"product","link":"https:\/\/nordicmart.andreevmaster.com\/fi\/tuote\/puinen-ikuinen-kalenteri-ja-6-mukin-alustaa-cal-1894\/","title":{"rendered":"Puinen ikuinen kalenteri ja 6 mukin alustaa &#8211; CAL-1894"},"content":{"rendered":"<p>Puinen ikuinen kalenteri ja 6 mukin alustaa &#8211; CAL-1894&nbsp;&nbsp;Puinen ikuinen kalenteri &#8211; tyylik\u00e4s ja k\u00e4yt\u00e4nn\u00f6llinen lis\u00e4 ty\u00f6p\u00f6yd\u00e4llesi&nbsp;&nbsp;Etsitk\u00f6 yksinkertaista mutta tyylik\u00e4st\u00e4 tapaa seurata aikaa? Meill\u00e4 on sinulle t\u00e4ydellinen ehdotus \u2013 puinen ikuinen kalenteri. T\u00e4m\u00e4 minimalistinen gadget ei vain t\u00e4yt\u00e4 teht\u00e4v\u00e4\u00e4ns\u00e4, vaan my\u00f6s koristaa ty\u00f6p\u00f6yt\u00e4\u00e4si.&nbsp;Kalenteri on valmistettu korkealaatuisesta puusta, mik\u00e4 takaa sen kest\u00e4vyyden. T\u00e4m\u00e4n ansiosta sinun ei tarvitse ostaa uutta kalenteria joka vuosi \u2013 t\u00e4m\u00e4 kalenteri kest\u00e4\u00e4 useita vuosia. Yleisp\u00e4tev\u00e4n muotoilunsa ansiosta se sopii mihin tahansa sisustukseen.&nbsp;&nbsp;Tuotetiedot:&nbsp;Mitat: 11,4 x 11,4 cmMateriaali: puu6 mukin alustaa mukanaPaikka kynien tai muiden tarvikkeiden s\u00e4ilytt\u00e4miseenKalenteri moneksi vuodeksi \u2013 ei tarvitse vaihtaa joka vuosiEkologinen \u2013 valmistettu luonnonmateriaalistaKoristeellinen \u2013 koristaa ty\u00f6p\u00f6yt\u00e4\u00e4&nbsp;Puinen ikuinen kalenteri on t\u00e4ydellinen lahjaidea:&nbsp;ekologisten ratkaisujen yst\u00e4villek\u00e4yt\u00e4nn\u00f6llisi\u00e4 laitteita arvostavilleminimalistisen muotoilun faneille&nbsp;<\/p>\n","protected":false},"excerpt":{"rendered":"<p>Puinen ikuinen kalenteri ja 6 mukin alustaa &#8211; CAL-1894&nbsp;&nbsp;Puinen ikuinen kalenteri &#8211; tyylik\u00e4s ja k\u00e4yt\u00e4nn\u00f6llinen lis\u00e4 ty\u00f6p\u00f6yd\u00e4llesi&nbsp;&nbsp;Etsitk\u00f6 yksinkertaista mutta tyylik\u00e4st\u00e4 tapaa seurata aikaa? Meill\u00e4 on sinulle t\u00e4ydellinen ehdotus \u2013 puinen ikuinen kalenteri. T\u00e4m\u00e4 minimalistinen gadget ei vain t\u00e4yt\u00e4 teht\u00e4v\u00e4\u00e4ns\u00e4, vaan my\u00f6s koristaa ty\u00f6p\u00f6yt\u00e4\u00e4si.&nbsp;Kalenteri on valmistettu korkealaatuisesta puusta, mik\u00e4 takaa sen kest\u00e4vyyden. T\u00e4m\u00e4n ansiosta sinun ei [&hellip;]<\/p>\n","protected":false},"featured_media":44944,"comment_status":"open","ping_status":"closed","template":"","meta":[],"product_brand":[],"product_cat":[32],"product_tag":[],"class_list":{"0":"post-36765","1":"product","2":"type-product","3":"status-publish","4":"has-post-thumbnail","6":"product_cat-uncategorized-fi","8":"first","9":"instock","10":"shipping-taxable","11":"purchasable","12":"product-type-simple"},"_links":{"self":[{"href":"https:\/\/nordicmart.andreevmaster.com\/fi\/wp-json\/wp\/v2\/product\/36765","targetHints":{"allow":["GET"]}}],"collection":[{"href":"https:\/\/nordicmart.andreevmaster.com\/fi\/wp-json\/wp\/v2\/product"}],"about":[{"href":"https:\/\/nordicmart.andreevmaster.com\/fi\/wp-json\/wp\/v2\/types\/product"}],"replies":[{"embeddable":true,"href":"https:\/\/nordicmart.andreevmaster.com\/fi\/wp-json\/wp\/v2\/comments?post=36765"}],"wp:featuredmedia":[{"embeddable":true,"href":"https:\/\/nordicmart.andreevmaster.com\/fi\/wp-json\/wp\/v2\/media\/44944"}],"wp:attachment":[{"href":"https:\/\/nordicmart.andreevmaster.com\/fi\/wp-json\/wp\/v2\/media?parent=36765"}],"wp:term":[{"taxonomy":"product_brand","embeddable":true,"href":"https:\/\/nordicmart.andreevmaster.com\/fi\/wp-json\/wp\/v2\/product_brand?post=36765"},{"taxonomy":"product_cat","embeddable":true,"href":"https:\/\/nordicmart.andreevmaster.com\/fi\/wp-json\/wp\/v2\/product_cat?post=36765"},{"taxonomy":"product_tag","embeddable":true,"href":"https:\/\/nordicmart.andreevmaster.com\/fi\/wp-json\/wp\/v2\/product_tag?post=36765"}],"curies":[{"name":"wp","href":"https:\/\/api.w.org\/{rel}","templated":true}]}}