{"id":36764,"date":"2026-02-27T00:35:52","date_gmt":"2026-02-27T00:35:52","guid":{"rendered":"https:\/\/nordicmart.andreevmaster.com\/product\/kaksi-korttipakkaa-hartsilaatikossa-51668\/"},"modified":"2026-02-27T09:53:18","modified_gmt":"2026-02-27T09:53:18","slug":"kaksi-korttipakkaa-hartsilaatikossa-51668","status":"publish","type":"product","link":"https:\/\/nordicmart.andreevmaster.com\/fi\/tuote\/kaksi-korttipakkaa-hartsilaatikossa-51668\/","title":{"rendered":"Kaksi korttipakkaa hartsilaatikossa &#8211; 51668"},"content":{"rendered":"<p>Kaksi korttipakkaa hartsilaatikossa &#8211; 51668&nbsp;&nbsp;&nbsp;Etsitk\u00f6 tyylik\u00e4st\u00e4 ja k\u00e4yt\u00e4nn\u00f6llist\u00e4 lahjaa pelaajalle? T\u00e4m\u00e4 kahden korttipakan setti koristeellisessa hartsilaatikossa on t\u00e4ydellinen valinta! &nbsp;Se on k\u00e4yt\u00e4nn\u00f6llinen ja tyylik\u00e4s lahja, joka miellytt\u00e4\u00e4 varmasti kaikkia korttipelien yst\u00e4vi\u00e4. Hartsilaatikon omaper\u00e4inen muotoilu tekee setist\u00e4 paitsi k\u00e4yt\u00e4nn\u00f6llisen esineen my\u00f6s sisustuksen koristeen. Sek\u00e4 kortit ett\u00e4 laatikko on valmistettu korkealaatuisista materiaaleista.&nbsp;&nbsp;Tuotetiedot:&nbsp;Laatikon mitat: 15 x 11,75 x 4 cmSetti sis\u00e4lt\u00e4\u00e4 kaksi tavallista korttipakkaa ja tyylikk\u00e4\u00e4n laatikonHartsilaatikko, koristeltu \u00e4ss\u00e4symbolilla&nbsp;<\/p>\n","protected":false},"excerpt":{"rendered":"<p>Kaksi korttipakkaa hartsilaatikossa &#8211; 51668&nbsp;&nbsp;&nbsp;Etsitk\u00f6 tyylik\u00e4st\u00e4 ja k\u00e4yt\u00e4nn\u00f6llist\u00e4 lahjaa pelaajalle? T\u00e4m\u00e4 kahden korttipakan setti koristeellisessa hartsilaatikossa on t\u00e4ydellinen valinta! &nbsp;Se on k\u00e4yt\u00e4nn\u00f6llinen ja tyylik\u00e4s lahja, joka miellytt\u00e4\u00e4 varmasti kaikkia korttipelien yst\u00e4vi\u00e4. Hartsilaatikon omaper\u00e4inen muotoilu tekee setist\u00e4 paitsi k\u00e4yt\u00e4nn\u00f6llisen esineen my\u00f6s sisustuksen koristeen. Sek\u00e4 kortit ett\u00e4 laatikko on valmistettu korkealaatuisista materiaaleista.&nbsp;&nbsp;Tuotetiedot:&nbsp;Laatikon mitat: 15 x 11,75 x [&hellip;]<\/p>\n","protected":false},"featured_media":44943,"comment_status":"open","ping_status":"closed","template":"","meta":[],"product_brand":[],"product_cat":[32],"product_tag":[],"class_list":{"0":"post-36764","1":"product","2":"type-product","3":"status-publish","4":"has-post-thumbnail","6":"product_cat-uncategorized-fi","8":"first","9":"instock","10":"shipping-taxable","11":"purchasable","12":"product-type-simple"},"_links":{"self":[{"href":"https:\/\/nordicmart.andreevmaster.com\/fi\/wp-json\/wp\/v2\/product\/36764","targetHints":{"allow":["GET"]}}],"collection":[{"href":"https:\/\/nordicmart.andreevmaster.com\/fi\/wp-json\/wp\/v2\/product"}],"about":[{"href":"https:\/\/nordicmart.andreevmaster.com\/fi\/wp-json\/wp\/v2\/types\/product"}],"replies":[{"embeddable":true,"href":"https:\/\/nordicmart.andreevmaster.com\/fi\/wp-json\/wp\/v2\/comments?post=36764"}],"wp:featuredmedia":[{"embeddable":true,"href":"https:\/\/nordicmart.andreevmaster.com\/fi\/wp-json\/wp\/v2\/media\/44943"}],"wp:attachment":[{"href":"https:\/\/nordicmart.andreevmaster.com\/fi\/wp-json\/wp\/v2\/media?parent=36764"}],"wp:term":[{"taxonomy":"product_brand","embeddable":true,"href":"https:\/\/nordicmart.andreevmaster.com\/fi\/wp-json\/wp\/v2\/product_brand?post=36764"},{"taxonomy":"product_cat","embeddable":true,"href":"https:\/\/nordicmart.andreevmaster.com\/fi\/wp-json\/wp\/v2\/product_cat?post=36764"},{"taxonomy":"product_tag","embeddable":true,"href":"https:\/\/nordicmart.andreevmaster.com\/fi\/wp-json\/wp\/v2\/product_tag?post=36764"}],"curies":[{"name":"wp","href":"https:\/\/api.w.org\/{rel}","templated":true}]}}