{"id":36763,"date":"2026-02-27T00:35:52","date_gmt":"2026-02-27T00:35:52","guid":{"rendered":"https:\/\/nordicmart.andreevmaster.com\/product\/tic-tac-toe-marmorijalustalla-1598\/"},"modified":"2026-02-27T09:53:18","modified_gmt":"2026-02-27T09:53:18","slug":"tic-tac-toe-marmorijalustalla-1598","status":"publish","type":"product","link":"https:\/\/nordicmart.andreevmaster.com\/fi\/tuote\/tic-tac-toe-marmorijalustalla-1598\/","title":{"rendered":"Tic-tac-toe marmorijalustalla &#8211; 1598"},"content":{"rendered":"<p>Tic-tac-toe marmoripohjalla &#8211; 1598&nbsp;&nbsp;&nbsp;Tic-tac-toe marmoripohjalla on tyylik\u00e4s versio lapsuudessa suositusta klassisesta strategiapelist\u00e4. Kultaiset ympyr\u00e4t ja ristit on valmistettu messingist\u00e4. T\u00e4m\u00e4 perinteinen peli t\u00e4llaisessa muodossa voi olla omaper\u00e4inen lahja, joka vie vastaanottajan hetkeksi takaisin nuoruuden vuosiin.&nbsp;Tic-tac-toe t\u00e4ss\u00e4 versiossa n\u00e4ytt\u00e4\u00e4 upealta p\u00f6yd\u00e4ll\u00e4. Marmorinen pohja ja kultaiset elementit ovat yhdistelm\u00e4, joka osoittaa juuri oikean m\u00e4\u00e4r\u00e4n eleganssia. T\u00e4m\u00e4n ansiosta tuote voi olla my\u00f6s mielenkiintoinen sisustuselementti glamour- ja modernityylisiss\u00e4 huoneissa.&nbsp;&nbsp;Tuotetiedot:&nbsp;Mitat: 14 x 14 cmMateriaali: marmori, messinkiAjaton perinteinen peli tyylikk\u00e4\u00e4ss\u00e4 versiossa&nbsp;&nbsp;Huomio!&nbsp;T\u00e4m\u00e4 tuote ei ole lelu, eik\u00e4 se sovellu alle 14-vuotiaille lapsille.&nbsp;<\/p>\n","protected":false},"excerpt":{"rendered":"<p>Tic-tac-toe marmoripohjalla &#8211; 1598&nbsp;&nbsp;&nbsp;Tic-tac-toe marmoripohjalla on tyylik\u00e4s versio lapsuudessa suositusta klassisesta strategiapelist\u00e4. Kultaiset ympyr\u00e4t ja ristit on valmistettu messingist\u00e4. T\u00e4m\u00e4 perinteinen peli t\u00e4llaisessa muodossa voi olla omaper\u00e4inen lahja, joka vie vastaanottajan hetkeksi takaisin nuoruuden vuosiin.&nbsp;Tic-tac-toe t\u00e4ss\u00e4 versiossa n\u00e4ytt\u00e4\u00e4 upealta p\u00f6yd\u00e4ll\u00e4. Marmorinen pohja ja kultaiset elementit ovat yhdistelm\u00e4, joka osoittaa juuri oikean m\u00e4\u00e4r\u00e4n eleganssia. T\u00e4m\u00e4n ansiosta [&hellip;]<\/p>\n","protected":false},"featured_media":44942,"comment_status":"open","ping_status":"closed","template":"","meta":[],"product_brand":[],"product_cat":[32],"product_tag":[],"class_list":{"0":"post-36763","1":"product","2":"type-product","3":"status-publish","4":"has-post-thumbnail","6":"product_cat-uncategorized-fi","8":"first","9":"instock","10":"shipping-taxable","11":"purchasable","12":"product-type-simple"},"_links":{"self":[{"href":"https:\/\/nordicmart.andreevmaster.com\/fi\/wp-json\/wp\/v2\/product\/36763","targetHints":{"allow":["GET"]}}],"collection":[{"href":"https:\/\/nordicmart.andreevmaster.com\/fi\/wp-json\/wp\/v2\/product"}],"about":[{"href":"https:\/\/nordicmart.andreevmaster.com\/fi\/wp-json\/wp\/v2\/types\/product"}],"replies":[{"embeddable":true,"href":"https:\/\/nordicmart.andreevmaster.com\/fi\/wp-json\/wp\/v2\/comments?post=36763"}],"wp:featuredmedia":[{"embeddable":true,"href":"https:\/\/nordicmart.andreevmaster.com\/fi\/wp-json\/wp\/v2\/media\/44942"}],"wp:attachment":[{"href":"https:\/\/nordicmart.andreevmaster.com\/fi\/wp-json\/wp\/v2\/media?parent=36763"}],"wp:term":[{"taxonomy":"product_brand","embeddable":true,"href":"https:\/\/nordicmart.andreevmaster.com\/fi\/wp-json\/wp\/v2\/product_brand?post=36763"},{"taxonomy":"product_cat","embeddable":true,"href":"https:\/\/nordicmart.andreevmaster.com\/fi\/wp-json\/wp\/v2\/product_cat?post=36763"},{"taxonomy":"product_tag","embeddable":true,"href":"https:\/\/nordicmart.andreevmaster.com\/fi\/wp-json\/wp\/v2\/product_tag?post=36763"}],"curies":[{"name":"wp","href":"https:\/\/api.w.org\/{rel}","templated":true}]}}