{"id":36762,"date":"2026-02-27T00:35:51","date_gmt":"2026-02-27T00:35:51","guid":{"rendered":"https:\/\/nordicmart.andreevmaster.com\/product\/pegasus-koristeellinen-alumiininen-figuuri-teras-ja-puualustalla-ni9935\/"},"modified":"2026-02-27T09:53:18","modified_gmt":"2026-02-27T09:53:18","slug":"pegasus-koristeellinen-alumiininen-figuuri-teras-ja-puualustalla-ni9935","status":"publish","type":"product","link":"https:\/\/nordicmart.andreevmaster.com\/fi\/tuote\/pegasus-koristeellinen-alumiininen-figuuri-teras-ja-puualustalla-ni9935\/","title":{"rendered":"Pegasus &#8211; koristeellinen alumiininen figuuri ter\u00e4s- ja puualustalla &#8211; NI9935"},"content":{"rendered":"<p>Pegasus &#8211; koristeellinen alumiininen figuuri ter\u00e4s- ja puualustalla &#8211; NI9935&nbsp;&nbsp;Etsitk\u00f6 tyylik\u00e4st\u00e4 ja modernia koristetta sisustukseesi? Pegasus-figuuri on t\u00e4ydellinen valinta! Alumiinin ja puun tyylik\u00e4s yhdistelm\u00e4 tuo luonnetta mihin tahansa huoneeseen.&nbsp;Pegasus sopii t\u00e4ydellisesti moderneihin, minimalistisiin sisustuksiin sek\u00e4 klassisempiin j\u00e4rjestelyihin. Se on kaunis koriste lipastolle, hyllylle tai ty\u00f6p\u00f6yd\u00e4lle.&nbsp;Pegasus-patsas on my\u00f6s loistava lahjaidea hevosista, kreikkalaisesta mytologiasta tai yksinkertaisesti kauniista esineist\u00e4 kiinnostuneille. Pegasus on kiehtova olento, joka on inspiroinut ihmisi\u00e4 ymp\u00e4ri maailmaa vuosisatojen ajan. Se on monien arvojen, kuten inspiraation, runouden, taiteen ja vapauden symboli.&nbsp;&nbsp;Tuotetiedot:&nbsp;Mitat: 27,5 x 16 x 36 cmMateriaali: alumiininen figuuri, ter\u00e4s- ja puupohjaV\u00e4ri: hopea, musta pohjaLaadukas ty\u00f6nj\u00e4lkiElegantti koriste&nbsp;<\/p>\n","protected":false},"excerpt":{"rendered":"<p>Pegasus &#8211; koristeellinen alumiininen figuuri ter\u00e4s- ja puualustalla &#8211; NI9935&nbsp;&nbsp;Etsitk\u00f6 tyylik\u00e4st\u00e4 ja modernia koristetta sisustukseesi? Pegasus-figuuri on t\u00e4ydellinen valinta! Alumiinin ja puun tyylik\u00e4s yhdistelm\u00e4 tuo luonnetta mihin tahansa huoneeseen.&nbsp;Pegasus sopii t\u00e4ydellisesti moderneihin, minimalistisiin sisustuksiin sek\u00e4 klassisempiin j\u00e4rjestelyihin. Se on kaunis koriste lipastolle, hyllylle tai ty\u00f6p\u00f6yd\u00e4lle.&nbsp;Pegasus-patsas on my\u00f6s loistava lahjaidea hevosista, kreikkalaisesta mytologiasta tai yksinkertaisesti kauniista [&hellip;]<\/p>\n","protected":false},"featured_media":44941,"comment_status":"open","ping_status":"closed","template":"","meta":[],"product_brand":[],"product_cat":[32],"product_tag":[],"class_list":{"0":"post-36762","1":"product","2":"type-product","3":"status-publish","4":"has-post-thumbnail","6":"product_cat-uncategorized-fi","8":"first","9":"instock","10":"shipping-taxable","11":"purchasable","12":"product-type-simple"},"_links":{"self":[{"href":"https:\/\/nordicmart.andreevmaster.com\/fi\/wp-json\/wp\/v2\/product\/36762","targetHints":{"allow":["GET"]}}],"collection":[{"href":"https:\/\/nordicmart.andreevmaster.com\/fi\/wp-json\/wp\/v2\/product"}],"about":[{"href":"https:\/\/nordicmart.andreevmaster.com\/fi\/wp-json\/wp\/v2\/types\/product"}],"replies":[{"embeddable":true,"href":"https:\/\/nordicmart.andreevmaster.com\/fi\/wp-json\/wp\/v2\/comments?post=36762"}],"wp:featuredmedia":[{"embeddable":true,"href":"https:\/\/nordicmart.andreevmaster.com\/fi\/wp-json\/wp\/v2\/media\/44941"}],"wp:attachment":[{"href":"https:\/\/nordicmart.andreevmaster.com\/fi\/wp-json\/wp\/v2\/media?parent=36762"}],"wp:term":[{"taxonomy":"product_brand","embeddable":true,"href":"https:\/\/nordicmart.andreevmaster.com\/fi\/wp-json\/wp\/v2\/product_brand?post=36762"},{"taxonomy":"product_cat","embeddable":true,"href":"https:\/\/nordicmart.andreevmaster.com\/fi\/wp-json\/wp\/v2\/product_cat?post=36762"},{"taxonomy":"product_tag","embeddable":true,"href":"https:\/\/nordicmart.andreevmaster.com\/fi\/wp-json\/wp\/v2\/product_tag?post=36762"}],"curies":[{"name":"wp","href":"https:\/\/api.w.org\/{rel}","templated":true}]}}