{"id":36761,"date":"2026-02-27T00:35:51","date_gmt":"2026-02-27T00:35:51","guid":{"rendered":"https:\/\/nordicmart.andreevmaster.com\/product\/kaunis-hevonen-alumiininen-pienoismalli-puupohjalla-ni9537\/"},"modified":"2026-02-27T09:53:18","modified_gmt":"2026-02-27T09:53:18","slug":"kaunis-hevonen-alumiininen-pienoismalli-puupohjalla-ni9537","status":"publish","type":"product","link":"https:\/\/nordicmart.andreevmaster.com\/fi\/tuote\/kaunis-hevonen-alumiininen-pienoismalli-puupohjalla-ni9537\/","title":{"rendered":"Kaunis hevonen &#8211; alumiininen pienoismalli puupohjalla NI9537"},"content":{"rendered":"<p>Kaunis hevonen &#8211; alumiininen pienoismalli puupohjalla NI9537&nbsp;&nbsp;Kaunis ja elegantti hevosen pienoismalli puupohjalla. Koriste-esine, joka t\u00e4ydent\u00e4\u00e4 glamour-, retro- tai loft-tyylist\u00e4 huonetta. &nbsp;Se sopii erinomaisesti tyylikk\u00e4\u00e4ksi, ajattomaksi lahjaksi.&nbsp;&nbsp;Tuotetiedot:&nbsp;Mitat: 27,5 x 15 x 27,5 cmMateriaali: alumiini, puuV\u00e4ri: kulta, ruskea&nbsp;<\/p>\n","protected":false},"excerpt":{"rendered":"<p>Kaunis hevonen &#8211; alumiininen pienoismalli puupohjalla NI9537&nbsp;&nbsp;Kaunis ja elegantti hevosen pienoismalli puupohjalla. Koriste-esine, joka t\u00e4ydent\u00e4\u00e4 glamour-, retro- tai loft-tyylist\u00e4 huonetta. &nbsp;Se sopii erinomaisesti tyylikk\u00e4\u00e4ksi, ajattomaksi lahjaksi.&nbsp;&nbsp;Tuotetiedot:&nbsp;Mitat: 27,5 x 15 x 27,5 cmMateriaali: alumiini, puuV\u00e4ri: kulta, ruskea&nbsp;<\/p>\n","protected":false},"featured_media":44940,"comment_status":"open","ping_status":"closed","template":"","meta":[],"product_brand":[],"product_cat":[32],"product_tag":[],"class_list":{"0":"post-36761","1":"product","2":"type-product","3":"status-publish","4":"has-post-thumbnail","6":"product_cat-uncategorized-fi","8":"first","9":"instock","10":"shipping-taxable","11":"purchasable","12":"product-type-simple"},"_links":{"self":[{"href":"https:\/\/nordicmart.andreevmaster.com\/fi\/wp-json\/wp\/v2\/product\/36761","targetHints":{"allow":["GET"]}}],"collection":[{"href":"https:\/\/nordicmart.andreevmaster.com\/fi\/wp-json\/wp\/v2\/product"}],"about":[{"href":"https:\/\/nordicmart.andreevmaster.com\/fi\/wp-json\/wp\/v2\/types\/product"}],"replies":[{"embeddable":true,"href":"https:\/\/nordicmart.andreevmaster.com\/fi\/wp-json\/wp\/v2\/comments?post=36761"}],"wp:featuredmedia":[{"embeddable":true,"href":"https:\/\/nordicmart.andreevmaster.com\/fi\/wp-json\/wp\/v2\/media\/44940"}],"wp:attachment":[{"href":"https:\/\/nordicmart.andreevmaster.com\/fi\/wp-json\/wp\/v2\/media?parent=36761"}],"wp:term":[{"taxonomy":"product_brand","embeddable":true,"href":"https:\/\/nordicmart.andreevmaster.com\/fi\/wp-json\/wp\/v2\/product_brand?post=36761"},{"taxonomy":"product_cat","embeddable":true,"href":"https:\/\/nordicmart.andreevmaster.com\/fi\/wp-json\/wp\/v2\/product_cat?post=36761"},{"taxonomy":"product_tag","embeddable":true,"href":"https:\/\/nordicmart.andreevmaster.com\/fi\/wp-json\/wp\/v2\/product_tag?post=36761"}],"curies":[{"name":"wp","href":"https:\/\/api.w.org\/{rel}","templated":true}]}}