{"id":36760,"date":"2026-02-27T00:35:51","date_gmt":"2026-02-27T00:35:51","guid":{"rendered":"https:\/\/nordicmart.andreevmaster.com\/product\/ikuinen-kalenteri-messinki-ja-puu-ni1415\/"},"modified":"2026-02-27T09:53:17","modified_gmt":"2026-02-27T09:53:17","slug":"ikuinen-kalenteri-messinki-ja-puu-ni1415","status":"publish","type":"product","link":"https:\/\/nordicmart.andreevmaster.com\/fi\/tuote\/ikuinen-kalenteri-messinki-ja-puu-ni1415\/","title":{"rendered":"Ikuinen kalenteri &#8211; Messinki ja puu &#8211; NI1415"},"content":{"rendered":"<p>Ikuinen kalenteri &#8211; Messinki ja puu &#8211; NI1415&nbsp;&nbsp;&nbsp;Ikuisen kalenterin avulla voit m\u00e4\u00e4ritt\u00e4\u00e4, mik\u00e4 viikonp\u00e4iv\u00e4 on mill\u00e4kin p\u00e4iv\u00e4n\u00e4 tulevina vuosina. T\u00e4m\u00e4 on mahdollista siirrett\u00e4v\u00e4n kalenterikiekon ansiosta. Jos haluat tarkistaa, mik\u00e4 viikonp\u00e4iv\u00e4 tietty p\u00e4iv\u00e4m\u00e4\u00e4r\u00e4 on, aseta haluamasi vuosi sopivan kuukauden yl\u00e4puolelle. Etsim\u00e4si viikonp\u00e4iv\u00e4 n\u00e4kyy ikkunassa.&nbsp;Vuosikalenteri on hauska ja tyylik\u00e4s apuv\u00e4line johtajalle, tapahtumasuunnittelijalle tai astrologille. Se auttaa p\u00e4iv\u00e4m\u00e4\u00e4r\u00e4n asettamisessa ja toimii tarvittaessa paperipainona.&nbsp;&nbsp;Tuotetiedot:&nbsp;Materiaali: puu, messinkiV\u00e4ri: ruskea, kultaMitat: 7,5 x 3,5 cm&nbsp;Ikuinen kalenteri sopii hyvin:&nbsp;Astrologin gadgetiksiJohtajan lahjaksiTapahtumasuunnittelijan lahjaksiPaperipainoksi&nbsp;<\/p>\n","protected":false},"excerpt":{"rendered":"<p>Ikuinen kalenteri &#8211; Messinki ja puu &#8211; NI1415&nbsp;&nbsp;&nbsp;Ikuisen kalenterin avulla voit m\u00e4\u00e4ritt\u00e4\u00e4, mik\u00e4 viikonp\u00e4iv\u00e4 on mill\u00e4kin p\u00e4iv\u00e4n\u00e4 tulevina vuosina. T\u00e4m\u00e4 on mahdollista siirrett\u00e4v\u00e4n kalenterikiekon ansiosta. Jos haluat tarkistaa, mik\u00e4 viikonp\u00e4iv\u00e4 tietty p\u00e4iv\u00e4m\u00e4\u00e4r\u00e4 on, aseta haluamasi vuosi sopivan kuukauden yl\u00e4puolelle. Etsim\u00e4si viikonp\u00e4iv\u00e4 n\u00e4kyy ikkunassa.&nbsp;Vuosikalenteri on hauska ja tyylik\u00e4s apuv\u00e4line johtajalle, tapahtumasuunnittelijalle tai astrologille. Se auttaa p\u00e4iv\u00e4m\u00e4\u00e4r\u00e4n [&hellip;]<\/p>\n","protected":false},"featured_media":44939,"comment_status":"open","ping_status":"closed","template":"","meta":[],"product_brand":[],"product_cat":[32],"product_tag":[],"class_list":{"0":"post-36760","1":"product","2":"type-product","3":"status-publish","4":"has-post-thumbnail","6":"product_cat-uncategorized-fi","8":"first","9":"instock","10":"shipping-taxable","11":"purchasable","12":"product-type-simple"},"_links":{"self":[{"href":"https:\/\/nordicmart.andreevmaster.com\/fi\/wp-json\/wp\/v2\/product\/36760","targetHints":{"allow":["GET"]}}],"collection":[{"href":"https:\/\/nordicmart.andreevmaster.com\/fi\/wp-json\/wp\/v2\/product"}],"about":[{"href":"https:\/\/nordicmart.andreevmaster.com\/fi\/wp-json\/wp\/v2\/types\/product"}],"replies":[{"embeddable":true,"href":"https:\/\/nordicmart.andreevmaster.com\/fi\/wp-json\/wp\/v2\/comments?post=36760"}],"wp:featuredmedia":[{"embeddable":true,"href":"https:\/\/nordicmart.andreevmaster.com\/fi\/wp-json\/wp\/v2\/media\/44939"}],"wp:attachment":[{"href":"https:\/\/nordicmart.andreevmaster.com\/fi\/wp-json\/wp\/v2\/media?parent=36760"}],"wp:term":[{"taxonomy":"product_brand","embeddable":true,"href":"https:\/\/nordicmart.andreevmaster.com\/fi\/wp-json\/wp\/v2\/product_brand?post=36760"},{"taxonomy":"product_cat","embeddable":true,"href":"https:\/\/nordicmart.andreevmaster.com\/fi\/wp-json\/wp\/v2\/product_cat?post=36760"},{"taxonomy":"product_tag","embeddable":true,"href":"https:\/\/nordicmart.andreevmaster.com\/fi\/wp-json\/wp\/v2\/product_tag?post=36760"}],"curies":[{"name":"wp","href":"https:\/\/api.w.org\/{rel}","templated":true}]}}