{"id":36759,"date":"2026-02-27T00:35:51","date_gmt":"2026-02-27T00:35:51","guid":{"rendered":"https:\/\/nordicmart.andreevmaster.com\/product\/sukeltajan-kypara-us-navy-nc2084b\/"},"modified":"2026-02-27T09:53:17","modified_gmt":"2026-02-27T09:53:17","slug":"sukeltajan-kypara-us-navy-nc2084b","status":"publish","type":"product","link":"https:\/\/nordicmart.andreevmaster.com\/fi\/tuote\/sukeltajan-kypara-us-navy-nc2084b\/","title":{"rendered":"Sukeltajan kyp\u00e4r\u00e4 \u2013 US Navy \u2013 NC2084B"},"content":{"rendered":"<p>Sukeltajan kyp\u00e4r\u00e4 \u2013 US Navy \u2013 NC2084B&nbsp;&nbsp;Sukeltajan kyp\u00e4r\u00e4 \u2013 Replica \u2013 US Navy on ainutlaatuinen koriste-esine merenkulkuhenkisell\u00e4 tunnelmalla. Messingist\u00e4 valmistettu kyp\u00e4r\u00e4 viittaa klassisiin sukelluskyp\u00e4riin 1940-luvulta. Sukeltajan kyp\u00e4r\u00e4 on universaali koriste, joka sopii mihin tahansa sisustukseen. Siit\u00e4 voi tulla sisustuksen keskipiste tai hienovarainen yksityiskohta, joka tuo tilaan merenkulkuhenke\u00e4.&nbsp;Sukeltajan kyp\u00e4r\u00e4 on t\u00e4ydellinen lahjaidea: purjehduksen ja sukelluksen harrastajille, merihistorian yst\u00e4ville tai ihmisille, jotka etsiv\u00e4t ainutlaatuisia ja erikoisia sisustuskoristeita.&nbsp;&nbsp;Tuotetiedot:&nbsp;Mitat: 18,5 x 19,5 x 20,5 cmMateriaali: messinkiV\u00e4ri: kultaLaadukas valmistusUpea koriste merenkulkuhenkisell\u00e4 tunnelmallaLahja purjehdusharrastajalle&nbsp;Jos etsit ainutlaatuista lahjaa meren tai merenkulun yst\u00e4v\u00e4lle, Sukeltajan kyp\u00e4r\u00e4 \u2013 Replica \u2013 US Navy on t\u00e4ydellinen valinta.&nbsp;<\/p>\n","protected":false},"excerpt":{"rendered":"<p>Sukeltajan kyp\u00e4r\u00e4 \u2013 US Navy \u2013 NC2084B&nbsp;&nbsp;Sukeltajan kyp\u00e4r\u00e4 \u2013 Replica \u2013 US Navy on ainutlaatuinen koriste-esine merenkulkuhenkisell\u00e4 tunnelmalla. Messingist\u00e4 valmistettu kyp\u00e4r\u00e4 viittaa klassisiin sukelluskyp\u00e4riin 1940-luvulta. Sukeltajan kyp\u00e4r\u00e4 on universaali koriste, joka sopii mihin tahansa sisustukseen. Siit\u00e4 voi tulla sisustuksen keskipiste tai hienovarainen yksityiskohta, joka tuo tilaan merenkulkuhenke\u00e4.&nbsp;Sukeltajan kyp\u00e4r\u00e4 on t\u00e4ydellinen lahjaidea: purjehduksen ja sukelluksen harrastajille, [&hellip;]<\/p>\n","protected":false},"featured_media":44938,"comment_status":"open","ping_status":"closed","template":"","meta":[],"product_brand":[],"product_cat":[32],"product_tag":[],"class_list":{"0":"post-36759","1":"product","2":"type-product","3":"status-publish","4":"has-post-thumbnail","6":"product_cat-uncategorized-fi","8":"first","9":"instock","10":"shipping-taxable","11":"purchasable","12":"product-type-simple"},"_links":{"self":[{"href":"https:\/\/nordicmart.andreevmaster.com\/fi\/wp-json\/wp\/v2\/product\/36759","targetHints":{"allow":["GET"]}}],"collection":[{"href":"https:\/\/nordicmart.andreevmaster.com\/fi\/wp-json\/wp\/v2\/product"}],"about":[{"href":"https:\/\/nordicmart.andreevmaster.com\/fi\/wp-json\/wp\/v2\/types\/product"}],"replies":[{"embeddable":true,"href":"https:\/\/nordicmart.andreevmaster.com\/fi\/wp-json\/wp\/v2\/comments?post=36759"}],"wp:featuredmedia":[{"embeddable":true,"href":"https:\/\/nordicmart.andreevmaster.com\/fi\/wp-json\/wp\/v2\/media\/44938"}],"wp:attachment":[{"href":"https:\/\/nordicmart.andreevmaster.com\/fi\/wp-json\/wp\/v2\/media?parent=36759"}],"wp:term":[{"taxonomy":"product_brand","embeddable":true,"href":"https:\/\/nordicmart.andreevmaster.com\/fi\/wp-json\/wp\/v2\/product_brand?post=36759"},{"taxonomy":"product_cat","embeddable":true,"href":"https:\/\/nordicmart.andreevmaster.com\/fi\/wp-json\/wp\/v2\/product_cat?post=36759"},{"taxonomy":"product_tag","embeddable":true,"href":"https:\/\/nordicmart.andreevmaster.com\/fi\/wp-json\/wp\/v2\/product_tag?post=36759"}],"curies":[{"name":"wp","href":"https:\/\/api.w.org\/{rel}","templated":true}]}}