{"id":36758,"date":"2026-02-27T00:35:51","date_gmt":"2026-02-27T00:35:51","guid":{"rendered":"https:\/\/nordicmart.andreevmaster.com\/product\/john-lennonin-tyylinen-minikitarra-spe-039\/"},"modified":"2026-02-27T09:53:17","modified_gmt":"2026-02-27T09:53:17","slug":"john-lennonin-tyylinen-minikitarra-spe-039","status":"publish","type":"product","link":"https:\/\/nordicmart.andreevmaster.com\/fi\/tuote\/john-lennonin-tyylinen-minikitarra-spe-039\/","title":{"rendered":"John Lennonin tyylinen minikitarra &#8211; SPE-039"},"content":{"rendered":"<p>John Lennonin tyylinen minikitarra &#8211; SPE-039&nbsp;&nbsp;&nbsp;John Lennonin tyylinen minikitarra on t\u00e4ydellinen gadget musiikin yst\u00e4ville. T\u00e4m\u00e4 miniatyyri on valmistettu k\u00e4sity\u00f6n\u00e4 mahonki puusta mittakaavassa 1:4. Se on t\u00e4ydellinen lahjaidea The Beatlesin yst\u00e4ville, jonka perustaja ja laulaja John Lennon oli. Ker\u00e4ilykohde. T\u00e4m\u00e4 kitara ei ole lelu. Sill\u00e4 ei voi soittaa.&nbsp;&nbsp;Tuotetiedot:&nbsp;Mitat: korkeus 24,5 cmMittakaava: 1:4Materiaali: mahonkiMukana muovi- ja metalliteline kitaran asettamista varten&nbsp;&nbsp;&nbsp;Huomaa, ett\u00e4 myyj\u00e4 ei ole mill\u00e4\u00e4n tavalla sidoksissa todellisten instrumenttien valmistajiin tai yksitt\u00e4isiin artisteihin. Mallien tai artistien nimet ovat esimerkillisi\u00e4. Tunnettuja nimi\u00e4 k\u00e4ytet\u00e4\u00e4n vain tietyn musiikkityylin esittelemiseen. Mik\u00e4\u00e4n instrumenteista ei ole mittasuhteiltaan, kooltaan tai muotoilultaan alkuper\u00e4isen kaltainen.&nbsp;<\/p>\n","protected":false},"excerpt":{"rendered":"<p>John Lennonin tyylinen minikitarra &#8211; SPE-039&nbsp;&nbsp;&nbsp;John Lennonin tyylinen minikitarra on t\u00e4ydellinen gadget musiikin yst\u00e4ville. T\u00e4m\u00e4 miniatyyri on valmistettu k\u00e4sity\u00f6n\u00e4 mahonki puusta mittakaavassa 1:4. Se on t\u00e4ydellinen lahjaidea The Beatlesin yst\u00e4ville, jonka perustaja ja laulaja John Lennon oli. Ker\u00e4ilykohde. T\u00e4m\u00e4 kitara ei ole lelu. Sill\u00e4 ei voi soittaa.&nbsp;&nbsp;Tuotetiedot:&nbsp;Mitat: korkeus 24,5 cmMittakaava: 1:4Materiaali: mahonkiMukana muovi- ja metalliteline [&hellip;]<\/p>\n","protected":false},"featured_media":44937,"comment_status":"open","ping_status":"closed","template":"","meta":[],"product_brand":[],"product_cat":[32],"product_tag":[],"class_list":{"0":"post-36758","1":"product","2":"type-product","3":"status-publish","4":"has-post-thumbnail","6":"product_cat-uncategorized-fi","8":"first","9":"instock","10":"shipping-taxable","11":"purchasable","12":"product-type-simple"},"_links":{"self":[{"href":"https:\/\/nordicmart.andreevmaster.com\/fi\/wp-json\/wp\/v2\/product\/36758","targetHints":{"allow":["GET"]}}],"collection":[{"href":"https:\/\/nordicmart.andreevmaster.com\/fi\/wp-json\/wp\/v2\/product"}],"about":[{"href":"https:\/\/nordicmart.andreevmaster.com\/fi\/wp-json\/wp\/v2\/types\/product"}],"replies":[{"embeddable":true,"href":"https:\/\/nordicmart.andreevmaster.com\/fi\/wp-json\/wp\/v2\/comments?post=36758"}],"wp:featuredmedia":[{"embeddable":true,"href":"https:\/\/nordicmart.andreevmaster.com\/fi\/wp-json\/wp\/v2\/media\/44937"}],"wp:attachment":[{"href":"https:\/\/nordicmart.andreevmaster.com\/fi\/wp-json\/wp\/v2\/media?parent=36758"}],"wp:term":[{"taxonomy":"product_brand","embeddable":true,"href":"https:\/\/nordicmart.andreevmaster.com\/fi\/wp-json\/wp\/v2\/product_brand?post=36758"},{"taxonomy":"product_cat","embeddable":true,"href":"https:\/\/nordicmart.andreevmaster.com\/fi\/wp-json\/wp\/v2\/product_cat?post=36758"},{"taxonomy":"product_tag","embeddable":true,"href":"https:\/\/nordicmart.andreevmaster.com\/fi\/wp-json\/wp\/v2\/product_tag?post=36758"}],"curies":[{"name":"wp","href":"https:\/\/api.w.org\/{rel}","templated":true}]}}