{"id":36757,"date":"2026-02-27T00:35:50","date_gmt":"2026-02-27T00:35:50","guid":{"rendered":"https:\/\/nordicmart.andreevmaster.com\/product\/tuomarin-nuija-kynateline-lahja-lakimiehelle-dnu-023\/"},"modified":"2026-02-27T09:53:17","modified_gmt":"2026-02-27T09:53:17","slug":"tuomarin-nuija-kynateline-lahja-lakimiehelle-dnu-023","status":"publish","type":"product","link":"https:\/\/nordicmart.andreevmaster.com\/fi\/tuote\/tuomarin-nuija-kynateline-lahja-lakimiehelle-dnu-023\/","title":{"rendered":"Tuomarin nuija &#8211; kyn\u00e4teline &#8211; lahja lakimiehelle &#8211; DNU-023"},"content":{"rendered":"<p>Tuomarin nuija &#8211; kyn\u00e4teline &#8211; lahja lakimiehelle &#8211; DNU-023&nbsp;&nbsp;&nbsp;Tuomarin nuija puupohjalla ja kyn\u00e4telineill\u00e4 on tyylik\u00e4s p\u00f6yt\u00e4koriste, joka sopii retro-, kolonialistiseen tai vintage-tyyliseen huoneeseen. Tyylik\u00e4s tummanpuinen jalusta sopii t\u00e4ydellisesti yhteen messinkisten kyn\u00e4telineiden kanssa. Tuomarin vasara\/kyn\u00e4teline ei ole vain k\u00e4yt\u00e4nn\u00f6llinen kyn\u00e4teline, vaan my\u00f6s ainutlaatuinen osa toimiston tai ty\u00f6huoneen sisustusta. Se on t\u00e4ydellinen lahja lakimiehelle, tuomarille tai oikeustieteen opiskelijalle. Tuotetiedot:Jalan mitat: 22,85 x 6,35 x 7,6 cm Materiaali: puu, messinki Kaksi kyn\u00e4telinett\u00e4&nbsp;<\/p>\n","protected":false},"excerpt":{"rendered":"<p>Tuomarin nuija &#8211; kyn\u00e4teline &#8211; lahja lakimiehelle &#8211; DNU-023&nbsp;&nbsp;&nbsp;Tuomarin nuija puupohjalla ja kyn\u00e4telineill\u00e4 on tyylik\u00e4s p\u00f6yt\u00e4koriste, joka sopii retro-, kolonialistiseen tai vintage-tyyliseen huoneeseen. Tyylik\u00e4s tummanpuinen jalusta sopii t\u00e4ydellisesti yhteen messinkisten kyn\u00e4telineiden kanssa. Tuomarin vasara\/kyn\u00e4teline ei ole vain k\u00e4yt\u00e4nn\u00f6llinen kyn\u00e4teline, vaan my\u00f6s ainutlaatuinen osa toimiston tai ty\u00f6huoneen sisustusta. Se on t\u00e4ydellinen lahja lakimiehelle, tuomarille tai oikeustieteen [&hellip;]<\/p>\n","protected":false},"featured_media":44936,"comment_status":"open","ping_status":"closed","template":"","meta":[],"product_brand":[],"product_cat":[32],"product_tag":[],"class_list":{"0":"post-36757","1":"product","2":"type-product","3":"status-publish","4":"has-post-thumbnail","6":"product_cat-uncategorized-fi","8":"first","9":"instock","10":"shipping-taxable","11":"purchasable","12":"product-type-simple"},"_links":{"self":[{"href":"https:\/\/nordicmart.andreevmaster.com\/fi\/wp-json\/wp\/v2\/product\/36757","targetHints":{"allow":["GET"]}}],"collection":[{"href":"https:\/\/nordicmart.andreevmaster.com\/fi\/wp-json\/wp\/v2\/product"}],"about":[{"href":"https:\/\/nordicmart.andreevmaster.com\/fi\/wp-json\/wp\/v2\/types\/product"}],"replies":[{"embeddable":true,"href":"https:\/\/nordicmart.andreevmaster.com\/fi\/wp-json\/wp\/v2\/comments?post=36757"}],"wp:featuredmedia":[{"embeddable":true,"href":"https:\/\/nordicmart.andreevmaster.com\/fi\/wp-json\/wp\/v2\/media\/44936"}],"wp:attachment":[{"href":"https:\/\/nordicmart.andreevmaster.com\/fi\/wp-json\/wp\/v2\/media?parent=36757"}],"wp:term":[{"taxonomy":"product_brand","embeddable":true,"href":"https:\/\/nordicmart.andreevmaster.com\/fi\/wp-json\/wp\/v2\/product_brand?post=36757"},{"taxonomy":"product_cat","embeddable":true,"href":"https:\/\/nordicmart.andreevmaster.com\/fi\/wp-json\/wp\/v2\/product_cat?post=36757"},{"taxonomy":"product_tag","embeddable":true,"href":"https:\/\/nordicmart.andreevmaster.com\/fi\/wp-json\/wp\/v2\/product_tag?post=36757"}],"curies":[{"name":"wp","href":"https:\/\/api.w.org\/{rel}","templated":true}]}}