{"id":36756,"date":"2026-02-27T00:35:50","date_gmt":"2026-02-27T00:35:50","guid":{"rendered":"https:\/\/nordicmart.andreevmaster.com\/product\/maritime-box-184-x-127-x-76-cm-dnu-020-2\/"},"modified":"2026-02-27T09:53:16","modified_gmt":"2026-02-27T09:53:16","slug":"maritime-box-184-x-127-x-76-cm-dnu-020-2","status":"publish","type":"product","link":"https:\/\/nordicmart.andreevmaster.com\/fi\/tuote\/maritime-box-184-x-127-x-76-cm-dnu-020-2\/","title":{"rendered":"Maritime Box 18,4 x 12,7 x 7,6 cm &#8211; DNU-020"},"content":{"rendered":"<p>Maritime Box 18,4 x 12,7 x 7,6 cm &#8211; DNU-020&nbsp;&nbsp;&nbsp;Merihenkinen kotelo on paitsi k\u00e4yt\u00e4nn\u00f6llinen s\u00e4ilytyspaikka, my\u00f6s ainutlaatuinen sisustuselementti, joka ilahduttaa merihenkisten motiivien yst\u00e4vi\u00e4. Se on ihanteellinen paikka koruille, matkamuistoille tai muille arvokkaille pikkuesineille.&nbsp;Messinkikoristeet lis\u00e4\u00e4v\u00e4t eleganssia ja luovat harmonisen kokonaisuuden luonnollisen puupinnan kanssa. Laatikon kannessa on messingist\u00e4 valmistettu ankkurikuvio, joka antaa koko laatikolle ainutlaatuisen merellisen luonteen.&nbsp;&nbsp;Tuotetiedot:&nbsp;Mitat: 18,4 x 12,7 x 7,6 cmMateriaali: puu, messinkiAnkkurikuvio kannessaMessinkinen nepparisuljin&nbsp;<\/p>\n","protected":false},"excerpt":{"rendered":"<p>Maritime Box 18,4 x 12,7 x 7,6 cm &#8211; DNU-020&nbsp;&nbsp;&nbsp;Merihenkinen kotelo on paitsi k\u00e4yt\u00e4nn\u00f6llinen s\u00e4ilytyspaikka, my\u00f6s ainutlaatuinen sisustuselementti, joka ilahduttaa merihenkisten motiivien yst\u00e4vi\u00e4. Se on ihanteellinen paikka koruille, matkamuistoille tai muille arvokkaille pikkuesineille.&nbsp;Messinkikoristeet lis\u00e4\u00e4v\u00e4t eleganssia ja luovat harmonisen kokonaisuuden luonnollisen puupinnan kanssa. Laatikon kannessa on messingist\u00e4 valmistettu ankkurikuvio, joka antaa koko laatikolle ainutlaatuisen merellisen luonteen.&nbsp;&nbsp;Tuotetiedot:&nbsp;Mitat: [&hellip;]<\/p>\n","protected":false},"featured_media":44935,"comment_status":"open","ping_status":"closed","template":"","meta":[],"product_brand":[],"product_cat":[32],"product_tag":[],"class_list":{"0":"post-36756","1":"product","2":"type-product","3":"status-publish","4":"has-post-thumbnail","6":"product_cat-uncategorized-fi","8":"first","9":"instock","10":"shipping-taxable","11":"purchasable","12":"product-type-simple"},"_links":{"self":[{"href":"https:\/\/nordicmart.andreevmaster.com\/fi\/wp-json\/wp\/v2\/product\/36756","targetHints":{"allow":["GET"]}}],"collection":[{"href":"https:\/\/nordicmart.andreevmaster.com\/fi\/wp-json\/wp\/v2\/product"}],"about":[{"href":"https:\/\/nordicmart.andreevmaster.com\/fi\/wp-json\/wp\/v2\/types\/product"}],"replies":[{"embeddable":true,"href":"https:\/\/nordicmart.andreevmaster.com\/fi\/wp-json\/wp\/v2\/comments?post=36756"}],"wp:featuredmedia":[{"embeddable":true,"href":"https:\/\/nordicmart.andreevmaster.com\/fi\/wp-json\/wp\/v2\/media\/44935"}],"wp:attachment":[{"href":"https:\/\/nordicmart.andreevmaster.com\/fi\/wp-json\/wp\/v2\/media?parent=36756"}],"wp:term":[{"taxonomy":"product_brand","embeddable":true,"href":"https:\/\/nordicmart.andreevmaster.com\/fi\/wp-json\/wp\/v2\/product_brand?post=36756"},{"taxonomy":"product_cat","embeddable":true,"href":"https:\/\/nordicmart.andreevmaster.com\/fi\/wp-json\/wp\/v2\/product_cat?post=36756"},{"taxonomy":"product_tag","embeddable":true,"href":"https:\/\/nordicmart.andreevmaster.com\/fi\/wp-json\/wp\/v2\/product_tag?post=36756"}],"curies":[{"name":"wp","href":"https:\/\/api.w.org\/{rel}","templated":true}]}}