{"id":36755,"date":"2026-02-27T00:35:50","date_gmt":"2026-02-27T00:35:50","guid":{"rendered":"https:\/\/nordicmart.andreevmaster.com\/product\/puinen-mukinlasinaluset-tynnyrisetti-dnu-019\/"},"modified":"2026-02-27T09:53:16","modified_gmt":"2026-02-27T09:53:16","slug":"puinen-mukinlasinaluset-tynnyrisetti-dnu-019","status":"publish","type":"product","link":"https:\/\/nordicmart.andreevmaster.com\/fi\/tuote\/puinen-mukinlasinaluset-tynnyrisetti-dnu-019\/","title":{"rendered":"Puinen mukinlasinaluset &#8211; tynnyrisetti &#8211; DNU-019"},"content":{"rendered":"<p>Puinen mukinlasinaluset &#8211; tynnyrisetti &#8211; DNU-019&nbsp;&nbsp;&nbsp;Mukinlasinaluset ja muut kuumat astiat mahdollistavat l\u00e4mpim\u00e4n juoman nauttimisen ilman riski\u00e4 puisen ty\u00f6tason vahingoittumisesta. T\u00e4m\u00e4 6 puisen lasinalusen sarja tynnyriss\u00e4 lasinalusten s\u00e4ilytt\u00e4mist\u00e4 varten on vieh\u00e4tt\u00e4v\u00e4 lahja tee- ja kahvin yst\u00e4ville. &nbsp;Tynnyrin muotoinen s\u00e4ilytysastia, jossa on reik\u00e4 toisella puolella lasinalusten helpon ottamisen mahdollistamiseksi. Alustat ovat uritettuja, jotta kupit eiv\u00e4t liu&#8217;u.&nbsp;&nbsp;Tuotetiedot:&nbsp;Setti sis\u00e4lt\u00e4\u00e4: 6 x mukialusta ja tynnyrim\u00e4inen s\u00e4ilytysastia.Materiaali: puuKoristelu: messinki S\u00e4ilytysastian mitat: 10 x 6,5 cmV\u00e4rit: ruskea, kulta&nbsp;<\/p>\n","protected":false},"excerpt":{"rendered":"<p>Puinen mukinlasinaluset &#8211; tynnyrisetti &#8211; DNU-019&nbsp;&nbsp;&nbsp;Mukinlasinaluset ja muut kuumat astiat mahdollistavat l\u00e4mpim\u00e4n juoman nauttimisen ilman riski\u00e4 puisen ty\u00f6tason vahingoittumisesta. T\u00e4m\u00e4 6 puisen lasinalusen sarja tynnyriss\u00e4 lasinalusten s\u00e4ilytt\u00e4mist\u00e4 varten on vieh\u00e4tt\u00e4v\u00e4 lahja tee- ja kahvin yst\u00e4ville. &nbsp;Tynnyrin muotoinen s\u00e4ilytysastia, jossa on reik\u00e4 toisella puolella lasinalusten helpon ottamisen mahdollistamiseksi. Alustat ovat uritettuja, jotta kupit eiv\u00e4t liu&#8217;u.&nbsp;&nbsp;Tuotetiedot:&nbsp;Setti sis\u00e4lt\u00e4\u00e4: [&hellip;]<\/p>\n","protected":false},"featured_media":44934,"comment_status":"open","ping_status":"closed","template":"","meta":[],"product_brand":[],"product_cat":[32],"product_tag":[],"class_list":{"0":"post-36755","1":"product","2":"type-product","3":"status-publish","4":"has-post-thumbnail","6":"product_cat-uncategorized-fi","8":"first","9":"instock","10":"shipping-taxable","11":"purchasable","12":"product-type-simple"},"_links":{"self":[{"href":"https:\/\/nordicmart.andreevmaster.com\/fi\/wp-json\/wp\/v2\/product\/36755","targetHints":{"allow":["GET"]}}],"collection":[{"href":"https:\/\/nordicmart.andreevmaster.com\/fi\/wp-json\/wp\/v2\/product"}],"about":[{"href":"https:\/\/nordicmart.andreevmaster.com\/fi\/wp-json\/wp\/v2\/types\/product"}],"replies":[{"embeddable":true,"href":"https:\/\/nordicmart.andreevmaster.com\/fi\/wp-json\/wp\/v2\/comments?post=36755"}],"wp:featuredmedia":[{"embeddable":true,"href":"https:\/\/nordicmart.andreevmaster.com\/fi\/wp-json\/wp\/v2\/media\/44934"}],"wp:attachment":[{"href":"https:\/\/nordicmart.andreevmaster.com\/fi\/wp-json\/wp\/v2\/media?parent=36755"}],"wp:term":[{"taxonomy":"product_brand","embeddable":true,"href":"https:\/\/nordicmart.andreevmaster.com\/fi\/wp-json\/wp\/v2\/product_brand?post=36755"},{"taxonomy":"product_cat","embeddable":true,"href":"https:\/\/nordicmart.andreevmaster.com\/fi\/wp-json\/wp\/v2\/product_cat?post=36755"},{"taxonomy":"product_tag","embeddable":true,"href":"https:\/\/nordicmart.andreevmaster.com\/fi\/wp-json\/wp\/v2\/product_tag?post=36755"}],"curies":[{"name":"wp","href":"https:\/\/api.w.org\/{rel}","templated":true}]}}