{"id":36754,"date":"2026-02-27T00:35:50","date_gmt":"2026-02-27T00:35:50","guid":{"rendered":"https:\/\/nordicmart.andreevmaster.com\/product\/kaksi-korttipakkaa-lasikannellisessa-puulaatikossa-dnu-007\/"},"modified":"2026-02-27T09:53:16","modified_gmt":"2026-02-27T09:53:16","slug":"kaksi-korttipakkaa-lasikannellisessa-puulaatikossa-dnu-007","status":"publish","type":"product","link":"https:\/\/nordicmart.andreevmaster.com\/fi\/tuote\/kaksi-korttipakkaa-lasikannellisessa-puulaatikossa-dnu-007\/","title":{"rendered":"Kaksi korttipakkaa lasikannellisessa puulaatikossa &#8211; DNU-007"},"content":{"rendered":"<p>Kaksi korttipakkaa lasikannellisessa puulaatikossa &#8211; DNU-007&nbsp;&nbsp;&nbsp;Kaksi korttipakkaa lasikannellisessa puulaatikossa ovat ajaton yhdistelm\u00e4 toiminnallisuutta ja esteettisyytt\u00e4. Pelikortit tarjoavat viihdett\u00e4 tuntikausiksi, ja tyylik\u00e4s puinen laatikko lasikannella ja messinkikoristeilla kulmissa on tyylik\u00e4s sisustuselementti retro- tai vintage-tyyliseen toimistoon.&nbsp;Kest\u00e4v\u00e4n puun ja tehokkaan messingin yhdistelm\u00e4 antaa sille ajattoman charmin. Se on erinomainen valinta lahjaksi korttipelien yst\u00e4v\u00e4lle.&nbsp;&nbsp;Tuotetiedot:&nbsp;Laatikon mitat: 15 x 11,4 cmMateriaali: puu, messinki, lasi2 korttipakkaaPuinen laatikko lasikannella ja messinkikoristeilla&nbsp;&nbsp;&nbsp;Huomio! T\u00e4m\u00e4 tuote ei ole lelu, eik\u00e4 se sovellu alle 14-vuotiaille lapsille. &nbsp;&nbsp;<\/p>\n","protected":false},"excerpt":{"rendered":"<p>Kaksi korttipakkaa lasikannellisessa puulaatikossa &#8211; DNU-007&nbsp;&nbsp;&nbsp;Kaksi korttipakkaa lasikannellisessa puulaatikossa ovat ajaton yhdistelm\u00e4 toiminnallisuutta ja esteettisyytt\u00e4. Pelikortit tarjoavat viihdett\u00e4 tuntikausiksi, ja tyylik\u00e4s puinen laatikko lasikannella ja messinkikoristeilla kulmissa on tyylik\u00e4s sisustuselementti retro- tai vintage-tyyliseen toimistoon.&nbsp;Kest\u00e4v\u00e4n puun ja tehokkaan messingin yhdistelm\u00e4 antaa sille ajattoman charmin. Se on erinomainen valinta lahjaksi korttipelien yst\u00e4v\u00e4lle.&nbsp;&nbsp;Tuotetiedot:&nbsp;Laatikon mitat: 15 x 11,4 cmMateriaali: [&hellip;]<\/p>\n","protected":false},"featured_media":44933,"comment_status":"open","ping_status":"closed","template":"","meta":[],"product_brand":[],"product_cat":[32],"product_tag":[],"class_list":{"0":"post-36754","1":"product","2":"type-product","3":"status-publish","4":"has-post-thumbnail","6":"product_cat-uncategorized-fi","8":"first","9":"instock","10":"shipping-taxable","11":"purchasable","12":"product-type-simple"},"_links":{"self":[{"href":"https:\/\/nordicmart.andreevmaster.com\/fi\/wp-json\/wp\/v2\/product\/36754","targetHints":{"allow":["GET"]}}],"collection":[{"href":"https:\/\/nordicmart.andreevmaster.com\/fi\/wp-json\/wp\/v2\/product"}],"about":[{"href":"https:\/\/nordicmart.andreevmaster.com\/fi\/wp-json\/wp\/v2\/types\/product"}],"replies":[{"embeddable":true,"href":"https:\/\/nordicmart.andreevmaster.com\/fi\/wp-json\/wp\/v2\/comments?post=36754"}],"wp:featuredmedia":[{"embeddable":true,"href":"https:\/\/nordicmart.andreevmaster.com\/fi\/wp-json\/wp\/v2\/media\/44933"}],"wp:attachment":[{"href":"https:\/\/nordicmart.andreevmaster.com\/fi\/wp-json\/wp\/v2\/media?parent=36754"}],"wp:term":[{"taxonomy":"product_brand","embeddable":true,"href":"https:\/\/nordicmart.andreevmaster.com\/fi\/wp-json\/wp\/v2\/product_brand?post=36754"},{"taxonomy":"product_cat","embeddable":true,"href":"https:\/\/nordicmart.andreevmaster.com\/fi\/wp-json\/wp\/v2\/product_cat?post=36754"},{"taxonomy":"product_tag","embeddable":true,"href":"https:\/\/nordicmart.andreevmaster.com\/fi\/wp-json\/wp\/v2\/product_tag?post=36754"}],"curies":[{"name":"wp","href":"https:\/\/api.w.org\/{rel}","templated":true}]}}