{"id":36753,"date":"2026-02-27T00:35:49","date_gmt":"2026-02-27T00:35:49","guid":{"rendered":"https:\/\/nordicmart.andreevmaster.com\/product\/nopat-pitkaan-puulaatikkoon-dnu-006\/"},"modified":"2026-02-27T09:53:16","modified_gmt":"2026-02-27T09:53:16","slug":"nopat-pitkaan-puulaatikkoon-dnu-006","status":"publish","type":"product","link":"https:\/\/nordicmart.andreevmaster.com\/fi\/tuote\/nopat-pitkaan-puulaatikkoon-dnu-006\/","title":{"rendered":"Nopat pitk\u00e4\u00e4n puulaatikkoon &#8211; DNU-006"},"content":{"rendered":"<p>Nopat pitk\u00e4ss\u00e4 puulaatikossa &#8211; DNU-006&nbsp;&nbsp;&nbsp;T\u00e4m\u00e4 on tyylik\u00e4s versio ajattomasta perinteisest\u00e4 pelist\u00e4. Ne ovat tyylik\u00e4s ja ymp\u00e4rist\u00f6yst\u00e4v\u00e4llisempi vaihtoehto muovinopille. Nopat ja laatikko ovat pieni\u00e4 eiv\u00e4tk\u00e4 vie paljon tilaa. T\u00e4m\u00e4 setti sopii hyvin pieneksi lahjaksi pelaajalle ja lautapelien sek\u00e4 kaikenlaisten seuraleikkien yst\u00e4v\u00e4lle.&nbsp;&nbsp;Tuotetiedot:&nbsp;Mitat: laatikon pituus: 12,5 cmMateriaali: puu, messinki5 puista noppaa, joissa on messinkiset sis\u00e4kkeetPuiset nopat ovat kest\u00e4vi\u00e4, turvallisia ja ymp\u00e4rist\u00f6yst\u00e4v\u00e4llisi\u00e4&nbsp;&nbsp;Huomio! T\u00e4m\u00e4 tuote ei ole lelu, eik\u00e4 se sovellu alle 14-vuotiaille lapsille. &nbsp;&nbsp;<\/p>\n","protected":false},"excerpt":{"rendered":"<p>Nopat pitk\u00e4ss\u00e4 puulaatikossa &#8211; DNU-006&nbsp;&nbsp;&nbsp;T\u00e4m\u00e4 on tyylik\u00e4s versio ajattomasta perinteisest\u00e4 pelist\u00e4. Ne ovat tyylik\u00e4s ja ymp\u00e4rist\u00f6yst\u00e4v\u00e4llisempi vaihtoehto muovinopille. Nopat ja laatikko ovat pieni\u00e4 eiv\u00e4tk\u00e4 vie paljon tilaa. T\u00e4m\u00e4 setti sopii hyvin pieneksi lahjaksi pelaajalle ja lautapelien sek\u00e4 kaikenlaisten seuraleikkien yst\u00e4v\u00e4lle.&nbsp;&nbsp;Tuotetiedot:&nbsp;Mitat: laatikon pituus: 12,5 cmMateriaali: puu, messinki5 puista noppaa, joissa on messinkiset sis\u00e4kkeetPuiset nopat ovat kest\u00e4vi\u00e4, [&hellip;]<\/p>\n","protected":false},"featured_media":0,"comment_status":"open","ping_status":"closed","template":"","meta":[],"product_brand":[],"product_cat":[32],"product_tag":[],"class_list":{"0":"post-36753","1":"product","2":"type-product","3":"status-publish","5":"product_cat-uncategorized-fi","7":"first","8":"instock","9":"shipping-taxable","10":"purchasable","11":"product-type-simple"},"_links":{"self":[{"href":"https:\/\/nordicmart.andreevmaster.com\/fi\/wp-json\/wp\/v2\/product\/36753","targetHints":{"allow":["GET"]}}],"collection":[{"href":"https:\/\/nordicmart.andreevmaster.com\/fi\/wp-json\/wp\/v2\/product"}],"about":[{"href":"https:\/\/nordicmart.andreevmaster.com\/fi\/wp-json\/wp\/v2\/types\/product"}],"replies":[{"embeddable":true,"href":"https:\/\/nordicmart.andreevmaster.com\/fi\/wp-json\/wp\/v2\/comments?post=36753"}],"wp:attachment":[{"href":"https:\/\/nordicmart.andreevmaster.com\/fi\/wp-json\/wp\/v2\/media?parent=36753"}],"wp:term":[{"taxonomy":"product_brand","embeddable":true,"href":"https:\/\/nordicmart.andreevmaster.com\/fi\/wp-json\/wp\/v2\/product_brand?post=36753"},{"taxonomy":"product_cat","embeddable":true,"href":"https:\/\/nordicmart.andreevmaster.com\/fi\/wp-json\/wp\/v2\/product_cat?post=36753"},{"taxonomy":"product_tag","embeddable":true,"href":"https:\/\/nordicmart.andreevmaster.com\/fi\/wp-json\/wp\/v2\/product_tag?post=36753"}],"curies":[{"name":"wp","href":"https:\/\/api.w.org\/{rel}","templated":true}]}}