{"id":36752,"date":"2026-02-27T00:35:49","date_gmt":"2026-02-27T00:35:49","guid":{"rendered":"https:\/\/nordicmart.andreevmaster.com\/product\/perinteinen-pelihallipeli-pallot-labyrintissa-dnu-005\/"},"modified":"2026-02-27T09:53:16","modified_gmt":"2026-02-27T09:53:16","slug":"perinteinen-pelihallipeli-pallot-labyrintissa-dnu-005","status":"publish","type":"product","link":"https:\/\/nordicmart.andreevmaster.com\/fi\/tuote\/perinteinen-pelihallipeli-pallot-labyrintissa-dnu-005\/","title":{"rendered":"Perinteinen pelihallipeli \u2013 pallot labyrintiss\u00e4 \u2013 DNU-005"},"content":{"rendered":"<p>Perinteinen arcade-peli \u2013 pallot labyrintiss\u00e4 \u2013 DNU-005&nbsp;&nbsp;&nbsp;Balls in the Maze on klassinen arcade-peli, jonka tavoitteena on saada kaikki pallot labyrintin keskelle. Pelaaja ohjaa palloja tarkkojen liikkeiden avulla, jotta pallot p\u00e4\u00e4sev\u00e4t labyrintin keskelle.&nbsp;Pelihalli, joka opettaa motorista ja manuaalista koordinaatiota, loogista ajattelua ja tilan hahmottamista, samalla kun se on hauskaa. Marbles in the Maze -peli on ajaton peli!&nbsp;&nbsp;Tuotetiedot:&nbsp;Materiaali: puuMetallipallotMitat: halkaisija 12,5 cm&nbsp;&nbsp;Huomio! T\u00e4m\u00e4 tuote ei ole lelu, eik\u00e4 se sovellu alle 14-vuotiaille lapsille. &nbsp;<\/p>\n","protected":false},"excerpt":{"rendered":"<p>Perinteinen arcade-peli \u2013 pallot labyrintiss\u00e4 \u2013 DNU-005&nbsp;&nbsp;&nbsp;Balls in the Maze on klassinen arcade-peli, jonka tavoitteena on saada kaikki pallot labyrintin keskelle. Pelaaja ohjaa palloja tarkkojen liikkeiden avulla, jotta pallot p\u00e4\u00e4sev\u00e4t labyrintin keskelle.&nbsp;Pelihalli, joka opettaa motorista ja manuaalista koordinaatiota, loogista ajattelua ja tilan hahmottamista, samalla kun se on hauskaa. Marbles in the Maze -peli on ajaton [&hellip;]<\/p>\n","protected":false},"featured_media":44932,"comment_status":"open","ping_status":"closed","template":"","meta":[],"product_brand":[],"product_cat":[32],"product_tag":[],"class_list":{"0":"post-36752","1":"product","2":"type-product","3":"status-publish","4":"has-post-thumbnail","6":"product_cat-uncategorized-fi","8":"first","9":"instock","10":"shipping-taxable","11":"purchasable","12":"product-type-simple"},"_links":{"self":[{"href":"https:\/\/nordicmart.andreevmaster.com\/fi\/wp-json\/wp\/v2\/product\/36752","targetHints":{"allow":["GET"]}}],"collection":[{"href":"https:\/\/nordicmart.andreevmaster.com\/fi\/wp-json\/wp\/v2\/product"}],"about":[{"href":"https:\/\/nordicmart.andreevmaster.com\/fi\/wp-json\/wp\/v2\/types\/product"}],"replies":[{"embeddable":true,"href":"https:\/\/nordicmart.andreevmaster.com\/fi\/wp-json\/wp\/v2\/comments?post=36752"}],"wp:featuredmedia":[{"embeddable":true,"href":"https:\/\/nordicmart.andreevmaster.com\/fi\/wp-json\/wp\/v2\/media\/44932"}],"wp:attachment":[{"href":"https:\/\/nordicmart.andreevmaster.com\/fi\/wp-json\/wp\/v2\/media?parent=36752"}],"wp:term":[{"taxonomy":"product_brand","embeddable":true,"href":"https:\/\/nordicmart.andreevmaster.com\/fi\/wp-json\/wp\/v2\/product_brand?post=36752"},{"taxonomy":"product_cat","embeddable":true,"href":"https:\/\/nordicmart.andreevmaster.com\/fi\/wp-json\/wp\/v2\/product_cat?post=36752"},{"taxonomy":"product_tag","embeddable":true,"href":"https:\/\/nordicmart.andreevmaster.com\/fi\/wp-json\/wp\/v2\/product_tag?post=36752"}],"curies":[{"name":"wp","href":"https:\/\/api.w.org\/{rel}","templated":true}]}}