{"id":36751,"date":"2026-02-27T00:35:49","date_gmt":"2026-02-27T00:35:49","guid":{"rendered":"https:\/\/nordicmart.andreevmaster.com\/product\/tic-tac-toe-puulaatikossa-jossa-on-lasikansi-dnu-004\/"},"modified":"2026-02-27T09:53:15","modified_gmt":"2026-02-27T09:53:15","slug":"tic-tac-toe-puulaatikossa-jossa-on-lasikansi-dnu-004","status":"publish","type":"product","link":"https:\/\/nordicmart.andreevmaster.com\/fi\/tuote\/tic-tac-toe-puulaatikossa-jossa-on-lasikansi-dnu-004\/","title":{"rendered":"Tic-Tac-Toe puulaatikossa, jossa on lasikansi &#8211; DNU-004"},"content":{"rendered":"<p>Tic-Tac-Toe puulaatikossa, jossa on lasikansi &#8211; DNU-004&nbsp;&nbsp;&nbsp;Tic Tac Toe in a Box on tyylik\u00e4s versio klassisesta pelist\u00e4, jota olet pelannut nuoruudessasi. Puusta valmistetut palat, joissa on messinkikoristeita. Puulaatikko, jossa on lokerot tic-tac-toe-pelille, on my\u00f6s pelilauta. Laatikon kansi on lasia.&nbsp;T\u00e4m\u00e4 versio tic-tac-toesta n\u00e4ytt\u00e4\u00e4 upealta ty\u00f6p\u00f6yd\u00e4ll\u00e4si. Puu yhdistettyn\u00e4 messinkiin antaa setille ylellisen ilmeen. Tic-Tac-Toe on hauska lahja koulun rehtorille, opettajalle tai pomolle. Tuotetiedot: Materiaali: puu, messinki, lasi Laatikon mitat: 12,5 x 12,5 x 2,5 cm Lukittava laatikko \u2013 Lasikansi Puusta valmistettu tic-tac-toe messinkikoristeilla Huomio! T\u00e4m\u00e4 tuote ei ole lelu, eik\u00e4 se sovellu alle 14-vuotiaille lapsille. &nbsp;<\/p>\n","protected":false},"excerpt":{"rendered":"<p>Tic-Tac-Toe puulaatikossa, jossa on lasikansi &#8211; DNU-004&nbsp;&nbsp;&nbsp;Tic Tac Toe in a Box on tyylik\u00e4s versio klassisesta pelist\u00e4, jota olet pelannut nuoruudessasi. Puusta valmistetut palat, joissa on messinkikoristeita. Puulaatikko, jossa on lokerot tic-tac-toe-pelille, on my\u00f6s pelilauta. Laatikon kansi on lasia.&nbsp;T\u00e4m\u00e4 versio tic-tac-toesta n\u00e4ytt\u00e4\u00e4 upealta ty\u00f6p\u00f6yd\u00e4ll\u00e4si. Puu yhdistettyn\u00e4 messinkiin antaa setille ylellisen ilmeen. Tic-Tac-Toe on hauska lahja [&hellip;]<\/p>\n","protected":false},"featured_media":44931,"comment_status":"open","ping_status":"closed","template":"","meta":[],"product_brand":[],"product_cat":[32],"product_tag":[],"class_list":{"0":"post-36751","1":"product","2":"type-product","3":"status-publish","4":"has-post-thumbnail","6":"product_cat-uncategorized-fi","8":"first","9":"instock","10":"shipping-taxable","11":"purchasable","12":"product-type-simple"},"_links":{"self":[{"href":"https:\/\/nordicmart.andreevmaster.com\/fi\/wp-json\/wp\/v2\/product\/36751","targetHints":{"allow":["GET"]}}],"collection":[{"href":"https:\/\/nordicmart.andreevmaster.com\/fi\/wp-json\/wp\/v2\/product"}],"about":[{"href":"https:\/\/nordicmart.andreevmaster.com\/fi\/wp-json\/wp\/v2\/types\/product"}],"replies":[{"embeddable":true,"href":"https:\/\/nordicmart.andreevmaster.com\/fi\/wp-json\/wp\/v2\/comments?post=36751"}],"wp:featuredmedia":[{"embeddable":true,"href":"https:\/\/nordicmart.andreevmaster.com\/fi\/wp-json\/wp\/v2\/media\/44931"}],"wp:attachment":[{"href":"https:\/\/nordicmart.andreevmaster.com\/fi\/wp-json\/wp\/v2\/media?parent=36751"}],"wp:term":[{"taxonomy":"product_brand","embeddable":true,"href":"https:\/\/nordicmart.andreevmaster.com\/fi\/wp-json\/wp\/v2\/product_brand?post=36751"},{"taxonomy":"product_cat","embeddable":true,"href":"https:\/\/nordicmart.andreevmaster.com\/fi\/wp-json\/wp\/v2\/product_cat?post=36751"},{"taxonomy":"product_tag","embeddable":true,"href":"https:\/\/nordicmart.andreevmaster.com\/fi\/wp-json\/wp\/v2\/product_tag?post=36751"}],"curies":[{"name":"wp","href":"https:\/\/api.w.org\/{rel}","templated":true}]}}