{"id":36750,"date":"2026-02-27T00:35:48","date_gmt":"2026-02-27T00:35:48","guid":{"rendered":"https:\/\/nordicmart.andreevmaster.com\/product\/saastopossu-tynnyri-dnu-001\/"},"modified":"2026-02-27T09:53:15","modified_gmt":"2026-02-27T09:53:15","slug":"saastopossu-tynnyri-dnu-001","status":"publish","type":"product","link":"https:\/\/nordicmart.andreevmaster.com\/fi\/tuote\/saastopossu-tynnyri-dnu-001\/","title":{"rendered":"S\u00e4\u00e4st\u00f6possu &#8211; Tynnyri &#8211; DNU-001"},"content":{"rendered":"<p>S\u00e4\u00e4st\u00f6possu &#8211; Tynnyri &#8211; DNU-001&nbsp;&nbsp;Tynnyrin muotoinen puinen s\u00e4\u00e4st\u00f6possu on loistava lahjaidea lapselle. Se tukee s\u00e4\u00e4st\u00e4misen oppimista ja auttaa toteuttamaan unelmia.&nbsp;Tynnyrin muotoinen puinen s\u00e4\u00e4st\u00f6possu, jossa on tyylikk\u00e4\u00e4t messinkiset kiinnikkeet, ei ole vain k\u00e4yt\u00e4nn\u00f6llinen, sill\u00e4 se pit\u00e4\u00e4 s\u00e4\u00e4st\u00f6t turvallisesti tallessa, vaan se on my\u00f6s vieh\u00e4tt\u00e4v\u00e4 sisustuselementti, joka lis\u00e4\u00e4 l\u00e4mp\u00f6\u00e4 ja nostalgiaa ymp\u00e4r\u00f6iv\u00e4\u00e4n sisustukseen. Sen huolellisesti suunniteltu muotoilu yhdist\u00e4\u00e4 toiminnallisuuden ja esteettisyyden luoden ainutlaatuisen aksentin, joka voi korostaa mit\u00e4 tahansa huonetta.&nbsp;T\u00e4m\u00e4 tynnyrin muotoinen s\u00e4\u00e4st\u00f6possu on valmistettu puusta ja messingist\u00e4. Se on monik\u00e4ytt\u00f6inen s\u00e4\u00e4st\u00f6possu. Voit avata ruuvimeisselill\u00e4 pohjassa olevat ruuvit ja ottaa rahat pois.&nbsp;&nbsp;Tuotetiedot:&nbsp;Korkeus: 13 cmMateriaali: puu, messinkiset osat.Ruuvimeisselill\u00e4 voit avata s\u00e4\u00e4st\u00f6possun pohjan ja ottaa rahat pois.Voidaan k\u00e4ytt\u00e4\u00e4 monta kertaa.&nbsp;<\/p>\n","protected":false},"excerpt":{"rendered":"<p>S\u00e4\u00e4st\u00f6possu &#8211; Tynnyri &#8211; DNU-001&nbsp;&nbsp;Tynnyrin muotoinen puinen s\u00e4\u00e4st\u00f6possu on loistava lahjaidea lapselle. Se tukee s\u00e4\u00e4st\u00e4misen oppimista ja auttaa toteuttamaan unelmia.&nbsp;Tynnyrin muotoinen puinen s\u00e4\u00e4st\u00f6possu, jossa on tyylikk\u00e4\u00e4t messinkiset kiinnikkeet, ei ole vain k\u00e4yt\u00e4nn\u00f6llinen, sill\u00e4 se pit\u00e4\u00e4 s\u00e4\u00e4st\u00f6t turvallisesti tallessa, vaan se on my\u00f6s vieh\u00e4tt\u00e4v\u00e4 sisustuselementti, joka lis\u00e4\u00e4 l\u00e4mp\u00f6\u00e4 ja nostalgiaa ymp\u00e4r\u00f6iv\u00e4\u00e4n sisustukseen. Sen huolellisesti suunniteltu muotoilu [&hellip;]<\/p>\n","protected":false},"featured_media":44930,"comment_status":"open","ping_status":"closed","template":"","meta":[],"product_brand":[],"product_cat":[32],"product_tag":[],"class_list":{"0":"post-36750","1":"product","2":"type-product","3":"status-publish","4":"has-post-thumbnail","6":"product_cat-uncategorized-fi","8":"first","9":"instock","10":"shipping-taxable","11":"purchasable","12":"product-type-simple"},"_links":{"self":[{"href":"https:\/\/nordicmart.andreevmaster.com\/fi\/wp-json\/wp\/v2\/product\/36750","targetHints":{"allow":["GET"]}}],"collection":[{"href":"https:\/\/nordicmart.andreevmaster.com\/fi\/wp-json\/wp\/v2\/product"}],"about":[{"href":"https:\/\/nordicmart.andreevmaster.com\/fi\/wp-json\/wp\/v2\/types\/product"}],"replies":[{"embeddable":true,"href":"https:\/\/nordicmart.andreevmaster.com\/fi\/wp-json\/wp\/v2\/comments?post=36750"}],"wp:featuredmedia":[{"embeddable":true,"href":"https:\/\/nordicmart.andreevmaster.com\/fi\/wp-json\/wp\/v2\/media\/44930"}],"wp:attachment":[{"href":"https:\/\/nordicmart.andreevmaster.com\/fi\/wp-json\/wp\/v2\/media?parent=36750"}],"wp:term":[{"taxonomy":"product_brand","embeddable":true,"href":"https:\/\/nordicmart.andreevmaster.com\/fi\/wp-json\/wp\/v2\/product_brand?post=36750"},{"taxonomy":"product_cat","embeddable":true,"href":"https:\/\/nordicmart.andreevmaster.com\/fi\/wp-json\/wp\/v2\/product_cat?post=36750"},{"taxonomy":"product_tag","embeddable":true,"href":"https:\/\/nordicmart.andreevmaster.com\/fi\/wp-json\/wp\/v2\/product_tag?post=36750"}],"curies":[{"name":"wp","href":"https:\/\/api.w.org\/{rel}","templated":true}]}}