{"id":36749,"date":"2026-02-27T00:35:48","date_gmt":"2026-02-27T00:35:48","guid":{"rendered":"https:\/\/nordicmart.andreevmaster.com\/product\/woopie-green-mega-farm-animal-figures-stable-barn-chicken-coop-18-kpl\/"},"modified":"2026-02-27T09:53:15","modified_gmt":"2026-02-27T09:53:15","slug":"woopie-green-mega-farm-animal-figures-stable-barn-chicken-coop-18-kpl","status":"publish","type":"product","link":"https:\/\/nordicmart.andreevmaster.com\/fi\/tuote\/woopie-green-mega-farm-animal-figures-stable-barn-chicken-coop-18-kpl\/","title":{"rendered":"WOOPIE GREEN Mega Farm Animal Figures Stable Barn Chicken Coop 18 kpl."},"content":{"rendered":"<p>WOOPIE GREEN \u2013 Mega Farm \u2013 Oma maatila kotona!<\/p>\n<p>WOOPIE GREEN Mega Farm on sarja, joka vie lapsesi suoraan maaseudulle \u2013 el\u00e4inten, luonnon ja maanviljelij\u00e4n p\u00e4ivitt\u00e4isten teht\u00e4vien maailmaan! Realististen hahmojen ja rakennusten, kuten tallin, navetan ja kanalan, ansiosta lapsesi voi luoda oman maatilansa ja leikki\u00e4 erilaisia tilanteita. Se on paitsi hauskaa, my\u00f6s oppimista kokemuksen kautta \u2013 luonnosta, el\u00e4imist\u00e4 ja maatilan arjesta.<\/p>\n<p>### Ominaisuudet:<\/p>\n<p>* &#8211; 3-vuotiaille ja sit\u00e4 vanhemmille lapsille<br \/>\n* &#8211; Sarja sis\u00e4lt\u00e4\u00e4 18 kappaletta<br \/>\n* &#8211; Mukana: hevonen, kana, sika, lammas, koira, ankka, puu, hein\u00e4 ja muita lis\u00e4varusteita<br \/>\n* &#8211; Rakennukset: lato, kanala, talli, lampi<br \/>\n* &#8211; Roolileikki \u2013 lapsesi voi leikki\u00e4 maanviljelij\u00e4\u00e4<br \/>\n* &#8211; Stimuloi tietoisuutta ymp\u00e4r\u00f6iv\u00e4st\u00e4 maailmasta ja yhteytt\u00e4 luontoon<br \/>\n* &#8211; Helppo koota \u2013 yksinkertainen koota<br \/>\n* &#8211; Ihanteellinen lelu perheen yhteiseen leikkimiseen<\/p>\n<p>### Sarja sis\u00e4lt\u00e4\u00e4:<\/p>\n<p>* &#8211; 6 el\u00e4inhahmoa, mukaan lukien: hevonen, kana, sika, lammas, koira, ankka, puu ja hein\u00e4.* &#8211; 3 puurakennusta (navetta, talli, kanala)<br \/>\n* &#8211; Lampi, puu ja hein\u00e4<br \/>\n* &#8211; Muita maatilan tarvikkeita<\/p>\n<p>### Lelu kehitt\u00e4\u00e4:<\/p>\n<p>* &#8211; Mielikuvitusta ja luovuutta \u2013 lapset luovat omia tarinoitaan ja skenaarioitaan ja hoitavat maatilaa omien s\u00e4\u00e4nt\u00f6jens\u00e4 mukaan<br \/>\n* &#8211; K\u00e4sien motoriikkaa \u2013 sarjan osien k\u00e4sittely tukee hienomotoriikkaa ja tarkkoja liikkeit\u00e4<br \/>\n* &#8211; K\u00e4sien ja silmien koordinaatiota \u2013 el\u00e4inten sijoittaminen, maatilan rakentaminen ja tilan hallinta kehitt\u00e4v\u00e4t motorisia taitoja<br \/>\n* &#8211; Luonnontuntemusta \u2013 lapset oppivat el\u00e4inlajeista, niiden elinymp\u00e4rist\u00f6ist\u00e4 ja tarpeista, mik\u00e4 opettaa heille empatiaa ja huolenpitoa ymp\u00e4rist\u00f6\u00e4\u00e4n kohtaan<\/p>\n","protected":false},"excerpt":{"rendered":"<p>WOOPIE GREEN \u2013 Mega Farm \u2013 Oma maatila kotona! WOOPIE GREEN Mega Farm on sarja, joka vie lapsesi suoraan maaseudulle \u2013 el\u00e4inten, luonnon ja maanviljelij\u00e4n p\u00e4ivitt\u00e4isten teht\u00e4vien maailmaan! Realististen hahmojen ja rakennusten, kuten tallin, navetan ja kanalan, ansiosta lapsesi voi luoda oman maatilansa ja leikki\u00e4 erilaisia tilanteita. Se on paitsi hauskaa, my\u00f6s oppimista kokemuksen kautta [&hellip;]<\/p>\n","protected":false},"featured_media":0,"comment_status":"open","ping_status":"closed","template":"","meta":[],"product_brand":[],"product_cat":[32],"product_tag":[],"class_list":{"0":"post-36749","1":"product","2":"type-product","3":"status-publish","5":"product_cat-uncategorized-fi","7":"first","8":"instock","9":"shipping-taxable","10":"purchasable","11":"product-type-simple"},"_links":{"self":[{"href":"https:\/\/nordicmart.andreevmaster.com\/fi\/wp-json\/wp\/v2\/product\/36749","targetHints":{"allow":["GET"]}}],"collection":[{"href":"https:\/\/nordicmart.andreevmaster.com\/fi\/wp-json\/wp\/v2\/product"}],"about":[{"href":"https:\/\/nordicmart.andreevmaster.com\/fi\/wp-json\/wp\/v2\/types\/product"}],"replies":[{"embeddable":true,"href":"https:\/\/nordicmart.andreevmaster.com\/fi\/wp-json\/wp\/v2\/comments?post=36749"}],"wp:attachment":[{"href":"https:\/\/nordicmart.andreevmaster.com\/fi\/wp-json\/wp\/v2\/media?parent=36749"}],"wp:term":[{"taxonomy":"product_brand","embeddable":true,"href":"https:\/\/nordicmart.andreevmaster.com\/fi\/wp-json\/wp\/v2\/product_brand?post=36749"},{"taxonomy":"product_cat","embeddable":true,"href":"https:\/\/nordicmart.andreevmaster.com\/fi\/wp-json\/wp\/v2\/product_cat?post=36749"},{"taxonomy":"product_tag","embeddable":true,"href":"https:\/\/nordicmart.andreevmaster.com\/fi\/wp-json\/wp\/v2\/product_tag?post=36749"}],"curies":[{"name":"wp","href":"https:\/\/api.w.org\/{rel}","templated":true}]}}