{"id":36748,"date":"2026-02-27T00:35:48","date_gmt":"2026-02-27T00:35:48","guid":{"rendered":"https:\/\/nordicmart.andreevmaster.com\/product\/woopie-iso-kuorma-auton-kokoonpanosarja-lisavarusteet-61-kpl\/"},"modified":"2026-02-27T09:53:15","modified_gmt":"2026-02-27T09:53:15","slug":"woopie-iso-kuorma-auton-kokoonpanosarja-lisavarusteet-61-kpl","status":"publish","type":"product","link":"https:\/\/nordicmart.andreevmaster.com\/fi\/tuote\/woopie-iso-kuorma-auton-kokoonpanosarja-lisavarusteet-61-kpl\/","title":{"rendered":"WOOPIE Iso kuorma-auton kokoonpanosarja + lis\u00e4varusteet 61 kpl."},"content":{"rendered":"<p>Lelu, joka j\u00e4ljittelee WOOPIE-kuorma-auton etuosaa, jossa on nostettava konepelti, ohjauspy\u00f6r\u00e4 ja kojelauta. Avaamalla ohjauspy\u00f6r\u00e4n alla olevan lokeron lapsi l\u00f6yt\u00e4\u00e4 sis\u00e4lt\u00e4 paljon kiinnostavia asioita, kuten ty\u00f6kaluja, nuppeja ja ruuveja. Nuoret mekaanikot voivat suorittaa ajoneuvoonsa monia korjauksia ja tarkastuksia (esim. py\u00f6r\u00e4t, lokasuojat, moottori, sytytystulpat, j\u00e4\u00e4hdyttimen s\u00e4leikk\u00f6). Lelu on varustettu \u00e4\u00e4nimoduulilla (moottorin ja \u00e4\u00e4nimerkin \u00e4\u00e4net) ja valomoduulilla (ajovalot). Lis\u00e4ksi sarjaan kuuluu kaukos\u00e4\u00e4din moduulien ohjaamiseen. Lelussa mukana olevalla tunkilla voi irrottaa py\u00f6r\u00e4t. T\u00e4m\u00e4 on ehdottomasti ainutlaatuinen sarja, joka tarjoaa lukemattomia mahdollisuuksia hauskanpitoon. Ominaisuudet: * &#8211; tarkoitettu 3-vuotiaille ja sit\u00e4 vanhemmille lapsille,* &#8211; korkealaatuinen valmistus takaa osien kest\u00e4vyyden ja lasten turvallisen k\u00e4yt\u00f6n,<br \/>\n* &#8211; lelu j\u00e4ljittelee tehokkaasti kuorma-auton etuosaa, jossa on nostettava konepelti, ohjauspy\u00f6r\u00e4 ja kojelauta,<br \/>\n* &#8211; konepellin alla on paljon osia, joita voi koota ja purkaa,<br \/>\n* &#8211; ohjauspy\u00f6r\u00e4n alla olevassa s\u00e4ilytyslokerossa on ty\u00f6kaluja,* &#8211; traktorissa voidaan korjata ja tarkastaa muun muassa moottori, sytytystulpat, j\u00e4\u00e4hdyttimen s\u00e4leikk\u00f6 ja py\u00f6r\u00e4t,<br \/>\n* &#8211; sarjaan kuuluu kaukos\u00e4\u00e4din valo- ja \u00e4\u00e4nimoduulien ohjaamiseen,<br \/>\n* &#8211; moottorin \u00e4\u00e4net, \u00e4\u00e4nimerkki ja hehkuvat ajovalot tuovat lis\u00e4 vaihtelua leikkiin,<br \/>\n* &#8211; sarjaan kuuluvan tunkin avulla py\u00f6r\u00e4t on helppo irrottaa.<\/p>\n<p>Sarja sis\u00e4lt\u00e4\u00e4 61 osaa, mukaan lukien:<\/p>\n<p>* &#8211; auton etuosan korjausta varten,<br \/>\n* &#8211; py\u00f6r\u00e4t + p\u00f6lykapselit,<br \/>\n* &#8211; ruuvit,<br \/>\n* &#8211; ty\u00f6kalut,<br \/>\n* &#8211; kaukos\u00e4\u00e4din\/avain,<br \/>\n* &#8211; erilaisia moottorin osia ja monia muita.<\/p>\n<p>Woopie-lelujen tavoitteena on tuoda iloa lapsille! Laajasta tuotevalikoimastaan Woopie tarjoaa karnevaaliasuja ja naamiaisasuja lapsille sek\u00e4 riippukeinuja, vaahtomuovileikkikaluja, erilaisia puutarhaleikkikaluja ja paljon muuta! Anna hauskanpidon vied\u00e4 sinut mukanaan \u2013 anna Woopie vied\u00e4 sinut mukanaan!<\/p>\n","protected":false},"excerpt":{"rendered":"<p>Lelu, joka j\u00e4ljittelee WOOPIE-kuorma-auton etuosaa, jossa on nostettava konepelti, ohjauspy\u00f6r\u00e4 ja kojelauta. Avaamalla ohjauspy\u00f6r\u00e4n alla olevan lokeron lapsi l\u00f6yt\u00e4\u00e4 sis\u00e4lt\u00e4 paljon kiinnostavia asioita, kuten ty\u00f6kaluja, nuppeja ja ruuveja. Nuoret mekaanikot voivat suorittaa ajoneuvoonsa monia korjauksia ja tarkastuksia (esim. py\u00f6r\u00e4t, lokasuojat, moottori, sytytystulpat, j\u00e4\u00e4hdyttimen s\u00e4leikk\u00f6). Lelu on varustettu \u00e4\u00e4nimoduulilla (moottorin ja \u00e4\u00e4nimerkin \u00e4\u00e4net) ja valomoduulilla (ajovalot). [&hellip;]<\/p>\n","protected":false},"featured_media":0,"comment_status":"open","ping_status":"closed","template":"","meta":[],"product_brand":[],"product_cat":[32],"product_tag":[],"class_list":{"0":"post-36748","1":"product","2":"type-product","3":"status-publish","5":"product_cat-uncategorized-fi","7":"first","8":"instock","9":"shipping-taxable","10":"purchasable","11":"product-type-simple"},"_links":{"self":[{"href":"https:\/\/nordicmart.andreevmaster.com\/fi\/wp-json\/wp\/v2\/product\/36748","targetHints":{"allow":["GET"]}}],"collection":[{"href":"https:\/\/nordicmart.andreevmaster.com\/fi\/wp-json\/wp\/v2\/product"}],"about":[{"href":"https:\/\/nordicmart.andreevmaster.com\/fi\/wp-json\/wp\/v2\/types\/product"}],"replies":[{"embeddable":true,"href":"https:\/\/nordicmart.andreevmaster.com\/fi\/wp-json\/wp\/v2\/comments?post=36748"}],"wp:attachment":[{"href":"https:\/\/nordicmart.andreevmaster.com\/fi\/wp-json\/wp\/v2\/media?parent=36748"}],"wp:term":[{"taxonomy":"product_brand","embeddable":true,"href":"https:\/\/nordicmart.andreevmaster.com\/fi\/wp-json\/wp\/v2\/product_brand?post=36748"},{"taxonomy":"product_cat","embeddable":true,"href":"https:\/\/nordicmart.andreevmaster.com\/fi\/wp-json\/wp\/v2\/product_cat?post=36748"},{"taxonomy":"product_tag","embeddable":true,"href":"https:\/\/nordicmart.andreevmaster.com\/fi\/wp-json\/wp\/v2\/product_tag?post=36748"}],"curies":[{"name":"wp","href":"https:\/\/api.w.org\/{rel}","templated":true}]}}