{"id":36747,"date":"2026-02-27T00:35:48","date_gmt":"2026-02-27T00:35:48","guid":{"rendered":"https:\/\/nordicmart.andreevmaster.com\/product\/smoby-garden-grill-for-children-barbecue-18-lisavarusteita\/"},"modified":"2026-02-27T09:53:15","modified_gmt":"2026-02-27T09:53:15","slug":"smoby-garden-grill-for-children-barbecue-18-lisavarusteita","status":"publish","type":"product","link":"https:\/\/nordicmart.andreevmaster.com\/fi\/tuote\/smoby-garden-grill-for-children-barbecue-18-lisavarusteita\/","title":{"rendered":"SMOBY Garden Grill for Children Barbecue 18 lis\u00e4varusteita"},"content":{"rendered":"<p>Lapset rakastavat viett\u00e4\u00e4 aikaa ulkona. He rakastavat my\u00f6s ruoanlaittoa. Miksi siis ei yhdist\u00e4\u00e4 n\u00e4it\u00e4 kahta nautintoa?<\/p>\n<p>Grilli on t\u00e4h\u00e4n t\u00e4ydellinen. Kun s\u00e4\u00e4 on hyv\u00e4, viet\u00e4mme yleens\u00e4 paljon aikaa ulkona. On t\u00e4rke\u00e4\u00e4 pit\u00e4\u00e4 lapset kiireisin\u00e4. Grilli tekee heid\u00e4n leikeist\u00e4\u00e4n j\u00e4nnitt\u00e4v\u00e4mpi\u00e4 \u2013 he voivat valmistaa hampurilaisia yst\u00e4villeen ja kebabeja vanhemmilleen.<\/p>\n<p>Ominaisuudet:<\/p>\n<p>* &#8211; grilliss\u00e4 on kaksi py\u00f6r\u00e4\u00e4, joten lapset voivat siirt\u00e4\u00e4 sit\u00e4 helposti,<br \/>\n* &#8211; siin\u00e4 on grilli, jonka puolet on k\u00e4tev\u00e4 uunipelti,<br \/>\n* &#8211; kahden sivussa olevan hyllyn ansiosta voit asettaa valmistettavan ruoan tai tarvittavat tarvikkeet turvallisesti,<br \/>\n* &#8211; sarjaan kuuluu per\u00e4ti 18 tarviketta,* &#8211; vartaita ja hampurilaisia, joita lapset voivat koota mielens\u00e4 mukaan,<br \/>\n* &#8211; grillipihdit,<br \/>\n* &#8211; sytytin, joka antaa \u00e4\u00e4nen sytytetess\u00e4,<br \/>\n* &#8211; oranssit liekit j\u00e4ljittelev\u00e4t tulta,<br \/>\n* &#8211; nupit antavat \u00e4\u00e4nen k\u00e4\u00e4nnett\u00e4ess\u00e4,<br \/>\n* &#8211; grillin etuosassa on koukut tarvittavien ty\u00f6kalujen ripustamista varten.<\/p>\n","protected":false},"excerpt":{"rendered":"<p>Lapset rakastavat viett\u00e4\u00e4 aikaa ulkona. He rakastavat my\u00f6s ruoanlaittoa. Miksi siis ei yhdist\u00e4\u00e4 n\u00e4it\u00e4 kahta nautintoa? Grilli on t\u00e4h\u00e4n t\u00e4ydellinen. Kun s\u00e4\u00e4 on hyv\u00e4, viet\u00e4mme yleens\u00e4 paljon aikaa ulkona. On t\u00e4rke\u00e4\u00e4 pit\u00e4\u00e4 lapset kiireisin\u00e4. Grilli tekee heid\u00e4n leikeist\u00e4\u00e4n j\u00e4nnitt\u00e4v\u00e4mpi\u00e4 \u2013 he voivat valmistaa hampurilaisia yst\u00e4villeen ja kebabeja vanhemmilleen. Ominaisuudet: * &#8211; grilliss\u00e4 on kaksi py\u00f6r\u00e4\u00e4, [&hellip;]<\/p>\n","protected":false},"featured_media":0,"comment_status":"open","ping_status":"closed","template":"","meta":[],"product_brand":[],"product_cat":[32],"product_tag":[],"class_list":{"0":"post-36747","1":"product","2":"type-product","3":"status-publish","5":"product_cat-uncategorized-fi","7":"first","8":"instock","9":"shipping-taxable","10":"purchasable","11":"product-type-simple"},"_links":{"self":[{"href":"https:\/\/nordicmart.andreevmaster.com\/fi\/wp-json\/wp\/v2\/product\/36747","targetHints":{"allow":["GET"]}}],"collection":[{"href":"https:\/\/nordicmart.andreevmaster.com\/fi\/wp-json\/wp\/v2\/product"}],"about":[{"href":"https:\/\/nordicmart.andreevmaster.com\/fi\/wp-json\/wp\/v2\/types\/product"}],"replies":[{"embeddable":true,"href":"https:\/\/nordicmart.andreevmaster.com\/fi\/wp-json\/wp\/v2\/comments?post=36747"}],"wp:attachment":[{"href":"https:\/\/nordicmart.andreevmaster.com\/fi\/wp-json\/wp\/v2\/media?parent=36747"}],"wp:term":[{"taxonomy":"product_brand","embeddable":true,"href":"https:\/\/nordicmart.andreevmaster.com\/fi\/wp-json\/wp\/v2\/product_brand?post=36747"},{"taxonomy":"product_cat","embeddable":true,"href":"https:\/\/nordicmart.andreevmaster.com\/fi\/wp-json\/wp\/v2\/product_cat?post=36747"},{"taxonomy":"product_tag","embeddable":true,"href":"https:\/\/nordicmart.andreevmaster.com\/fi\/wp-json\/wp\/v2\/product_tag?post=36747"}],"curies":[{"name":"wp","href":"https:\/\/api.w.org\/{rel}","templated":true}]}}