{"id":36746,"date":"2026-02-27T00:35:47","date_gmt":"2026-02-27T00:35:47","guid":{"rendered":"https:\/\/nordicmart.andreevmaster.com\/product\/smoby-mini-tefal-studio-bubble-xl-keittio-34-lisavarustetta\/"},"modified":"2026-02-27T09:53:14","modified_gmt":"2026-02-27T09:53:14","slug":"smoby-mini-tefal-studio-bubble-xl-keittio-34-lisavarustetta","status":"publish","type":"product","link":"https:\/\/nordicmart.andreevmaster.com\/fi\/tuote\/smoby-mini-tefal-studio-bubble-xl-keittio-34-lisavarustetta\/","title":{"rendered":"SMOBY Mini Tefal Studio Bubble XL -keitti\u00f6 + 34 lis\u00e4varustetta"},"content":{"rendered":"<p>T\u00e4m\u00e4 on t\u00e4ydellinen setti leikkikeitti\u00f6\u00f6n. Setti sis\u00e4lt\u00e4\u00e4 kaikki tarvittavat v\u00e4lineet ja ominaisuudet, joiden avulla lapset voivat j\u00e4ljitell\u00e4 arkiel\u00e4m\u00e4ss\u00e4 n\u00e4kem\u00e4\u00e4ns\u00e4 toimintaa, jota he niin innokkaasti haluavat matkia. Leikkikeitti\u00f6 antaa lapsille itsen\u00e4isyyden tunteen, kehitt\u00e4\u00e4 heid\u00e4n mielikuvitustaan ja luovuuttaan sek\u00e4 tarjoaa ryhm\u00e4ymp\u00e4rist\u00f6ss\u00e4 mahdollisuuden rakentaa sosiaalisia vuorovaikutussuhteita.Ominaisuudet:<\/p>\n<p>* &#8211; Tefal-lisensoitu lasten keitti\u00f6,<br \/>\n* &#8211; elektroninen keitti\u00f6, jossa on taikapannu \u2013 kaada vett\u00e4, paina nappia ja katso, kun oikeat kuplat ilmestyv\u00e4t,<br \/>\n* &#8211; keitti\u00f6ss\u00e4 on ty\u00f6taso, pesuallas, kapselikahvinkeitin, soodakone, j\u00e4\u00e4kaappi, uuni, astianpesukone ja hyllyt,<br \/>\n* &#8211; uunin &#8221;ohjausnupit&#8221;,* &#8211; uunissa ja j\u00e4\u00e4kaapissa on avautuvat ovet,<br \/>\n* &#8211; astianpesukoneessa on astiateline,<br \/>\n* &#8211; soodakoneesta kuuluu tyypillinen &#8221;cric cric&#8221; -\u00e4\u00e4ni,<br \/>\n* &#8211; sarjaan kuuluu 34 lis\u00e4varustetta &#8211; kattila kannella, pannukakkupannu, suola- ja pippurimylly, 2 lautasta, 2 haarukkaa, 2 veist\u00e4, 2 teelusikkaa, 2 mukia, 2 lasia, 3 kapselia, 3 keitti\u00f6v\u00e4linett\u00e4, astianj\u00e4rjestin, elintarvikkeet,<br \/>\n* &#8211; ty\u00f6taso on 50 cm korkea,<br \/>\n* &#8211; tarvittavat paristot &#8211; 3 x 1,5 V LK03\/ AAA (ei sis\u00e4lly toimitukseen).<\/p>\n","protected":false},"excerpt":{"rendered":"<p>T\u00e4m\u00e4 on t\u00e4ydellinen setti leikkikeitti\u00f6\u00f6n. Setti sis\u00e4lt\u00e4\u00e4 kaikki tarvittavat v\u00e4lineet ja ominaisuudet, joiden avulla lapset voivat j\u00e4ljitell\u00e4 arkiel\u00e4m\u00e4ss\u00e4 n\u00e4kem\u00e4\u00e4ns\u00e4 toimintaa, jota he niin innokkaasti haluavat matkia. Leikkikeitti\u00f6 antaa lapsille itsen\u00e4isyyden tunteen, kehitt\u00e4\u00e4 heid\u00e4n mielikuvitustaan ja luovuuttaan sek\u00e4 tarjoaa ryhm\u00e4ymp\u00e4rist\u00f6ss\u00e4 mahdollisuuden rakentaa sosiaalisia vuorovaikutussuhteita.Ominaisuudet: * &#8211; Tefal-lisensoitu lasten keitti\u00f6, * &#8211; elektroninen keitti\u00f6, jossa on taikapannu [&hellip;]<\/p>\n","protected":false},"featured_media":0,"comment_status":"open","ping_status":"closed","template":"","meta":[],"product_brand":[],"product_cat":[32],"product_tag":[],"class_list":{"0":"post-36746","1":"product","2":"type-product","3":"status-publish","5":"product_cat-uncategorized-fi","7":"first","8":"instock","9":"shipping-taxable","10":"purchasable","11":"product-type-simple"},"_links":{"self":[{"href":"https:\/\/nordicmart.andreevmaster.com\/fi\/wp-json\/wp\/v2\/product\/36746","targetHints":{"allow":["GET"]}}],"collection":[{"href":"https:\/\/nordicmart.andreevmaster.com\/fi\/wp-json\/wp\/v2\/product"}],"about":[{"href":"https:\/\/nordicmart.andreevmaster.com\/fi\/wp-json\/wp\/v2\/types\/product"}],"replies":[{"embeddable":true,"href":"https:\/\/nordicmart.andreevmaster.com\/fi\/wp-json\/wp\/v2\/comments?post=36746"}],"wp:attachment":[{"href":"https:\/\/nordicmart.andreevmaster.com\/fi\/wp-json\/wp\/v2\/media?parent=36746"}],"wp:term":[{"taxonomy":"product_brand","embeddable":true,"href":"https:\/\/nordicmart.andreevmaster.com\/fi\/wp-json\/wp\/v2\/product_brand?post=36746"},{"taxonomy":"product_cat","embeddable":true,"href":"https:\/\/nordicmart.andreevmaster.com\/fi\/wp-json\/wp\/v2\/product_cat?post=36746"},{"taxonomy":"product_tag","embeddable":true,"href":"https:\/\/nordicmart.andreevmaster.com\/fi\/wp-json\/wp\/v2\/product_tag?post=36746"}],"curies":[{"name":"wp","href":"https:\/\/api.w.org\/{rel}","templated":true}]}}