{"id":36745,"date":"2026-02-27T00:35:47","date_gmt":"2026-02-27T00:35:47","guid":{"rendered":"https:\/\/nordicmart.andreevmaster.com\/product\/woopie-baby-yksittainen-puutarhakeinu-lapsille\/"},"modified":"2026-02-27T09:53:14","modified_gmt":"2026-02-27T09:53:14","slug":"woopie-baby-yksittainen-puutarhakeinu-lapsille","status":"publish","type":"product","link":"https:\/\/nordicmart.andreevmaster.com\/fi\/tuote\/woopie-baby-yksittainen-puutarhakeinu-lapsille\/","title":{"rendered":"WOOPIE BABY Yksitt\u00e4inen puutarhakeinu lapsille"},"content":{"rendered":"<p>Woopie 3-in-1 -keinu tarjoaa hauskaa puuhaa jo pienest\u00e4 pit\u00e4en! Yksitt\u00e4isess\u00e4 keinussa on vakaa, tukeva ja kest\u00e4v\u00e4 jalusta, jossa on turvallisuusominaisuudet jaloille. Suunnittelunsa ansiosta keinu sopii sek\u00e4 sis\u00e4- ett\u00e4 ulkok\u00e4ytt\u00f6\u00f6n. Irrotettavan jalkapeitteen ja irrotettavan selk\u00e4nojan ansiosta keinu sopii my\u00f6s vanhemmille lapsille. Tuotteella on kolme k\u00e4ytt\u00f6tapaa: keinu lapsille selk\u00e4nojan ja jalkapeitteen kanssa, keinu selk\u00e4nojan kanssa tai keinu ilman selk\u00e4nojaa. Lapsen kasvaessa keinun osat voidaan helposti irrottaa \u2013 keinu kasvaa lapsen mukana! Turvavy\u00f6t takaavat turvallisen leikin, ja liikkuvat osat kehitt\u00e4v\u00e4t k\u00e4den liikkeit\u00e4. Istuimen et\u00e4isyys maasta on 35 cm. Keinuminen vaikuttaa my\u00f6nteisesti lapsen motoristen taitojen kehitykseen ja on t\u00e4ydellinen lelu aktiiviseen leikkiin!<\/p>\n<p>Ominaisuudet:<\/p>\n<p>* 3 k\u00e4ytt\u00f6tapaa irrotettavan jalkapeitteen ja irrotettavan selk\u00e4nojan ansiosta,<br \/>\n* Istuimen et\u00e4isyys maasta: 35 cm,<br \/>\n* valmistettu lapsille sopivasta, turvallisesta ja kest\u00e4v\u00e4st\u00e4 materiaalista,<br \/>\n* kehitt\u00e4\u00e4 lasten karkeamotorisia taitoja (jalkojen lihasten kehityst\u00e4), hienomotorisia taitoja (k\u00e4sien liikkeit\u00e4), tasapainoa ja koordinaatiota,<br \/>\n* k\u00e4ytett\u00e4v\u00e4ksi kotona ja ulkona.<\/p>\n<p>Woopie on yksi Euroopan johtavista muovilelujen valmistajista. Mochtoys-tuotteita myyd\u00e4\u00e4n menestyksekk\u00e4\u00e4sti kotimarkkinoilla ja kaikkialla Euroopassa.<\/p>\n<p>Woopie-lelujen tavoitteena on tuoda iloa lapsille! Laajasta tuotevalikoimastaan Woopie tarjoaa karnevaaliasuja ja naamiaisasuja lapsille sek\u00e4 riippukeinuja, vaahtomuovileikkikaluja, erilaisia puutarhaleikkikaluja ja paljon muuta! Anna hauskanpidon vied\u00e4 sinut mukanaan \u2013 anna Woopie vied\u00e4 sinut mukanaan!<\/p>\n","protected":false},"excerpt":{"rendered":"<p>Woopie 3-in-1 -keinu tarjoaa hauskaa puuhaa jo pienest\u00e4 pit\u00e4en! Yksitt\u00e4isess\u00e4 keinussa on vakaa, tukeva ja kest\u00e4v\u00e4 jalusta, jossa on turvallisuusominaisuudet jaloille. Suunnittelunsa ansiosta keinu sopii sek\u00e4 sis\u00e4- ett\u00e4 ulkok\u00e4ytt\u00f6\u00f6n. Irrotettavan jalkapeitteen ja irrotettavan selk\u00e4nojan ansiosta keinu sopii my\u00f6s vanhemmille lapsille. Tuotteella on kolme k\u00e4ytt\u00f6tapaa: keinu lapsille selk\u00e4nojan ja jalkapeitteen kanssa, keinu selk\u00e4nojan kanssa tai keinu [&hellip;]<\/p>\n","protected":false},"featured_media":0,"comment_status":"open","ping_status":"closed","template":"","meta":[],"product_brand":[],"product_cat":[32],"product_tag":[],"class_list":{"0":"post-36745","1":"product","2":"type-product","3":"status-publish","5":"product_cat-uncategorized-fi","7":"first","8":"instock","9":"shipping-taxable","10":"purchasable","11":"product-type-simple"},"_links":{"self":[{"href":"https:\/\/nordicmart.andreevmaster.com\/fi\/wp-json\/wp\/v2\/product\/36745","targetHints":{"allow":["GET"]}}],"collection":[{"href":"https:\/\/nordicmart.andreevmaster.com\/fi\/wp-json\/wp\/v2\/product"}],"about":[{"href":"https:\/\/nordicmart.andreevmaster.com\/fi\/wp-json\/wp\/v2\/types\/product"}],"replies":[{"embeddable":true,"href":"https:\/\/nordicmart.andreevmaster.com\/fi\/wp-json\/wp\/v2\/comments?post=36745"}],"wp:attachment":[{"href":"https:\/\/nordicmart.andreevmaster.com\/fi\/wp-json\/wp\/v2\/media?parent=36745"}],"wp:term":[{"taxonomy":"product_brand","embeddable":true,"href":"https:\/\/nordicmart.andreevmaster.com\/fi\/wp-json\/wp\/v2\/product_brand?post=36745"},{"taxonomy":"product_cat","embeddable":true,"href":"https:\/\/nordicmart.andreevmaster.com\/fi\/wp-json\/wp\/v2\/product_cat?post=36745"},{"taxonomy":"product_tag","embeddable":true,"href":"https:\/\/nordicmart.andreevmaster.com\/fi\/wp-json\/wp\/v2\/product_tag?post=36745"}],"curies":[{"name":"wp","href":"https:\/\/api.w.org\/{rel}","templated":true}]}}